{"id":21788,"date":"2025-04-10T12:10:34","date_gmt":"2025-04-10T10:10:34","guid":{"rendered":"https:\/\/myspainfood.com\/producto\/sardinilla-25-35-areoso-oliivioljyssa-120-gr-120gr\/"},"modified":"2025-04-10T12:10:34","modified_gmt":"2025-04-10T10:10:34","slug":"sardinilla-25-35-areoso-oliivioljyssa-120-gr-120gr","status":"publish","type":"product","link":"https:\/\/myspainfood.com\/fi\/producto\/sardinilla-25-35-areoso-oliivioljyssa-120-gr-120gr\/","title":{"rendered":"Sardinilla 25\/35 Areoso oliivi\u00f6ljyss\u00e4 120 gr 120gr"},"content":{"rendered":"<p>Tuote: Sardiinit oliivi\u00f6ljyss\u00e4 25\/35 kpl<\/p>\n<p>Tekniset tiedot: Pieni sardiini (Sardina pilchardus) Galician Riasin alueelta, tasakokoinen oliivi\u00f6ljyss\u00e4. K\u00e4sin valikoitu jokaiseen purkkiin. <\/p>\n<p>Ainesosat: Sardiini 73 %, oliivi\u00f6ljy 27 % ja suola.<\/p>\n<p>Tuotantoprosessi: Vaikka sardiini on kala, se on vaativa tuote, ja sen tuotantoprosessi on melko ty\u00f6voimavaltainen. Kun sardiinit saapuvat tehtaalle, ne irrotetaan varovasti p\u00e4ist\u00e4\u00e4n ja perataan, jotta ne eiv\u00e4t rikkoontuisi ja pilaantuisi ulkon\u00e4\u00f6lt\u00e4\u00e4n. T\u00e4m\u00e4n j\u00e4lkeen sardiinit asetetaan ritil\u00f6ille, ne ohitetaan ja upotetaan suolavedess\u00e4 (vesi ja suola), jotta ne saisivat makua ja kiinteytt\u00e4. T\u00e4m\u00e4n j\u00e4lkeen ne paahdetaan perinteisesti ja pakataan k\u00e4sin jokaiseen purkkiin. Kun oliivi\u00f6ljypinnoite on lis\u00e4tty, t\u00f6lkit suljetaan ja steriloidaan, mik\u00e4 on tarkoin valvottu prosessi, joka takaa tuotteen s\u00e4ilyvyyden ja laadun vuosiksi ilman s\u00e4il\u00f6nt\u00e4aineita tai keinotekoisia lis\u00e4aineita. T\u00e4m\u00e4n j\u00e4lkeen t\u00f6lkit ovat valmiita varastointia ja jatkok\u00e4sittely\u00e4 varten.     <\/p>\n","protected":false},"excerpt":{"rendered":"<p>Tuote: Sardiinit oliivi\u00f6ljyss\u00e4 25\/35 kpl Tekniset tiedot: Pieni sardiini (Sardina pilchardus) Galician Riasin alueelta, tasakokoinen oliivi\u00f6ljyss\u00e4. K\u00e4sin valikoitu jokaiseen purkkiin. Ainesosat: Sardiini 73 %, oliivi\u00f6ljy 27 % ja suola. Tuotantoprosessi: Vaikka sardiini on kala, se on vaativa tuote, ja sen tuotantoprosessi on melko ty\u00f6voimavaltainen. Kun sardiinit saapuvat tehtaalle, ne irrotetaan varovasti p\u00e4ist\u00e4\u00e4n ja perataan, jotta [&hellip;]<\/p>\n","protected":false},"featured_media":21796,"template":"","meta":{"_et_pb_use_builder":"","_et_pb_old_content":"","_et_gb_content_width":""},"product_brand":[1358],"product_cat":[1945,3780],"product_tag":[],"class_list":{"0":"post-21788","1":"product","2":"type-product","3":"status-publish","4":"has-post-thumbnail","6":"product_brand-areoso","7":"product_cat-sailyttaa","8":"product_cat-sardinillat","10":"first","11":"outofstock","12":"taxable","13":"shipping-taxable","14":"product-type-variable"},"_links":{"self":[{"href":"https:\/\/myspainfood.com\/fi\/wp-json\/wp\/v2\/product\/21788","targetHints":{"allow":["GET"]}}],"collection":[{"href":"https:\/\/myspainfood.com\/fi\/wp-json\/wp\/v2\/product"}],"about":[{"href":"https:\/\/myspainfood.com\/fi\/wp-json\/wp\/v2\/types\/product"}],"wp:featuredmedia":[{"embeddable":true,"href":"https:\/\/myspainfood.com\/fi\/wp-json\/wp\/v2\/media\/21796"}],"wp:attachment":[{"href":"https:\/\/myspainfood.com\/fi\/wp-json\/wp\/v2\/media?parent=21788"}],"wp:term":[{"taxonomy":"product_brand","embeddable":true,"href":"https:\/\/myspainfood.com\/fi\/wp-json\/wp\/v2\/product_brand?post=21788"},{"taxonomy":"product_cat","embeddable":true,"href":"https:\/\/myspainfood.com\/fi\/wp-json\/wp\/v2\/product_cat?post=21788"},{"taxonomy":"product_tag","embeddable":true,"href":"https:\/\/myspainfood.com\/fi\/wp-json\/wp\/v2\/product_tag?post=21788"}],"curies":[{"name":"wp","href":"https:\/\/api.w.org\/{rel}","templated":true}]}}