{"id":22291,"date":"2025-04-10T12:05:32","date_gmt":"2025-04-10T10:05:32","guid":{"rendered":"https:\/\/myspainfood.com\/producto\/baskimaan-chili\/"},"modified":"2025-04-10T12:05:32","modified_gmt":"2025-04-10T10:05:32","slug":"baskimaan-chili","status":"publish","type":"product","link":"https:\/\/myspainfood.com\/fi\/producto\/baskimaan-chili\/","title":{"rendered":"Baskimaan chili"},"content":{"rendered":"<p>Baskimaan Guindilla-paprikat etikassa antavat <a href=\"https:\/\/es.wikipedia.org\/wiki\/Guindilla_de_Ibarra\" target=\"_blank\" rel=\"noopener noreferrer nofollow\">ruokalajeillemme<\/a> mausteisen kosketuksen, joka tekee niist\u00e4 erottuvia.<\/p>\n<p>T\u00e4m\u00e4 tuote saa suupielet v\u00e4r\u00e4htelem\u00e4\u00e4n, ja sit\u00e4 arvostetaan suuresti muhennosten tai maukkaiden kastikkeiden seurana.<\/p>\n<p>Baskimaan keitti\u00f6n moniin perinteisiin ainesosiin kuuluu piparra-chilipippuri.<\/p>\n<p>Erikoinen chili, sill\u00e4 se ei kirvele juuri lainkaan.<\/p>\n<p>Se sopii hyvin kaikenlaisiin ruokalistoihin, ja my\u00f6s ne, jotka eiv\u00e4t erityisesti pid\u00e4 t\u00e4st\u00e4 mausta, ottavat sen hyvin vastaan.<\/p>\n<p>T\u00e4ss\u00e4 purkissa olevat baskilaiset chilipaprikat ovat keskim\u00e4\u00e4rin 7-12 cm:n kokoisia, ja ne on valmistettu etikan kanssa.<\/p>\n<p>Aito kosketus, jolla piparraa yleens\u00e4 tarjoillaan ja joka saa kehosi v\u00e4risem\u00e4\u00e4n voimakkaan maun l\u00e4pi jokaisella suupalalla.<\/p>\n<p>Joitakin helmikanan ominaisuuksia:<\/p>\n<ul>\n<li>Alentaa kolesterolia.<\/li>\n<li>Stimuloi verenkiertoa ja hengitysteiden verenkiertoa.<\/li>\n<li>Uskotaan, ett\u00e4 se voi auttaa v\u00e4hent\u00e4m\u00e4\u00e4n ylipainoa nopeuttamalla aineenvaihduntaa.<\/li>\n<li>Joidenkin tutkimusten mukaan se suojaa vatsaa saamalla sen tuottamaan enemm\u00e4n limaa.<\/li>\n<\/ul>\n<p>Jos haluat ostaa oliiveja tai muita <a href=\"https:\/\/latiendadesami.com\/categoria-producto\/encurtidos\/\" rel=\"noopener noreferrer nofollow\" target=\"_blank\">suolakurkkuja<\/a>, \u00e4l\u00e4 ep\u00e4r\u00f6i tutustua verkkoluetteloomme ja n\u00e4hd\u00e4ksesi <a href=\"https:\/\/latiendadesami.com\/categoria-producto\/encurtidos\/pepinillos\/\" target=\"_blank\" rel=\"noopener noreferrer nofollow\">suolakurkkujen<\/a> laajan valikoiman.<\/p>\n","protected":false},"excerpt":{"rendered":"<p>&nbsp;<\/p>\n<p>&nbsp;<\/p>\n","protected":false},"featured_media":22297,"template":"","meta":{"_et_pb_use_builder":"","_et_pb_old_content":"","_et_gb_content_width":""},"product_brand":[1057],"product_cat":[4021,1779],"product_tag":[4024],"class_list":{"0":"post-22291","1":"product","2":"type-product","3":"status-publish","4":"has-post-thumbnail","6":"product_brand-la-encajera","7":"product_cat-chilipaprikat","8":"product_cat-pikkelsia","9":"product_tag-baskimaan","11":"first","12":"outofstock","13":"taxable","14":"shipping-taxable","15":"product-type-variable"},"_links":{"self":[{"href":"https:\/\/myspainfood.com\/fi\/wp-json\/wp\/v2\/product\/22291","targetHints":{"allow":["GET"]}}],"collection":[{"href":"https:\/\/myspainfood.com\/fi\/wp-json\/wp\/v2\/product"}],"about":[{"href":"https:\/\/myspainfood.com\/fi\/wp-json\/wp\/v2\/types\/product"}],"wp:featuredmedia":[{"embeddable":true,"href":"https:\/\/myspainfood.com\/fi\/wp-json\/wp\/v2\/media\/22297"}],"wp:attachment":[{"href":"https:\/\/myspainfood.com\/fi\/wp-json\/wp\/v2\/media?parent=22291"}],"wp:term":[{"taxonomy":"product_brand","embeddable":true,"href":"https:\/\/myspainfood.com\/fi\/wp-json\/wp\/v2\/product_brand?post=22291"},{"taxonomy":"product_cat","embeddable":true,"href":"https:\/\/myspainfood.com\/fi\/wp-json\/wp\/v2\/product_cat?post=22291"},{"taxonomy":"product_tag","embeddable":true,"href":"https:\/\/myspainfood.com\/fi\/wp-json\/wp\/v2\/product_tag?post=22291"}],"curies":[{"name":"wp","href":"https:\/\/api.w.org\/{rel}","templated":true}]}}