{"id":22670,"date":"2025-04-10T12:05:09","date_gmt":"2025-04-10T10:05:09","guid":{"rendered":"https:\/\/myspainfood.com\/producto\/kimbos-gordal-gordal-oliiveja-ja-kurkkua-900-gr-chicon-900-gr-chicon\/"},"modified":"2025-04-10T12:05:09","modified_gmt":"2025-04-10T10:05:09","slug":"kimbos-gordal-gordal-oliiveja-ja-kurkkua-900-gr-chicon-900-gr-chicon","status":"publish","type":"product","link":"https:\/\/myspainfood.com\/fi\/producto\/kimbos-gordal-gordal-oliiveja-ja-kurkkua-900-gr-chicon-900-gr-chicon\/","title":{"rendered":"Kimbos Gordal - gordal-oliiveja ja kurkkua 900 gr Chicon 900 gr Chicon"},"content":{"rendered":"<h3>Miksi k\u00e4ytt\u00e4\u00e4 Kimbos Gordal -oliiveja, jotka on t\u00e4ytetty kurkulla?<\/h3>\n<p>Kimbos Gordal on yksi suosituimmista t\u00e4ytetyist\u00e4 oliiveista sek\u00e4 Espanjassa ett\u00e4 ulkomailla.<\/p>\n<p>Yksi sen erityispiirteist\u00e4 on sen koko, sill\u00e4 se on yleens\u00e4 muita lajikkeita suurempi.<\/p>\n<p>T\u00e4m\u00e4n vuoksi se on ihanteellinen oliivi, jota voi tarjota p\u00f6yd\u00e4ss\u00e4 erilaisilla elintarvikkeilla, kuten sardelleilla, kurkuilla tai paprikoilla t\u00e4ytettyn\u00e4.<\/p>\n<p>Nimi &#8221;Aceituna Gordal&#8221; on annettu sille sen koon vuoksi.<\/p>\n<p>Sen voidaan sanoa olevan varsin houkutteleva ja silm\u00e4\u00e4npist\u00e4v\u00e4.<\/p>\n<p>Vaikka Gordal-oliivi on per\u00e4isin <a href=\"https:\/\/aceitunaschiconlebron.com\/catalogo\/aceituna-gordal-rellena-de-pepinillo\/\" target=\"_blank\" rel=\"noopener noreferrer nofollow\">Andalusiasta<\/a>, kurkulla t\u00e4ytetyn oliivin kulutus on levinnyt Yhdysvaltoihin, jossa se on levinnyt eniten Espanjan ulkopuolella.<\/p>\n<p>Jos haluat ostaa oliiveja tai muita <a href=\"https:\/\/latiendadesami.com\/categoria-producto\/encurtidos\/\" rel=\"noopener noreferrer nofollow\" target=\"_blank\">suolakurkkuja<\/a>, \u00e4l\u00e4 ep\u00e4r\u00f6i tutustua verkkoluetteloomme, josta n\u00e4et laajan valikoiman <a href=\"https:\/\/latiendadesami.com\/categoria-producto\/encurtidos\/aceitunas\/\" target=\"_blank\" rel=\"noopener noreferrer nofollow\">oliiveja<\/a>.<\/p>\n","protected":false},"excerpt":{"rendered":"<p>Miksi k\u00e4ytt\u00e4\u00e4 Kimbos Gordal -oliiveja, jotka on t\u00e4ytetty kurkulla? Kimbos Gordal on yksi suosituimmista t\u00e4ytetyist\u00e4 oliiveista sek\u00e4 Espanjassa ett\u00e4 ulkomailla. Yksi sen erityispiirteist\u00e4 on sen koko, sill\u00e4 se on yleens\u00e4 muita lajikkeita suurempi. T\u00e4m\u00e4n vuoksi se on ihanteellinen oliivi, jota voi tarjota p\u00f6yd\u00e4ss\u00e4 erilaisilla elintarvikkeilla, kuten sardelleilla, kurkuilla tai paprikoilla t\u00e4ytettyn\u00e4. Nimi &#8221;Aceituna Gordal&#8221; on [&hellip;]<\/p>\n","protected":false},"featured_media":4839,"template":"","meta":{"_et_pb_use_builder":"","_et_pb_old_content":"","_et_gb_content_width":""},"product_brand":[1036],"product_cat":[1781,1779],"product_tag":[4103,2002],"class_list":{"0":"post-22670","1":"product","2":"type-product","3":"status-publish","4":"has-post-thumbnail","6":"product_brand-chicon","7":"product_cat-oliivit","8":"product_cat-pikkelsia","9":"product_tag-gordal-fi","10":"product_tag-kimbo-fi","12":"first","13":"instock","14":"taxable","15":"shipping-taxable","16":"purchasable","17":"product-type-variable"},"_links":{"self":[{"href":"https:\/\/myspainfood.com\/fi\/wp-json\/wp\/v2\/product\/22670","targetHints":{"allow":["GET"]}}],"collection":[{"href":"https:\/\/myspainfood.com\/fi\/wp-json\/wp\/v2\/product"}],"about":[{"href":"https:\/\/myspainfood.com\/fi\/wp-json\/wp\/v2\/types\/product"}],"wp:featuredmedia":[{"embeddable":true,"href":"https:\/\/myspainfood.com\/fi\/wp-json\/wp\/v2\/media\/4839"}],"wp:attachment":[{"href":"https:\/\/myspainfood.com\/fi\/wp-json\/wp\/v2\/media?parent=22670"}],"wp:term":[{"taxonomy":"product_brand","embeddable":true,"href":"https:\/\/myspainfood.com\/fi\/wp-json\/wp\/v2\/product_brand?post=22670"},{"taxonomy":"product_cat","embeddable":true,"href":"https:\/\/myspainfood.com\/fi\/wp-json\/wp\/v2\/product_cat?post=22670"},{"taxonomy":"product_tag","embeddable":true,"href":"https:\/\/myspainfood.com\/fi\/wp-json\/wp\/v2\/product_tag?post=22670"}],"curies":[{"name":"wp","href":"https:\/\/api.w.org\/{rel}","templated":true}]}}