{"id":23061,"date":"2025-04-10T12:05:10","date_gmt":"2025-04-10T10:05:10","guid":{"rendered":"https:\/\/myspainfood.com\/producto\/munakoiso-hienonnettu-la-encajera-440-grammaa\/"},"modified":"2025-04-10T12:05:10","modified_gmt":"2025-04-10T10:05:10","slug":"munakoiso-hienonnettu-la-encajera-440-grammaa","status":"publish","type":"product","link":"https:\/\/myspainfood.com\/fi\/producto\/munakoiso-hienonnettu-la-encajera-440-grammaa\/","title":{"rendered":"Munakoiso, hienonnettu La Encajera 440 grammaa"},"content":{"rendered":"<p>Pilkottu munakoiso on <a href=\"https:\/\/www.laencajera.es\/berenjenas-de-almagro\" target=\"_blank\" rel=\"noopener noreferrer nofollow\">Almagro-salaattien<\/a> t\u00e4rkein ainesosa. Tunne perinteinen maku jokaisessa suupalassa. <\/p>\n<p>Se tarjoillaan yleens\u00e4 alkupalana tai lusikkaruokiin yhdistettyn\u00e4. Pilkotut munakoisot ovat per\u00e4isin Castilla la Manchasta, Espanjasta. <\/p>\n<p>Ainesosat: Vesi, suola, alkoholietikka, sitruunahappo (E-330), kalsiumkloridi (E-509), natriummetabisulfiitti, juustokumina, paprika, luonnollinen fenkoli, maitohappo (E-270).<\/p>\n<p>S\u00e4ilytysolosuhteet:<\/p>\n<p>S\u00e4ilyt\u00e4 viile\u00e4ss\u00e4 ja kuivassa paikassa 3\u00baC ja 10\u00baC v\u00e4lill\u00e4. Suojaa auringonvalolta ja voimakkailta hajuilta. <\/p>\n<p>Pid\u00e4 avattuna j\u00e4\u00e4kaapissa ja nauti 30 p\u00e4iv\u00e4n kuluessa.<\/p>\n<p>Jos haluat ostaa oliiveja tai muunlaisia <a href=\"https:\/\/latiendadesami.com\/categoria-producto\/encurtidos\/\" rel=\"noopener noreferrer nofollow\" target=\"_blank\">suolakurkkuja<\/a>, \u00e4l\u00e4 ep\u00e4r\u00f6i katsoa verkkoluetteloamme ja tutustua laajaan <a href=\"https:\/\/latiendadesami.com\/categoria-producto\/encurtidos\/berenjenas\/\" target=\"_blank\" rel=\"noopener noreferrer nofollow\">munakoisovalikoimaamme<\/a>.<\/p>\n<p>Tuotemerkki on La Encajonera, vuonna 1990 perustettu perheyritys, joka sijaitsee La Manchan syd\u00e4mess\u00e4, ALMAGROn kaupungissa Ciudad Realin maakunnassa.<\/p>\n<p>Tuotteiden valmistusprosessi alkaa samalta kasvualueelta, jossa valitaan paras laatutuote.<\/p>\n<p>Tehdas on varustettu edistyneimm\u00e4ll\u00e4 teknologialla, mutta samalla se s\u00e4ilytt\u00e4\u00e4 k\u00e4sity\u00f6l\u00e4isten perinteet ja taitotiedon.<\/p>\n","protected":false},"excerpt":{"rendered":"<p>Almagro-salaattien t\u00e4rkein ainesosa. Tunne perinteinen maku jokaisessa suupalassa. Se tarjoillaan yleens\u00e4 alkupalana tai lusikkaruokien kanssa yhdistettyn\u00e4.  <\/p>\n","protected":false},"featured_media":23069,"template":"","meta":{"_et_pb_use_builder":"","_et_pb_old_content":"","_et_gb_content_width":""},"product_brand":[1057],"product_cat":[2113,1779],"product_tag":[4153],"class_list":{"0":"post-23061","1":"product","2":"type-product","3":"status-publish","4":"has-post-thumbnail","6":"product_brand-la-encajera","7":"product_cat-munakoisot","8":"product_cat-pikkelsia","9":"product_tag-paloiteltu","11":"first","12":"instock","13":"taxable","14":"shipping-taxable","15":"purchasable","16":"product-type-variable"},"_links":{"self":[{"href":"https:\/\/myspainfood.com\/fi\/wp-json\/wp\/v2\/product\/23061","targetHints":{"allow":["GET"]}}],"collection":[{"href":"https:\/\/myspainfood.com\/fi\/wp-json\/wp\/v2\/product"}],"about":[{"href":"https:\/\/myspainfood.com\/fi\/wp-json\/wp\/v2\/types\/product"}],"wp:featuredmedia":[{"embeddable":true,"href":"https:\/\/myspainfood.com\/fi\/wp-json\/wp\/v2\/media\/23069"}],"wp:attachment":[{"href":"https:\/\/myspainfood.com\/fi\/wp-json\/wp\/v2\/media?parent=23061"}],"wp:term":[{"taxonomy":"product_brand","embeddable":true,"href":"https:\/\/myspainfood.com\/fi\/wp-json\/wp\/v2\/product_brand?post=23061"},{"taxonomy":"product_cat","embeddable":true,"href":"https:\/\/myspainfood.com\/fi\/wp-json\/wp\/v2\/product_cat?post=23061"},{"taxonomy":"product_tag","embeddable":true,"href":"https:\/\/myspainfood.com\/fi\/wp-json\/wp\/v2\/product_tag?post=23061"}],"curies":[{"name":"wp","href":"https:\/\/api.w.org\/{rel}","templated":true}]}}