{"id":23232,"date":"2025-04-10T12:05:54","date_gmt":"2025-04-10T10:05:54","guid":{"rendered":"https:\/\/myspainfood.com\/producto\/sardinillas-oti-925gr\/"},"modified":"2025-04-10T12:05:54","modified_gmt":"2025-04-10T10:05:54","slug":"sardinillas-oti-925gr","status":"publish","type":"product","link":"https:\/\/myspainfood.com\/fi\/producto\/sardinillas-oti-925gr\/","title":{"rendered":"Sardinillas Oti 925gr"},"content":{"rendered":"<p>Conservas Oti valitsee parhaat sardiinit, jotka leikataan, poistetaan p\u00e4\u00e4t ja puhdistetaan k\u00e4sin, mink\u00e4 j\u00e4lkeen ne h\u00f6yrypaahdetaan ja pakataan auringonkukka\u00f6ljyyn. Ne erottuvat edukseen houkuttelevan hopeanhohtoisen ulkon\u00e4k\u00f6ns\u00e4, kermaisen rakenteensa, voimakkaan kalamakunsa ja upean ulkoasunsa ansiosta. Korkean Omega 3 -pitoisuutensa ansiosta ne edist\u00e4v\u00e4t V\u00e4limeren ruokavalion noudattamista.  <\/p>\n","protected":false},"excerpt":{"rendered":"<p>Conservas Oti valitsee parhaat sardiinit, jotka leikataan, poistetaan p\u00e4\u00e4t ja puhdistetaan k\u00e4sin, mink\u00e4 j\u00e4lkeen ne h\u00f6yrypaahdetaan ja pakataan auringonkukka\u00f6ljyyn. Ne erottuvat edukseen houkuttelevan hopeanhohtoisen ulkon\u00e4k\u00f6ns\u00e4, kermaisen rakenteensa, voimakkaan kalamakunsa ja upean ulkoasunsa ansiosta. Korkean Omega 3 -pitoisuutensa ansiosta ne edist\u00e4v\u00e4t V\u00e4limeren ruokavalion noudattamista.<\/p>\n","protected":false},"featured_media":23237,"template":"","meta":{"_et_pb_use_builder":"","_et_pb_old_content":"","_et_gb_content_width":""},"product_brand":[1075],"product_cat":[1945,3780],"product_tag":[],"class_list":{"0":"post-23232","1":"product","2":"type-product","3":"status-publish","4":"has-post-thumbnail","6":"product_brand-oti","7":"product_cat-sailyttaa","8":"product_cat-sardinillat","10":"first","11":"outofstock","12":"taxable","13":"shipping-taxable","14":"purchasable","15":"product-type-variable"},"_links":{"self":[{"href":"https:\/\/myspainfood.com\/fi\/wp-json\/wp\/v2\/product\/23232","targetHints":{"allow":["GET"]}}],"collection":[{"href":"https:\/\/myspainfood.com\/fi\/wp-json\/wp\/v2\/product"}],"about":[{"href":"https:\/\/myspainfood.com\/fi\/wp-json\/wp\/v2\/types\/product"}],"wp:featuredmedia":[{"embeddable":true,"href":"https:\/\/myspainfood.com\/fi\/wp-json\/wp\/v2\/media\/23237"}],"wp:attachment":[{"href":"https:\/\/myspainfood.com\/fi\/wp-json\/wp\/v2\/media?parent=23232"}],"wp:term":[{"taxonomy":"product_brand","embeddable":true,"href":"https:\/\/myspainfood.com\/fi\/wp-json\/wp\/v2\/product_brand?post=23232"},{"taxonomy":"product_cat","embeddable":true,"href":"https:\/\/myspainfood.com\/fi\/wp-json\/wp\/v2\/product_cat?post=23232"},{"taxonomy":"product_tag","embeddable":true,"href":"https:\/\/myspainfood.com\/fi\/wp-json\/wp\/v2\/product_tag?post=23232"}],"curies":[{"name":"wp","href":"https:\/\/api.w.org\/{rel}","templated":true}]}}