{"id":23460,"date":"2025-04-10T12:06:37","date_gmt":"2025-04-10T10:06:37","guid":{"rendered":"https:\/\/myspainfood.com\/producto\/tonnikala-oliivioljy-220-gr\/"},"modified":"2025-04-10T12:06:37","modified_gmt":"2025-04-10T10:06:37","slug":"tonnikala-oliivioljy-220-gr","status":"publish","type":"product","link":"https:\/\/myspainfood.com\/fi\/producto\/tonnikala-oliivioljy-220-gr\/","title":{"rendered":"Tonnikala oliivi\u00f6ljy 220 gr"},"content":{"rendered":"<p><a href=\"https:\/\/conservasarlequin.com\/arlequin\/\" target=\"_blank\" rel=\"noopener noreferrer nofollow\">Arlequ\u00edn<\/a> Olive Oil Tuna on perinteisell\u00e4 tavalla valmistettu tonnikalas\u00e4ilykkeiden tuote.<\/p>\n<p><strong>Nettopaino\/ valutettu:<\/strong> 220g\/150g<\/p>\n<p><strong>Yksikk\u00f6\u00e4\/laatikko:<\/strong> 12<\/p>\n<p><strong>Laatikoita\/kuormalava:<\/strong> 168<\/p>\n<p><strong>S\u00e4ilyvyys:<\/strong> 5 vuotta<\/p>\n<p><strong>Luonnonsuojelu:<\/strong> Ymp\u00e4rist\u00f6<\/p>\n<p>Conservas <a href=\"https:\/\/latiendadesami.com\/marca\/arlequin\/\" target=\"_blank\" rel=\"noopener noreferrer nofollow\">Arlequ\u00ednin<\/a> teht\u00e4v\u00e4n\u00e4 on tarjota erinomaisia tuotteita, parasta palvelua ja laaja valikoima kalas\u00e4ilykkeit\u00e4 parhaaseen hintaan.<\/p>\n<p>He ovat my\u00f6s erikoistuneet sardelleihin, anjoviksiin, sardelleihin, Bonitoon, keltaev\u00e4tonnikalaan, oliivi\u00f6ljyss\u00e4 olevaan tonnikalaan, simpukoihin, makrilliin ja sardiineihin.<\/p>\n<p>Esimerkiksi El Pa\u00eds -sanomalehden Comidista sanoi ventrescasta: &#8221;Se on niin hentoa, melkein kermaista, ett\u00e4 sen kanssa tekee mieli menn\u00e4 naimisiin ja el\u00e4\u00e4 onnellisena, kunnes herra vie&#8221;.<\/p>\n<h4>S\u00e4ilykkeiden t\u00e4rkeimm\u00e4t edut<\/h4>\n<ol>\n<li>Ne s\u00e4ilytt\u00e4v\u00e4t kaikki elintarvikkeen ravitsemukselliset ominaisuudet. Ruoka s\u00e4ilytt\u00e4\u00e4 tuoreutensa. <\/li>\n<li>K\u00e4ytetyt elintarvikkeet ovat terveellisi\u00e4 ja sopivat siksi optimaaliseen ruokavalioon niiden korkean vitamiini- ja proteiinipitoisuuden ansiosta.<\/li>\n<li>N\u00e4iden tuotteiden k\u00e4ytt\u00f6ik\u00e4 on pidempi (tyypillisesti 2-5 vuotta).<\/li>\n<li>S\u00e4ilykkeet ovat eritt\u00e4in helppoja s\u00e4ilytt\u00e4\u00e4, sill\u00e4 niiden pakkaukset on helppo levitt\u00e4\u00e4.<\/li>\n<\/ol>\n<p>Jos haluat ostaa tonnikalaa tai muita <a href=\"https:\/\/latiendadesami.com\/categoria-producto\/conservas\/\" rel=\"noopener noreferrer nofollow\" target=\"_blank\">s\u00e4ilykkeit\u00e4<\/a>, \u00e4l\u00e4 ep\u00e4r\u00f6i katsoa verkkoluetteloamme ja tutustua laajaan <a href=\"https:\/\/latiendadesami.com\/categoria-producto\/conservas\/atun-y-bonito\/\" target=\"_blank\" rel=\"noopener noreferrer nofollow\">tonnikalavalikoimaamme<\/a>.<\/p>\n<p>Kirjoita meille saadaksesi lis\u00e4tietoja.<\/p>\n","protected":false},"excerpt":{"rendered":"<p>Harlekiinitonnikala oliivi\u00f6ljyss\u00e4 220 g<\/p>\n","protected":false},"featured_media":23466,"template":"","meta":{"_et_pb_use_builder":"","_et_pb_old_content":"","_et_gb_content_width":""},"product_brand":[1162],"product_cat":[1945,4282],"product_tag":[],"class_list":{"0":"post-23460","1":"product","2":"type-product","3":"status-publish","4":"has-post-thumbnail","6":"product_brand-arlequin","7":"product_cat-sailyttaa","8":"product_cat-tonnikala-ja-bonito","10":"first","11":"onbackorder","12":"taxable","13":"shipping-taxable","14":"purchasable","15":"product-type-variable"},"_links":{"self":[{"href":"https:\/\/myspainfood.com\/fi\/wp-json\/wp\/v2\/product\/23460","targetHints":{"allow":["GET"]}}],"collection":[{"href":"https:\/\/myspainfood.com\/fi\/wp-json\/wp\/v2\/product"}],"about":[{"href":"https:\/\/myspainfood.com\/fi\/wp-json\/wp\/v2\/types\/product"}],"wp:featuredmedia":[{"embeddable":true,"href":"https:\/\/myspainfood.com\/fi\/wp-json\/wp\/v2\/media\/23466"}],"wp:attachment":[{"href":"https:\/\/myspainfood.com\/fi\/wp-json\/wp\/v2\/media?parent=23460"}],"wp:term":[{"taxonomy":"product_brand","embeddable":true,"href":"https:\/\/myspainfood.com\/fi\/wp-json\/wp\/v2\/product_brand?post=23460"},{"taxonomy":"product_cat","embeddable":true,"href":"https:\/\/myspainfood.com\/fi\/wp-json\/wp\/v2\/product_cat?post=23460"},{"taxonomy":"product_tag","embeddable":true,"href":"https:\/\/myspainfood.com\/fi\/wp-json\/wp\/v2\/product_tag?post=23460"}],"curies":[{"name":"wp","href":"https:\/\/api.w.org\/{rel}","templated":true}]}}