{"id":24298,"date":"2025-04-10T12:06:37","date_gmt":"2025-04-10T10:06:37","guid":{"rendered":"https:\/\/myspainfood.com\/producto\/artisokan-sydamet-20-hedelmaa\/"},"modified":"2025-04-10T12:06:37","modified_gmt":"2025-04-10T10:06:37","slug":"artisokan-sydamet-20-hedelmaa","status":"publish","type":"product","link":"https:\/\/myspainfood.com\/fi\/producto\/artisokan-sydamet-20-hedelmaa\/","title":{"rendered":"Artisokan syd\u00e4met +20 hedelm\u00e4\u00e4"},"content":{"rendered":"<p>Artisokan syd\u00e4met +20 <a href=\"https:\/\/twitter.com\/mca_spain\" target=\"_blank\" rel=\"noopener noreferrer nofollow\">ensimm\u00e4ist\u00e4<\/a> hedelm\u00e4\u00e4.<\/p>\n<p>Ainesosat: Artisokat, vesi, suola ja happamuudens\u00e4\u00e4t\u00f6aine: sitruunahappo.<\/p>\n<p>Pid\u00e4 avattuna j\u00e4\u00e4kaapissa ja nauti mieluiten 5 p\u00e4iv\u00e4n kuluessa.<\/p>\n<p>La Viuda de Mateo on yksi niist\u00e4 kaupallisista tuotemerkeist\u00e4, joilla MCA Spain -yhtym\u00e4 toimii markkinoilla.<\/p>\n<p>MCA Spain on saanut alkunsa sen nykyisen toimitusjohtajan Carlos Ripan kokemuksesta, joka on saanut alkunsa h\u00e4nen ty\u00f6skennelty\u00e4\u00e4n vuosikymmenen ajan elintarvikkeiden v\u00e4hitt\u00e4ismyyntiin liittyv\u00e4ss\u00e4 perheyrityksess\u00e4.<\/p>\n<p>1980-luvun puoliv\u00e4liss\u00e4 Ripa kuitenkin k\u00e4ynnisti oman henkil\u00f6kohtaisen hankkeensa kotikaupungissaan (Mendavia, Navarra): MCA Spain -s\u00e4ilykkeit\u00e4 valmistavan yrityksen.<\/p>\n<p>T\u00e4m\u00e4 vihannes- ja kalas\u00e4ilykkeisiin perustuva yritys on sijoittunut Espanjan maatalouselintarvikealan ensimm\u00e4iseen divisioonaan.<\/p>\n<p>N\u00e4ytt\u00e4v\u00e4 kehitys, joka ei olisi ollut mahdollista ilman ensiluokkaista tiimi\u00e4 ja asiakaspalveluhenkisyytt\u00e4.<\/p>\n<p>Jos haluat ostaa Artisokan syd\u00e4met +20 hedelm\u00e4\u00e4 tai mit\u00e4 tahansa muuta <a href=\"https:\/\/latiendadesami.com\/categoria-producto\/conservas\/\" rel=\"noopener noreferrer nofollow\" target=\"_blank\">s\u00e4ilykett\u00e4<\/a>, \u00e4l\u00e4 ep\u00e4r\u00f6i katsoa verkkokauppaamme.<\/p>\n<p>Meill\u00e4 on korkein laatu parhaaseen hintaan.<\/p>\n<p>Kirjoita meille, jos haluat lis\u00e4tietoja tai jos sinulla on kysytt\u00e4v\u00e4\u00e4 t\u00e4st\u00e4 tai mist\u00e4 tahansa muusta luettelossamme olevasta tuotteesta.<\/p>\n","protected":false},"excerpt":{"rendered":"<p>Artisokan syd\u00e4met 20 ensimm\u00e4ist\u00e4 hedelm\u00e4\u00e4<\/p>\n","protected":false},"featured_media":24304,"template":"","meta":{"_et_pb_use_builder":"","_et_pb_old_content":"","_et_gb_content_width":""},"product_brand":[1129],"product_cat":[4736,1945],"product_tag":[4737],"class_list":{"0":"post-24298","1":"product","2":"type-product","3":"status-publish","4":"has-post-thumbnail","6":"product_brand-mateo","7":"product_cat-artisokat","8":"product_cat-sailyttaa","9":"product_tag-sydamet","11":"first","12":"outofstock","13":"taxable","14":"shipping-taxable","15":"purchasable","16":"product-type-variable"},"_links":{"self":[{"href":"https:\/\/myspainfood.com\/fi\/wp-json\/wp\/v2\/product\/24298","targetHints":{"allow":["GET"]}}],"collection":[{"href":"https:\/\/myspainfood.com\/fi\/wp-json\/wp\/v2\/product"}],"about":[{"href":"https:\/\/myspainfood.com\/fi\/wp-json\/wp\/v2\/types\/product"}],"wp:featuredmedia":[{"embeddable":true,"href":"https:\/\/myspainfood.com\/fi\/wp-json\/wp\/v2\/media\/24304"}],"wp:attachment":[{"href":"https:\/\/myspainfood.com\/fi\/wp-json\/wp\/v2\/media?parent=24298"}],"wp:term":[{"taxonomy":"product_brand","embeddable":true,"href":"https:\/\/myspainfood.com\/fi\/wp-json\/wp\/v2\/product_brand?post=24298"},{"taxonomy":"product_cat","embeddable":true,"href":"https:\/\/myspainfood.com\/fi\/wp-json\/wp\/v2\/product_cat?post=24298"},{"taxonomy":"product_tag","embeddable":true,"href":"https:\/\/myspainfood.com\/fi\/wp-json\/wp\/v2\/product_tag?post=24298"}],"curies":[{"name":"wp","href":"https:\/\/api.w.org\/{rel}","templated":true}]}}