{"id":24635,"date":"2025-04-10T12:05:54","date_gmt":"2025-04-10T10:05:54","guid":{"rendered":"https:\/\/myspainfood.com\/producto\/oti-pikkeloidyt-simpukat-25-30-kpl\/"},"modified":"2025-04-10T12:05:54","modified_gmt":"2025-04-10T10:05:54","slug":"oti-pikkeloidyt-simpukat-25-30-kpl","status":"publish","type":"product","link":"https:\/\/myspainfood.com\/fi\/producto\/oti-pikkeloidyt-simpukat-25-30-kpl\/","title":{"rendered":"Oti-pikkel\u00f6idyt simpukat 25\/30 kpl"},"content":{"rendered":"<div id=\"cboxLoadedContent\">\n<div id=\"inline_content2\">\n<div class=\"detalle_texto\">Laadukkaimmat ja suurimmat n\u00e4ytteet otetaan optimaalisena ajankohtana parhaista pannuista. Erinomaisen ulkon\u00e4\u00f6n, tasaisen v\u00e4rin, puhtaat partaista ja eritt\u00e4in ruokahalua her\u00e4tt\u00e4v\u00e4t tuotteet ovat huolellisen valinnan ja jalostuksen tulosta. Laadukkaista raaka-aineista valmistetaan herkullinen suolakastike, joka on ihanteellinen lisuke t\u00e4lle nilvi\u00e4iselle.  <\/div>\n<\/div>\n<\/div>\n","protected":false},"excerpt":{"rendered":"<p>Laadukkaimmat ja suurimmat n\u00e4ytteet otetaan optimaalisena ajankohtana parhaista pannuista. Erinomaisen ulkon\u00e4\u00f6n, tasaisen v\u00e4rin, puhtaat partaista ja eritt\u00e4in ruokahalua her\u00e4tt\u00e4v\u00e4t tuotteet ovat huolellisen valinnan ja jalostuksen tulosta. Laadukkaista raaka-aineista valmistetaan herkullinen suolakastike, joka on ihanteellinen lisuke t\u00e4lle nilvi\u00e4iselle.<\/p>\n","protected":false},"featured_media":24641,"template":"","meta":{"_et_pb_use_builder":"","_et_pb_old_content":"","_et_gb_content_width":""},"product_brand":[1075],"product_cat":[1945,4048],"product_tag":[],"class_list":{"0":"post-24635","1":"product","2":"type-product","3":"status-publish","4":"has-post-thumbnail","6":"product_brand-oti","7":"product_cat-sailyttaa","8":"product_cat-sinisimpukat","10":"first","11":"outofstock","12":"taxable","13":"shipping-taxable","14":"product-type-variable"},"_links":{"self":[{"href":"https:\/\/myspainfood.com\/fi\/wp-json\/wp\/v2\/product\/24635","targetHints":{"allow":["GET"]}}],"collection":[{"href":"https:\/\/myspainfood.com\/fi\/wp-json\/wp\/v2\/product"}],"about":[{"href":"https:\/\/myspainfood.com\/fi\/wp-json\/wp\/v2\/types\/product"}],"wp:featuredmedia":[{"embeddable":true,"href":"https:\/\/myspainfood.com\/fi\/wp-json\/wp\/v2\/media\/24641"}],"wp:attachment":[{"href":"https:\/\/myspainfood.com\/fi\/wp-json\/wp\/v2\/media?parent=24635"}],"wp:term":[{"taxonomy":"product_brand","embeddable":true,"href":"https:\/\/myspainfood.com\/fi\/wp-json\/wp\/v2\/product_brand?post=24635"},{"taxonomy":"product_cat","embeddable":true,"href":"https:\/\/myspainfood.com\/fi\/wp-json\/wp\/v2\/product_cat?post=24635"},{"taxonomy":"product_tag","embeddable":true,"href":"https:\/\/myspainfood.com\/fi\/wp-json\/wp\/v2\/product_tag?post=24635"}],"curies":[{"name":"wp","href":"https:\/\/api.w.org\/{rel}","templated":true}]}}