{"id":25340,"date":"2025-04-10T12:05:46","date_gmt":"2025-04-10T10:05:46","guid":{"rendered":"https:\/\/myspainfood.com\/producto\/luuton-45-kg\/"},"modified":"2025-05-08T20:42:09","modified_gmt":"2025-05-08T18:42:09","slug":"luuton-45-kg","status":"publish","type":"product","link":"https:\/\/myspainfood.com\/fi\/producto\/luuton-45-kg\/","title":{"rendered":"Luuton 4,5 kg"},"content":{"rendered":"<p>Pitted Olive 4,5 kg on v\u00e4rilt\u00e4\u00e4n vihre\u00e4 ja <a href=\"https:\/\/www.google.com\/search?q=aceitunas+deshuesadas&amp;sxsrf=APq-WBvbn4FM7rlwj2SbPE3GYq4nrKA1Ug:1644314369924&amp;source=lnms&amp;tbm=isch&amp;sa=X&amp;ved=2ahUKEwjE56uv7O_1AhWrgf0HHWvsDTUQ_AUoAXoECAEQAw&amp;biw=1577&amp;bih=780&amp;dpr=1\" target=\"_blank\" rel=\"noopener noreferrer nofollow\">kuorittu<\/a>. Se s\u00e4ilytt\u00e4\u00e4 alkuper\u00e4isen muotonsa. <\/p>\n<p>Se on eritt\u00e4in terveellinen lis\u00e4 perinteiseen ravitsevaan V\u00e4limeren ruokavalioon.<\/p>\n<p>Espanjassa k\u00e4ytet\u00e4\u00e4n oliiveja, kurkkuja, almagro-munakoisoja, porkkanoita, sipuleita, hyvin perinteisi\u00e4 kapriksia, valkosipulia tai jopa niiden sekoitusta.<\/p>\n<p>Niit\u00e4 tarjoillaan usein tapaksina oluen kanssa (ei viinin, koska ne sis\u00e4lt\u00e4v\u00e4t etikkaa).<\/p>\n<p>Suolakurkkujen k\u00e4ytt\u00f6 on muuttunut ikivanhasta ruoan s\u00e4il\u00f6nt\u00e4tekniikasta kaikkialla maailmassa yhdeksi Espanjan gastronomian suosituimmista tapaksista tai alkupaloista.<\/p>\n<h3>Pitted Olives 4.5 kg - edut<\/h3>\n<p>Tiesitk\u00f6 n\u00e4iden oliivien moninaisista hy\u00f6dyist\u00e4? Ne ehk\u00e4isev\u00e4t eritt\u00e4in tehokkaasti syd\u00e4n- ja verenkiertoelinten sairauksia yleens\u00e4. <\/p>\n<p>T\u00e4m\u00e4 johtuu sen korkeasta tyydyttym\u00e4tt\u00f6mien rasvojen pitoisuudesta. Lis\u00e4ksi se sis\u00e4lt\u00e4\u00e4 paljon rautaa ja kuitua ja on eritt\u00e4in kyll\u00e4inen, mik\u00e4 tekee siit\u00e4 t\u00e4ydellisen v\u00e4lipalan. <\/p>\n<p>Jos haluat ostaa oliiveja tai muita <a href=\"https:\/\/latiendadesami.com\/categoria-producto\/encurtidos\/\" rel=\"noopener noreferrer nofollow\" target=\"_blank\">suolakurkkuja<\/a>, \u00e4l\u00e4 ep\u00e4r\u00f6i tutustua verkkoluetteloomme, josta n\u00e4et laajan valikoiman <a href=\"https:\/\/latiendadesami.com\/categoria-producto\/encurtidos\/aceitunas\/\" target=\"_blank\" rel=\"noopener noreferrer nofollow\">oliiveja<\/a>.<\/p>\n<p>Voit kirjoittaa meille saadaksesi lis\u00e4tietoja koko n\u00e4ytekokoelmastamme.<\/p>\n","protected":false},"excerpt":{"rendered":"<p>Pitted Olive 4,5 kg on v\u00e4rilt\u00e4\u00e4n vihre\u00e4 ja kuorittu. Se s\u00e4ilytt\u00e4\u00e4 alkuper\u00e4isen muotonsa. Se on eritt\u00e4in terveellinen lis\u00e4 perinteiseen ravitsevaan V\u00e4limeren ruokavalioon. Espanjassa k\u00e4ytet\u00e4\u00e4n oliiveja, kurkkuja, almagro-munakoisoja, porkkanoita, sipuleita, hyvin perinteisi\u00e4 kapriksia, valkosipulia tai jopa niiden sekoitusta. Niit\u00e4 tarjoillaan usein tapaksina oluen kanssa (ei viinin, koska ne sis\u00e4lt\u00e4v\u00e4t etikkaa). Suolakurkkujen k\u00e4ytt\u00f6 on muuttunut ikivanhasta ruoan [&hellip;]<\/p>\n","protected":false},"featured_media":25346,"template":"","meta":{"_et_pb_use_builder":"","_et_pb_old_content":"","_et_gb_content_width":""},"product_brand":[1069],"product_cat":[1781,1779],"product_tag":[5203],"class_list":{"0":"post-25340","1":"product","2":"type-product","3":"status-publish","4":"has-post-thumbnail","6":"product_brand-sangar","7":"product_cat-oliivit","8":"product_cat-pikkelsia","9":"product_tag-luuton","11":"first","12":"outofstock","13":"taxable","14":"shipping-taxable","15":"product-type-variable"},"_links":{"self":[{"href":"https:\/\/myspainfood.com\/fi\/wp-json\/wp\/v2\/product\/25340","targetHints":{"allow":["GET"]}}],"collection":[{"href":"https:\/\/myspainfood.com\/fi\/wp-json\/wp\/v2\/product"}],"about":[{"href":"https:\/\/myspainfood.com\/fi\/wp-json\/wp\/v2\/types\/product"}],"wp:featuredmedia":[{"embeddable":true,"href":"https:\/\/myspainfood.com\/fi\/wp-json\/wp\/v2\/media\/25346"}],"wp:attachment":[{"href":"https:\/\/myspainfood.com\/fi\/wp-json\/wp\/v2\/media?parent=25340"}],"wp:term":[{"taxonomy":"product_brand","embeddable":true,"href":"https:\/\/myspainfood.com\/fi\/wp-json\/wp\/v2\/product_brand?post=25340"},{"taxonomy":"product_cat","embeddable":true,"href":"https:\/\/myspainfood.com\/fi\/wp-json\/wp\/v2\/product_cat?post=25340"},{"taxonomy":"product_tag","embeddable":true,"href":"https:\/\/myspainfood.com\/fi\/wp-json\/wp\/v2\/product_tag?post=25340"}],"curies":[{"name":"wp","href":"https:\/\/api.w.org\/{rel}","templated":true}]}}