{"id":25500,"date":"2025-04-10T12:06:29","date_gmt":"2025-04-10T10:06:29","guid":{"rendered":"https:\/\/myspainfood.com\/producto\/senorio-de-las-ventas-rioja-crianza-viini-pullottaja-antonio-escribano-pascual\/"},"modified":"2025-04-10T12:06:29","modified_gmt":"2025-04-10T10:06:29","slug":"senorio-de-las-ventas-rioja-crianza-viini-pullottaja-antonio-escribano-pascual","status":"publish","type":"product","link":"https:\/\/myspainfood.com\/fi\/producto\/senorio-de-las-ventas-rioja-crianza-viini-pullottaja-antonio-escribano-pascual\/","title":{"rendered":"Se\u00f1orio de las Ventas, Rioja Crianza -viini, pullottaja Antonio Escribano Pascual"},"content":{"rendered":"<p>Kasvatus<\/p>\n<p>Vastaa v\u00e4hint\u00e4\u00e4n kolmantena vuotena kypsyvi\u00e4 viinej\u00e4, jotka ovat viett\u00e4neet v\u00e4hint\u00e4\u00e4n vuoden tammitynnyreiss\u00e4.<\/p>\n<p>Rubiininpunainen v\u00e4ri, voimakas tuoksu kyps\u00e4\u00e4 hedelm\u00e4\u00e4, johon yhdistyy hyvin paahteisia vivahteita ja vaniljan vivahteita. Suussa runsas ja tasapainoinen, hienovaraiset tanniinit ovat t\u00e4ydellisess\u00e4 harmoniassa. Maukas ja t\u00e4ytel\u00e4inen s\u00e4ilytt\u00e4en samalla hienostuneisuutensa ja eleganssinsa.  <\/p>\n","protected":false},"excerpt":{"rendered":"<p>Kasvatus Vastaa v\u00e4hint\u00e4\u00e4n kolmantena vuotena kypsyvi\u00e4 viinej\u00e4, jotka ovat viett\u00e4neet v\u00e4hint\u00e4\u00e4n vuoden tammitynnyreiss\u00e4. Rubiininpunainen v\u00e4ri, voimakas tuoksu kyps\u00e4\u00e4 hedelm\u00e4\u00e4, johon yhdistyy hyvin paahteisia vivahteita ja vaniljan vivahteita. Suussa runsas ja tasapainoinen, hienovaraiset tanniinit ovat t\u00e4ydellisess\u00e4 harmoniassa. Maukas ja t\u00e4ytel\u00e4inen s\u00e4ilytt\u00e4en samalla hienostuneisuutensa ja eleganssinsa.<\/p>\n","protected":false},"featured_media":25505,"template":"","meta":{"_et_pb_use_builder":"","_et_pb_old_content":"","_et_gb_content_width":""},"product_brand":[1139],"product_cat":[4907,4909],"product_tag":[4911,5265],"class_list":{"0":"post-25500","1":"product","2":"type-product","3":"status-publish","4":"has-post-thumbnail","6":"product_brand-antonio-escribano","7":"product_cat-juomat","8":"product_cat-viini","9":"product_tag-antonio-escribano-fi","10":"product_tag-kasvatus","12":"first","13":"outofstock","14":"taxable","15":"shipping-taxable","16":"product-type-variable"},"_links":{"self":[{"href":"https:\/\/myspainfood.com\/fi\/wp-json\/wp\/v2\/product\/25500","targetHints":{"allow":["GET"]}}],"collection":[{"href":"https:\/\/myspainfood.com\/fi\/wp-json\/wp\/v2\/product"}],"about":[{"href":"https:\/\/myspainfood.com\/fi\/wp-json\/wp\/v2\/types\/product"}],"wp:featuredmedia":[{"embeddable":true,"href":"https:\/\/myspainfood.com\/fi\/wp-json\/wp\/v2\/media\/25505"}],"wp:attachment":[{"href":"https:\/\/myspainfood.com\/fi\/wp-json\/wp\/v2\/media?parent=25500"}],"wp:term":[{"taxonomy":"product_brand","embeddable":true,"href":"https:\/\/myspainfood.com\/fi\/wp-json\/wp\/v2\/product_brand?post=25500"},{"taxonomy":"product_cat","embeddable":true,"href":"https:\/\/myspainfood.com\/fi\/wp-json\/wp\/v2\/product_cat?post=25500"},{"taxonomy":"product_tag","embeddable":true,"href":"https:\/\/myspainfood.com\/fi\/wp-json\/wp\/v2\/product_tag?post=25500"}],"curies":[{"name":"wp","href":"https:\/\/api.w.org\/{rel}","templated":true}]}}