{"id":26752,"date":"2025-04-10T12:07:40","date_gmt":"2025-04-10T10:07:40","guid":{"rendered":"https:\/\/myspainfood.com\/producto\/suuret-kurkut-225-kg-paino-n\/"},"modified":"2025-04-10T12:07:40","modified_gmt":"2025-04-10T10:07:40","slug":"suuret-kurkut-225-kg-paino-n","status":"publish","type":"product","link":"https:\/\/myspainfood.com\/fi\/producto\/suuret-kurkut-225-kg-paino-n\/","title":{"rendered":"Suuret kurkut 2,25 kg paino n"},"content":{"rendered":"<p>Kurkkukurkku 2,25 kg nettopaino - Pelk\u00e4st\u00e4\u00e4n vesi- ja suolakurkkujen avulla saat yhden herkullisimmista <a href=\"https:\/\/www.google.com\/search?q=pepinillos+gordos&amp;tbm=isch&amp;ved=2ahUKEwj6xNCv8-_1AhWXiP0HHcNGC0QQ2-cCegQIABAA&amp;oq=pepinillos+gordos&amp;gs_lcp=CgNpbWcQA1DZFVjlJ2DcK2gAcAB4AIABYYgB4wqSAQIxOJgBAKABAaoBC2d3cy13aXotaW1nwAEB&amp;sclient=img&amp;ei=WUYCYrq0IpeR9u8Pw42toAQ&amp;bih=780&amp;biw=1577\" target=\"_blank\" rel=\"noopener noreferrer nofollow\">v\u00e4lipaloista<\/a> ikin\u00e4.<\/p>\n<p>Ainesosien makujen sekoitus ja ripaus etikkaa antavat sille erityisen maun, joka on eritt\u00e4in miellytt\u00e4v\u00e4 makuel\u00e4mys.<\/p>\n<p>Pikkelssit ovat immuunij\u00e4rjestelm\u00e4\u00e4 vahvistava v\u00e4lipala, mik\u00e4 tarkoittaa, ett\u00e4 ne tukevat elimist\u00f6n puolustuskyky\u00e4 ja yleist\u00e4 terveytt\u00e4.<\/p>\n<h3><strong>Rasvakurkkujen edut<\/strong><\/h3>\n<p>Tiesitk\u00f6 suolakurkkujen hy\u00f6dyist\u00e4 yleens\u00e4? T\u00e4ss\u00e4 on luettelo t\u00e4rkeimmist\u00e4: <\/p>\n<ul>\n<li>Runsaasti probiootteja.<\/li>\n<li>Ne edist\u00e4v\u00e4t ruoansulatusta.<\/li>\n<li>Ne vahvistavat immuunij\u00e4rjestelm\u00e4\u00e4.<\/li>\n<li>Ne v\u00e4hent\u00e4v\u00e4t sokerinhimoa.<\/li>\n<li>Suotuisa sappirakolle.<\/li>\n<\/ul>\n<p>Jos haluat ostaa oliiveja tai muita <a href=\"https:\/\/latiendadesami.com\/categoria-producto\/encurtidos\/\" rel=\"noopener noreferrer nofollow\" target=\"_blank\">suolakurkkuja<\/a>, \u00e4l\u00e4 ep\u00e4r\u00f6i tutustua verkkoluetteloomme ja n\u00e4hd\u00e4ksesi <a href=\"https:\/\/latiendadesami.com\/categoria-producto\/encurtidos\/pepinillos\/\" target=\"_blank\" rel=\"noopener noreferrer nofollow\">suolakurkkujen<\/a> laajan valikoiman.<\/p>\n","protected":false},"excerpt":{"rendered":"<p>Kurkkukurkku 2,25 kg nettopaino - Pelk\u00e4st\u00e4\u00e4n vesi- ja suolakurkkujen avulla saat yhden herkullisimmista v\u00e4lipaloista ikin\u00e4. Ainesosien makujen sekoitus ja ripaus etikkaa antavat sille erityisen maun, joka on eritt\u00e4in miellytt\u00e4v\u00e4 makuel\u00e4mys. Pikkelssit ovat immuunij\u00e4rjestelm\u00e4\u00e4 vahvistava v\u00e4lipala, mik\u00e4 tarkoittaa, ett\u00e4 ne tukevat elimist\u00f6n puolustuskyky\u00e4 ja yleist\u00e4 terveytt\u00e4. Rasvakurkkujen edut Tiesitk\u00f6 suolakurkkujen hy\u00f6dyist\u00e4 yleens\u00e4? T\u00e4ss\u00e4 on luettelo t\u00e4rkeimmist\u00e4: [&hellip;]<\/p>\n","protected":false},"featured_media":26756,"template":"","meta":{"_et_pb_use_builder":"","_et_pb_old_content":"","_et_gb_content_width":""},"product_brand":[],"product_cat":[2000,1779],"product_tag":[2023],"class_list":{"0":"post-26752","1":"product","2":"type-product","3":"status-publish","4":"has-post-thumbnail","6":"product_cat-kurkut","7":"product_cat-pikkelsia","8":"product_tag-gherkin-fi","10":"first","11":"instock","12":"taxable","13":"shipping-taxable","14":"purchasable","15":"product-type-simple"},"_links":{"self":[{"href":"https:\/\/myspainfood.com\/fi\/wp-json\/wp\/v2\/product\/26752","targetHints":{"allow":["GET"]}}],"collection":[{"href":"https:\/\/myspainfood.com\/fi\/wp-json\/wp\/v2\/product"}],"about":[{"href":"https:\/\/myspainfood.com\/fi\/wp-json\/wp\/v2\/types\/product"}],"wp:featuredmedia":[{"embeddable":true,"href":"https:\/\/myspainfood.com\/fi\/wp-json\/wp\/v2\/media\/26756"}],"wp:attachment":[{"href":"https:\/\/myspainfood.com\/fi\/wp-json\/wp\/v2\/media?parent=26752"}],"wp:term":[{"taxonomy":"product_brand","embeddable":true,"href":"https:\/\/myspainfood.com\/fi\/wp-json\/wp\/v2\/product_brand?post=26752"},{"taxonomy":"product_cat","embeddable":true,"href":"https:\/\/myspainfood.com\/fi\/wp-json\/wp\/v2\/product_cat?post=26752"},{"taxonomy":"product_tag","embeddable":true,"href":"https:\/\/myspainfood.com\/fi\/wp-json\/wp\/v2\/product_tag?post=26752"}],"curies":[{"name":"wp","href":"https:\/\/api.w.org\/{rel}","templated":true}]}}