{"id":26775,"date":"2025-04-10T12:07:33","date_gmt":"2025-04-10T10:07:33","guid":{"rendered":"https:\/\/myspainfood.com\/producto\/simpukka-marinoituun-kastikkeeseen-13-18-harlekiini-kampasimpukkakastikkeessa\/"},"modified":"2025-04-10T12:07:33","modified_gmt":"2025-04-10T10:07:33","slug":"simpukka-marinoituun-kastikkeeseen-13-18-harlekiini-kampasimpukkakastikkeessa","status":"publish","type":"product","link":"https:\/\/myspainfood.com\/fi\/producto\/simpukka-marinoituun-kastikkeeseen-13-18-harlekiini-kampasimpukkakastikkeessa\/","title":{"rendered":"Simpukka marinoituun kastikkeeseen 13\/18 Harlekiini kampasimpukkakastikkeessa"},"content":{"rendered":"<p><a href=\"https:\/\/conservasarlequin.com\/arlequin\/\" target=\"_blank\" rel=\"noopener noreferrer nofollow\">Harlekiinisimpukka<\/a> 13\/18 kampasimpukkakastikkeessa on k\u00e4sity\u00f6n\u00e4 valmistettu s\u00e4ilykkeen\u00e4.<\/p>\n<p><strong>Nettopaino\/ Escu:<\/strong> 112g\/69g<\/p>\n<p><strong>S\u00e4ilyvyys:<\/strong> 5 vuotta<\/p>\n<p><strong>Luonnonsuojelu:<\/strong> Ymp\u00e4rist\u00f6<\/p>\n<p><strong>Fileiden m\u00e4\u00e4r\u00e4\/kappalem\u00e4\u00e4r\u00e4:<\/strong> 13\/18<\/p>\n<p>Conservas <a href=\"https:\/\/latiendadesami.com\/marca\/arlequin\/\" target=\"_blank\" rel=\"noopener noreferrer nofollow\">Arlequ\u00ednin<\/a> teht\u00e4v\u00e4n\u00e4 on tarjota erinomaisia tuotteita, parasta palvelua ja laaja valikoima kalas\u00e4ilykkeit\u00e4 parhaaseen hintaan.<\/p>\n<p>He ovat my\u00f6s erikoistuneet sardelleihin, anjoviksiin, sardelleihin, Bonitoon, keltaev\u00e4tonnikalaan, simpukoihin, 13\/18 Harlekiinisimpukoihin kampasimpukkakastikkeessa, makrilliin, Gulasiin ja Sardinilloihin.<\/p>\n<p>Esimerkiksi El Pa\u00eds -sanomalehden Comidista sanoi ventrescasta: &#8221;Se on niin hentoa, melkein kermaista, ett\u00e4 sen kanssa tekee mieli menn\u00e4 naimisiin ja el\u00e4\u00e4 onnellisena, kunnes herra vie&#8221;.<\/p>\n<h4>S\u00e4ilykkeiden t\u00e4rkeimm\u00e4t edut<\/h4>\n<ol>\n<li>Ne s\u00e4ilytt\u00e4v\u00e4t kaikki elintarvikkeen ravitsemukselliset ominaisuudet. Ruoka s\u00e4ilytt\u00e4\u00e4 tuoreutensa. <\/li>\n<li>K\u00e4ytetyt elintarvikkeet ovat terveellisi\u00e4 ja sopivat siksi optimaaliseen ruokavalioon niiden korkean vitamiini- ja proteiinipitoisuuden ansiosta.<\/li>\n<li>N\u00e4iden tuotteiden k\u00e4ytt\u00f6ik\u00e4 on pidempi (tyypillisesti 2-5 vuotta).<\/li>\n<li>S\u00e4ilykkeet ovat eritt\u00e4in helppoja s\u00e4ilytt\u00e4\u00e4, sill\u00e4 niiden pakkaukset on helppo levitt\u00e4\u00e4.<\/li>\n<\/ol>\n<p>Jos haluat ostaa tonnikalaa tai muita <a href=\"https:\/\/latiendadesami.com\/categoria-producto\/conservas\/\" rel=\"noopener noreferrer nofollow\" target=\"_blank\">s\u00e4ilykkeit\u00e4<\/a>, \u00e4l\u00e4 ep\u00e4r\u00f6i katsoa verkkoluetteloamme ja tutustua laajaan <a href=\"https:\/\/latiendadesami.com\/categoria-producto\/conservas\/atun-y-bonito\/\" target=\"_blank\" rel=\"noopener noreferrer nofollow\">tonnikalavalikoimaamme<\/a>.<\/p>\n<p>Kirjoita meille saadaksesi lis\u00e4tietoja.<\/p>\n","protected":false},"excerpt":{"rendered":"<p>Harlekiinisimpukka 13\/18 kampasimpukkakastikkeessa on k\u00e4sity\u00f6n\u00e4 valmistettu s\u00e4ilykkeen\u00e4. Nettopaino\/ Escu: 112g\/69g S\u00e4ilyvyys: 5 vuotta Luonnonsuojelu: Ymp\u00e4rist\u00f6 Fileiden m\u00e4\u00e4r\u00e4\/kappalem\u00e4\u00e4r\u00e4: 13\/18 Conservas Arlequ\u00ednin teht\u00e4v\u00e4n\u00e4 on tarjota erinomaisia tuotteita, parasta palvelua ja laaja valikoima kalas\u00e4ilykkeit\u00e4 parhaaseen hintaan. He ovat my\u00f6s erikoistuneet sardelleihin, anjoviksiin, sardelleihin, Bonitoon, keltaev\u00e4tonnikalaan, simpukoihin, 13\/18 Harlekiinisimpukoihin kampasimpukkakastikkeessa, makrilliin, Gulasiin ja Sardinilloihin. Esimerkiksi El Pa\u00eds -sanomalehden Comidista [&hellip;]<\/p>\n","protected":false},"featured_media":26777,"template":"","meta":{"_et_pb_use_builder":"","_et_pb_old_content":"","_et_gb_content_width":""},"product_brand":[1162],"product_cat":[1945,4070],"product_tag":[],"class_list":{"0":"post-26775","1":"product","2":"type-product","3":"status-publish","4":"has-post-thumbnail","6":"product_brand-arlequin","7":"product_cat-sailyttaa","8":"product_cat-sinisimpukat-fi","10":"first","11":"outofstock","12":"sale","13":"taxable","14":"shipping-taxable","15":"purchasable","16":"product-type-simple"},"_links":{"self":[{"href":"https:\/\/myspainfood.com\/fi\/wp-json\/wp\/v2\/product\/26775","targetHints":{"allow":["GET"]}}],"collection":[{"href":"https:\/\/myspainfood.com\/fi\/wp-json\/wp\/v2\/product"}],"about":[{"href":"https:\/\/myspainfood.com\/fi\/wp-json\/wp\/v2\/types\/product"}],"wp:featuredmedia":[{"embeddable":true,"href":"https:\/\/myspainfood.com\/fi\/wp-json\/wp\/v2\/media\/26777"}],"wp:attachment":[{"href":"https:\/\/myspainfood.com\/fi\/wp-json\/wp\/v2\/media?parent=26775"}],"wp:term":[{"taxonomy":"product_brand","embeddable":true,"href":"https:\/\/myspainfood.com\/fi\/wp-json\/wp\/v2\/product_brand?post=26775"},{"taxonomy":"product_cat","embeddable":true,"href":"https:\/\/myspainfood.com\/fi\/wp-json\/wp\/v2\/product_cat?post=26775"},{"taxonomy":"product_tag","embeddable":true,"href":"https:\/\/myspainfood.com\/fi\/wp-json\/wp\/v2\/product_tag?post=26775"}],"curies":[{"name":"wp","href":"https:\/\/api.w.org\/{rel}","templated":true}]}}