{"id":26819,"date":"2025-04-10T12:07:39","date_gmt":"2025-04-10T10:07:39","guid":{"rendered":"https:\/\/myspainfood.com\/producto\/kypsytetty-vuohenjuusto-paprikan-kanssa-noin-320gr\/"},"modified":"2025-06-24T14:09:38","modified_gmt":"2025-06-24T12:09:38","slug":"kypsytetty-vuohenjuusto-paprikan-kanssa-noin-320gr","status":"publish","type":"product","link":"https:\/\/myspainfood.com\/fi\/producto\/kypsytetty-vuohenjuusto-paprikan-kanssa-noin-320gr\/","title":{"rendered":"Kypsytetty vuohenjuusto paprikan kanssa noin 320gr"},"content":{"rendered":"<p>Kypsytetty vuohenjuusto paprikan kera n. 320gr on Queser\u00eda El <a href=\"https:\/\/www.facebook.com\/Queser%C3%ADa-El-Manjar-1564604537177140\/\" target=\"_blank\" rel=\"noopener noreferrer nofollow\">Manjarin<\/a> valmistamaa.<\/p>\n<p>T\u00e4m\u00e4 juustotehdas sijaitsee Veladassa, Toledossa, l\u00e4hell\u00e4 Talavera de la Reinan kaupunkia.<\/p>\n<p>Se valmistetaan past\u00f6roidusta maidosta, ja sen kuori on p\u00e4\u00e4llystetty paprikakerroksella, joka antaa sille sen erityisen ja erottamattoman maun.<\/p>\n<p>Paprikakypsytetyn vuohenjuuston lis\u00e4ksi sen tuotevalikoimaan kuuluu my\u00f6s erilaisia muita juustoja, kuten tuorejuustoja.<\/p>\n<p>Kaikki tuotteet on valmistettu k\u00e4sity\u00f6n\u00e4 perinteisell\u00e4 tavalla. Kunkin annoksen paino on noin 320 grammaa. <\/p>\n<p>T\u00e4m\u00e4 tuote on s\u00e4ilytett\u00e4v\u00e4 j\u00e4\u00e4kaapissa 0\u00ba-8\u00ba.<\/p>\n<p>Vuohenjuusto, tai oikeammin vuohenmaitojuusto, tunnetaan nimell\u00e4 ch\u00e8vre (ranskaksi vuohi), ja se on nimitys kaikille vuohenmaidosta valmistetuille juustoille.<\/p>\n<p>Vuohenjuustoa on valmistettu tuhansia vuosia, ja se oli luultavasti yksi varhaisimmista valmistetuista maitotuotteista. Yksinkertaisimmillaan vuohenjuusto valmistetaan antamalla raakamaidon leikata luonnollisesti, valuttamalla ja puristamalla juustomassa. <\/p>\n<p>Jos haluat ostaa muita juustoja tai muita <a href=\"https:\/\/latiendadesami.com\/\" rel=\"noopener noreferrer nofollow\" target=\"_blank\">elintarvikkeita<\/a>, voit tutustua verkkoluetteloomme ja n\u00e4hd\u00e4 laajan tuotevalikoimamme.<\/p>\n<p>Kirjoita meille saadaksesi lis\u00e4tietoja.<\/p>\n","protected":false},"excerpt":{"rendered":"<p>Kypsytetty vuohenjuusto paprikan kera n. 320gr on Queser\u00eda El Manjarin valmistamaa. T\u00e4m\u00e4 juustotehdas sijaitsee Veladassa, Toledossa, l\u00e4hell\u00e4 Talavera de la Reinan kaupunkia. Se valmistetaan past\u00f6roidusta maidosta, ja sen kuori on p\u00e4\u00e4llystetty paprikakerroksella, joka antaa sille sen erityisen ja erottamattoman maun. Paprikakypsytetyn vuohenjuuston lis\u00e4ksi sen tuotevalikoimaan kuuluu my\u00f6s erilaisia muita juustoja, kuten tuorejuustoja. Kaikki tuotteet on [&hellip;]<\/p>\n","protected":false},"featured_media":26823,"template":"","meta":{"_et_pb_use_builder":"","_et_pb_old_content":"","_et_gb_content_width":""},"product_brand":[1246],"product_cat":[2301,5735,1872],"product_tag":[],"class_list":{"0":"post-26819","1":"product","2":"type-product","3":"status-publish","4":"has-post-thumbnail","6":"product_brand-el-manjar","7":"product_cat-juustoa-ja-makkaraa","8":"product_cat-kovettuminen-fi","9":"product_cat-kylma","10":"product_shipping_class-kylmalahetys","12":"first","13":"instock","14":"taxable","15":"shipping-taxable","16":"purchasable","17":"product-type-simple"},"_links":{"self":[{"href":"https:\/\/myspainfood.com\/fi\/wp-json\/wp\/v2\/product\/26819","targetHints":{"allow":["GET"]}}],"collection":[{"href":"https:\/\/myspainfood.com\/fi\/wp-json\/wp\/v2\/product"}],"about":[{"href":"https:\/\/myspainfood.com\/fi\/wp-json\/wp\/v2\/types\/product"}],"wp:featuredmedia":[{"embeddable":true,"href":"https:\/\/myspainfood.com\/fi\/wp-json\/wp\/v2\/media\/26823"}],"wp:attachment":[{"href":"https:\/\/myspainfood.com\/fi\/wp-json\/wp\/v2\/media?parent=26819"}],"wp:term":[{"taxonomy":"product_brand","embeddable":true,"href":"https:\/\/myspainfood.com\/fi\/wp-json\/wp\/v2\/product_brand?post=26819"},{"taxonomy":"product_cat","embeddable":true,"href":"https:\/\/myspainfood.com\/fi\/wp-json\/wp\/v2\/product_cat?post=26819"},{"taxonomy":"product_tag","embeddable":true,"href":"https:\/\/myspainfood.com\/fi\/wp-json\/wp\/v2\/product_tag?post=26819"}],"curies":[{"name":"wp","href":"https:\/\/api.w.org\/{rel}","templated":true}]}}