{"id":26901,"date":"2025-04-10T12:07:32","date_gmt":"2025-04-10T10:07:32","guid":{"rendered":"https:\/\/myspainfood.com\/producto\/kypsytetty-juusto-nelja-tikkua-25kg-noin\/"},"modified":"2025-06-24T13:51:08","modified_gmt":"2025-06-24T11:51:08","slug":"kypsytetty-juusto-nelja-tikkua-25kg-noin","status":"publish","type":"product","link":"https:\/\/myspainfood.com\/fi\/producto\/kypsytetty-juusto-nelja-tikkua-25kg-noin\/","title":{"rendered":"Kypsytetty juusto Nelj\u00e4 tikkua 2,5kg noin."},"content":{"rendered":"<p>Cuatro barras -juusto valmistetaan <a href=\"https:\/\/es.wikipedia.org\/wiki\/Queso_de_leche_de_oveja\" target=\"_blank\" rel=\"noopener noreferrer nofollow\">lampaanmaidosta<\/a>, ja sit\u00e4 kypsytet\u00e4\u00e4n noin 12 kuukautta.<\/p>\n<p>Koko kappale painaa noin 2,5 kiloa.<\/p>\n<p>Past\u00f6roidusta lampaanmaidosta (v\u00e4hint\u00e4\u00e4n 65 %) ja lehm\u00e4nmaidosta valmistettu juusto, jonka maku on erinomainen ja jonka kiinte\u00e4 rakenne korostaa sen intensiivist\u00e4 makua. Erinomainen juusto, joka ei j\u00e4t\u00e4 v\u00e4linpit\u00e4m\u00e4tt\u00f6m\u00e4ksi. <\/p>\n<p>Suosittelemme s\u00e4ilytt\u00e4mist\u00e4 kuivassa ja viile\u00e4ss\u00e4 paikassa, 4-8 \u00baC:n v\u00e4lill\u00e4, jotta se s\u00e4ilyy paremmin.<\/p>\n<p>Lampailla on vain kaksi nis\u00e4\u00e4 ja ne tuottavat paljon v\u00e4hemm\u00e4n maitoa kuin lehm\u00e4t.<\/p>\n<p>Koska lampaanmaito sis\u00e4lt\u00e4\u00e4 kuitenkin paljon enemm\u00e4n rasvaa, kiinteit\u00e4 aineita ja kivenn\u00e4isaineita kuin lehm\u00e4nmaito, se soveltuu erinomaisesti juustonvalmistukseen.<\/p>\n<p>Se kest\u00e4\u00e4 my\u00f6s paremmin likaantumista j\u00e4\u00e4hdytyksen aikana, koska sen kalsiumpitoisuus on paljon suurempi.<\/p>\n<p>Vaikka lampaanmaitoa voi juoda tuoreena, sit\u00e4 k\u00e4ytet\u00e4\u00e4n nyky\u00e4\u00e4n p\u00e4\u00e4asiassa juuston ja jogurtin valmistukseen.<\/p>\n<p>Jos haluat ostaa Queso Curado Cuatro barras -juustoa tai mit\u00e4 tahansa muuta <a href=\"https:\/\/latiendadesami.com\/categoria-producto\/queso-embutido\/\" rel=\"noopener noreferrer nofollow\" target=\"_blank\">juustoa tai leikkeleit\u00e4<\/a>, \u00e4l\u00e4 ep\u00e4r\u00f6i tutustua verkkoluetteloomme. Meill\u00e4 on korkein laatu parhaaseen hintaan.<\/p>\n<p>Kirjoita meille, jos haluat lis\u00e4tietoja tai jos sinulla on kysytt\u00e4v\u00e4\u00e4 t\u00e4st\u00e4 tai mist\u00e4 tahansa muusta tuotteesta.<\/p>\n","protected":false},"excerpt":{"rendered":"<p>Cuatro barras -juusto valmistetaan lampaanmaidosta, ja sit\u00e4 kypsytet\u00e4\u00e4n noin 12 kuukautta. Koko kappale painaa noin 2,5 kiloa. Past\u00f6roidusta lampaanmaidosta (v\u00e4hint\u00e4\u00e4n 65 %) ja lehm\u00e4nmaidosta valmistettu juusto, jonka maku on erinomainen ja jonka kiinte\u00e4 rakenne korostaa sen intensiivist\u00e4 makua. Erinomainen juusto, joka ei j\u00e4t\u00e4 v\u00e4linpit\u00e4m\u00e4tt\u00f6m\u00e4ksi. Suosittelemme s\u00e4ilytt\u00e4mist\u00e4 kuivassa ja viile\u00e4ss\u00e4 paikassa, 4-8 \u00baC:n v\u00e4lill\u00e4, jotta se [&hellip;]<\/p>\n","protected":false},"featured_media":26906,"template":"","meta":{"_et_pb_use_builder":"","_et_pb_old_content":"","_et_gb_content_width":""},"product_brand":[1234],"product_cat":[2301,5735,1872],"product_tag":[],"class_list":{"0":"post-26901","1":"product","2":"type-product","3":"status-publish","4":"has-post-thumbnail","6":"product_brand-cuatro-barras","7":"product_cat-juustoa-ja-makkaraa","8":"product_cat-kovettuminen-fi","9":"product_cat-kylma","10":"product_shipping_class-kylmalahetys","12":"first","13":"outofstock","14":"taxable","15":"shipping-taxable","16":"product-type-variable"},"_links":{"self":[{"href":"https:\/\/myspainfood.com\/fi\/wp-json\/wp\/v2\/product\/26901","targetHints":{"allow":["GET"]}}],"collection":[{"href":"https:\/\/myspainfood.com\/fi\/wp-json\/wp\/v2\/product"}],"about":[{"href":"https:\/\/myspainfood.com\/fi\/wp-json\/wp\/v2\/types\/product"}],"wp:featuredmedia":[{"embeddable":true,"href":"https:\/\/myspainfood.com\/fi\/wp-json\/wp\/v2\/media\/26906"}],"wp:attachment":[{"href":"https:\/\/myspainfood.com\/fi\/wp-json\/wp\/v2\/media?parent=26901"}],"wp:term":[{"taxonomy":"product_brand","embeddable":true,"href":"https:\/\/myspainfood.com\/fi\/wp-json\/wp\/v2\/product_brand?post=26901"},{"taxonomy":"product_cat","embeddable":true,"href":"https:\/\/myspainfood.com\/fi\/wp-json\/wp\/v2\/product_cat?post=26901"},{"taxonomy":"product_tag","embeddable":true,"href":"https:\/\/myspainfood.com\/fi\/wp-json\/wp\/v2\/product_tag?post=26901"}],"curies":[{"name":"wp","href":"https:\/\/api.w.org\/{rel}","templated":true}]}}