{"id":27275,"date":"2025-04-10T12:07:30","date_gmt":"2025-04-10T10:07:30","guid":{"rendered":"https:\/\/myspainfood.com\/producto\/vermutti-los-cantabros-075l\/"},"modified":"2025-04-10T12:07:30","modified_gmt":"2025-04-10T10:07:30","slug":"vermutti-los-cantabros-075l","status":"publish","type":"product","link":"https:\/\/myspainfood.com\/fi\/producto\/vermutti-los-cantabros-075l\/","title":{"rendered":"Vermutti Los C\u00e1ntabros 0,75l"},"content":{"rendered":"<p>Verm\u00fa los C\u00e1ntabros on kunnianosoitus kaikille niille miehille ja naisille, jotka ovat osanneet s\u00e4ilytt\u00e4\u00e4 ja levitt\u00e4\u00e4 kulttuuriamme.<\/p>\n<p>My\u00f6s juuremme ja perinteemme, joihin liittyy messuja, festivaaleja, pelej\u00e4 ja ruokakulttuuria, merelt\u00e4 rakkaan Cantabrian vuorille.<\/p>\n<p>T\u00e4m\u00e4n tuotteen on pullottanut <a href=\"https:\/\/bodegasigarmi.es\/mayoristas-de-bebidas-en-cantabria\/\" target=\"_blank\" rel=\"noopener noreferrer nofollow\">Bodegas Igarmi <\/a>.  <\/p>\n<p>Bodegas Igarmi on perinne, jolle on vuodesta 1890 l\u00e4htien ollut ominaista laatu ja asiakaspalvelu.<\/p>\n<p>Perheyritys, jonka intohimo ja omistautuminen viinille on mahdollistanut sen, ett\u00e4 se voi pullottaa ja markkinoida viinej\u00e4, joiden hinta-laatusuhde on ly\u00f6m\u00e4t\u00f6n ja jotka ovat markkinoilla ja kuluttajien keskuudessa eritt\u00e4in arvostettuja.<\/p>\n<p>Bodegas Igarmilla on Herasin kaupungissa 3000 m\u00b2:n tilat, joiden varastointikapasiteetti on noin miljoona litraa.<\/p>\n<p>Se on my\u00f6s Cantabrian suurin viinitila.<\/p>\n<p>He ovat mahtava yli 30 hengen tiimi, joka on sitoutunut tarjoamaan asiakkaalle parhaan tuotteen ja parhaan palvelun, jonka ansiosta me erotumme muista.<\/p>\n<p>&nbsp;<\/p>\n","protected":false},"excerpt":{"rendered":"<p>Verm\u00fa los C\u00e1ntabros on kunnianosoitus kaikille niille miehille ja naisille, jotka ovat osanneet s\u00e4ilytt\u00e4\u00e4 ja levitt\u00e4\u00e4 kulttuuriamme. My\u00f6s juuremme ja perinteemme, joihin liittyy messuja, festivaaleja, pelej\u00e4 ja ruokakulttuuria, merelt\u00e4 rakkaan Cantabrian vuorille. T\u00e4m\u00e4n tuotteen on pullottanut Bodegas Igarmi . Bodegas Igarmi on perinne, jolle on vuodesta 1890 l\u00e4htien ollut ominaista laatu ja asiakaspalvelu. Perheyritys, jonka [&hellip;]<\/p>\n","protected":false},"featured_media":27285,"template":"","meta":{"_et_pb_use_builder":"","_et_pb_old_content":"","_et_gb_content_width":""},"product_brand":[1244,1245],"product_cat":[4907,5792],"product_tag":[5794],"class_list":{"0":"post-27275","1":"product","2":"type-product","3":"status-publish","4":"has-post-thumbnail","6":"product_brand-igarmi","7":"product_brand-los-cantabros","8":"product_cat-juomat","9":"product_cat-vermutti","10":"product_tag-igarmi-fi","12":"first","13":"instock","14":"taxable","15":"shipping-taxable","16":"purchasable","17":"product-type-variable"},"_links":{"self":[{"href":"https:\/\/myspainfood.com\/fi\/wp-json\/wp\/v2\/product\/27275","targetHints":{"allow":["GET"]}}],"collection":[{"href":"https:\/\/myspainfood.com\/fi\/wp-json\/wp\/v2\/product"}],"about":[{"href":"https:\/\/myspainfood.com\/fi\/wp-json\/wp\/v2\/types\/product"}],"wp:featuredmedia":[{"embeddable":true,"href":"https:\/\/myspainfood.com\/fi\/wp-json\/wp\/v2\/media\/27285"}],"wp:attachment":[{"href":"https:\/\/myspainfood.com\/fi\/wp-json\/wp\/v2\/media?parent=27275"}],"wp:term":[{"taxonomy":"product_brand","embeddable":true,"href":"https:\/\/myspainfood.com\/fi\/wp-json\/wp\/v2\/product_brand?post=27275"},{"taxonomy":"product_cat","embeddable":true,"href":"https:\/\/myspainfood.com\/fi\/wp-json\/wp\/v2\/product_cat?post=27275"},{"taxonomy":"product_tag","embeddable":true,"href":"https:\/\/myspainfood.com\/fi\/wp-json\/wp\/v2\/product_tag?post=27275"}],"curies":[{"name":"wp","href":"https:\/\/api.w.org\/{rel}","templated":true}]}}