{"id":27630,"date":"2025-04-10T12:07:50","date_gmt":"2025-04-10T10:07:50","guid":{"rendered":"https:\/\/myspainfood.com\/producto\/almagro-variant-oliivit-760-g\/"},"modified":"2025-04-10T12:07:50","modified_gmt":"2025-04-10T10:07:50","slug":"almagro-variant-oliivit-760-g","status":"publish","type":"product","link":"https:\/\/myspainfood.com\/fi\/producto\/almagro-variant-oliivit-760-g\/","title":{"rendered":"Almagro Variant Oliivit 760 g"},"content":{"rendered":"<p>Almagro lajike oliivi 760 gr - La Tienda de Sami<\/p>\n<p>Aubergiinin makuinen oliiviMunakoison makuinen oliiviMiedon makuinen oliivi. Rohkea alkupala, joka on aina ruokahalua her\u00e4tt\u00e4v\u00e4 ja ihanteellinen lusikkaruokien t\u00e4ydent\u00e4j\u00e4. Voidaan nauttia viinilasillisen kanssa.  <\/p>\n","protected":false},"excerpt":{"rendered":"<p>Almagro lajike oliivi 760 gr - La Tienda de Sami Aubergiinin makuinen oliiviMunakoison makuinen oliiviMiedon makuinen oliivi. Rohkea alkupala, joka on aina ruokahalua her\u00e4tt\u00e4v\u00e4 ja ihanteellinen lusikkaruokien t\u00e4ydent\u00e4j\u00e4. Voidaan nauttia viinilasillisen kanssa.<\/p>\n","protected":false},"featured_media":27636,"template":"","meta":{"_et_pb_use_builder":"","_et_pb_old_content":"","_et_gb_content_width":""},"product_brand":[1057],"product_cat":[1781,1779],"product_tag":[3964],"class_list":{"0":"post-27630","1":"product","2":"type-product","3":"status-publish","4":"has-post-thumbnail","6":"product_brand-la-encajera","7":"product_cat-oliivit","8":"product_cat-pikkelsia","9":"product_tag-almagro-fi","11":"first","12":"outofstock","13":"taxable","14":"shipping-taxable","15":"product-type-variable"},"_links":{"self":[{"href":"https:\/\/myspainfood.com\/fi\/wp-json\/wp\/v2\/product\/27630","targetHints":{"allow":["GET"]}}],"collection":[{"href":"https:\/\/myspainfood.com\/fi\/wp-json\/wp\/v2\/product"}],"about":[{"href":"https:\/\/myspainfood.com\/fi\/wp-json\/wp\/v2\/types\/product"}],"wp:featuredmedia":[{"embeddable":true,"href":"https:\/\/myspainfood.com\/fi\/wp-json\/wp\/v2\/media\/27636"}],"wp:attachment":[{"href":"https:\/\/myspainfood.com\/fi\/wp-json\/wp\/v2\/media?parent=27630"}],"wp:term":[{"taxonomy":"product_brand","embeddable":true,"href":"https:\/\/myspainfood.com\/fi\/wp-json\/wp\/v2\/product_brand?post=27630"},{"taxonomy":"product_cat","embeddable":true,"href":"https:\/\/myspainfood.com\/fi\/wp-json\/wp\/v2\/product_cat?post=27630"},{"taxonomy":"product_tag","embeddable":true,"href":"https:\/\/myspainfood.com\/fi\/wp-json\/wp\/v2\/product_tag?post=27630"}],"curies":[{"name":"wp","href":"https:\/\/api.w.org\/{rel}","templated":true}]}}