{"id":27727,"date":"2025-04-10T12:07:50","date_gmt":"2025-04-10T10:07:50","guid":{"rendered":"https:\/\/myspainfood.com\/producto\/carzorla-gourmet-mustamakkara-320-g\/"},"modified":"2025-04-10T12:07:50","modified_gmt":"2025-04-10T10:07:50","slug":"carzorla-gourmet-mustamakkara-320-g","status":"publish","type":"product","link":"https:\/\/myspainfood.com\/fi\/producto\/carzorla-gourmet-mustamakkara-320-g\/","title":{"rendered":"Carzorla Gourmet-mustamakkara 320 g"},"content":{"rendered":"<pre>Morcilla de caldera Gourmet de Carzorla<\/pre>\n<p>Se ei ole muuta kuin kattilassa kypsennetty, t\u00e4ytt\u00e4m\u00e4t\u00f6n mustamakkarataikina. Voit k\u00e4ytt\u00e4\u00e4 sit\u00e4 pastien, nyyttien, paahdetun leiv\u00e4n t\u00e4ytteen\u00e4 tai ruokalajina, johon voit &#8221;dipata&#8221; leip\u00e4\u00e4. <\/p>\n","protected":false},"excerpt":{"rendered":"<p>Morcilla de caldera Gourmet de Carzorla Se ei ole muuta kuin kattilassa kypsennetty, t\u00e4ytt\u00e4m\u00e4t\u00f6n mustamakkarataikina. Voit k\u00e4ytt\u00e4\u00e4 sit\u00e4 pastien, nyyttien, paahdetun leiv\u00e4n t\u00e4ytteen\u00e4 tai ruokalajina, johon voit &#8221;dipata&#8221; leip\u00e4\u00e4.<\/p>\n","protected":false},"featured_media":27733,"template":"","meta":{"_et_pb_use_builder":"","_et_pb_old_content":"","_et_gb_content_width":""},"product_brand":[1252],"product_cat":[1945,3730],"product_tag":[],"class_list":{"0":"post-27727","1":"product","2":"type-product","3":"status-publish","4":"has-post-thumbnail","6":"product_brand-gourmet-de-cazorla","7":"product_cat-sailyttaa","8":"product_cat-vihannekset","10":"first","11":"instock","12":"taxable","13":"shipping-taxable","14":"purchasable","15":"product-type-variable"},"_links":{"self":[{"href":"https:\/\/myspainfood.com\/fi\/wp-json\/wp\/v2\/product\/27727","targetHints":{"allow":["GET"]}}],"collection":[{"href":"https:\/\/myspainfood.com\/fi\/wp-json\/wp\/v2\/product"}],"about":[{"href":"https:\/\/myspainfood.com\/fi\/wp-json\/wp\/v2\/types\/product"}],"wp:featuredmedia":[{"embeddable":true,"href":"https:\/\/myspainfood.com\/fi\/wp-json\/wp\/v2\/media\/27733"}],"wp:attachment":[{"href":"https:\/\/myspainfood.com\/fi\/wp-json\/wp\/v2\/media?parent=27727"}],"wp:term":[{"taxonomy":"product_brand","embeddable":true,"href":"https:\/\/myspainfood.com\/fi\/wp-json\/wp\/v2\/product_brand?post=27727"},{"taxonomy":"product_cat","embeddable":true,"href":"https:\/\/myspainfood.com\/fi\/wp-json\/wp\/v2\/product_cat?post=27727"},{"taxonomy":"product_tag","embeddable":true,"href":"https:\/\/myspainfood.com\/fi\/wp-json\/wp\/v2\/product_tag?post=27727"}],"curies":[{"name":"wp","href":"https:\/\/api.w.org\/{rel}","templated":true}]}}