{"id":28506,"date":"2025-04-10T12:07:50","date_gmt":"2025-04-10T10:07:50","guid":{"rendered":"https:\/\/myspainfood.com\/producto\/persikka-siirapissa-oti-530-gr-12-yksikkoa\/"},"modified":"2025-04-10T12:07:50","modified_gmt":"2025-04-10T10:07:50","slug":"persikka-siirapissa-oti-530-gr-12-yksikkoa","status":"publish","type":"product","link":"https:\/\/myspainfood.com\/fi\/producto\/persikka-siirapissa-oti-530-gr-12-yksikkoa\/","title":{"rendered":"Persikka siirapissa Oti 530 gr 12 YKSIKK\u00d6\u00c4"},"content":{"rendered":"<p>Hedelm\u00e4t siirapissa on er\u00e4\u00e4nlainen hillotyyppi1 , joka saadaan hedelm\u00e4paloista (palat voivat olla neli\u00f6it\u00e4, puolikkaita, nelj\u00e4sosia, viipaleita, julienneja), jotka keitet\u00e4\u00e4n siirapissa tai siirapissa, kunnes se sakenee. T\u00e4ss\u00e4 prosessissa tapahtuu veden vaihtuminen tai siirtyminen hypotonisesta v\u00e4liaineesta (jossa on v\u00e4hemm\u00e4n liuottuneita aineita) hypertoniseen v\u00e4liaineeseen (jossa on enemm\u00e4n liuottuneita aineita), joka korvataan hypertonisessa v\u00e4liaineessa olevilla liuottuneilla aineilla (liukoisilla kiinteill\u00e4 aineilla), eli hedelm\u00e4n lehtien sis\u00e4lt\u00e4m\u00e4 vesi ja siirapin tai siirapin sokerit siirtyv\u00e4t siihen. T\u00e4t\u00e4 prosessia k\u00e4ytet\u00e4\u00e4n hedelmien s\u00e4il\u00f6miseen, jotta ne voidaan nauttia pitk\u00e4n ajan kuluttua.    <\/p>\n","protected":false},"excerpt":{"rendered":"<p>Hedelm\u00e4t siirapissa on er\u00e4\u00e4nlainen hillotyyppi1 , joka saadaan hedelm\u00e4paloista (palat voivat olla neli\u00f6it\u00e4, puolikkaita, nelj\u00e4sosia, viipaleita, julienneja), jotka keitet\u00e4\u00e4n siirapissa tai siirapissa, kunnes se sakenee. T\u00e4ss\u00e4 prosessissa tapahtuu veden vaihtuminen tai siirtyminen hypotonisesta v\u00e4liaineesta (jossa on v\u00e4hemm\u00e4n liuottuneita aineita) hypertoniseen v\u00e4liaineeseen (jossa on enemm\u00e4n liuottuneita aineita), joka korvataan hypertonisessa v\u00e4liaineessa olevilla liuottuneilla aineilla (liukoisilla kiinteill\u00e4 [&hellip;]<\/p>\n","protected":false},"featured_media":25213,"template":"","meta":{"_et_pb_use_builder":"","_et_pb_old_content":"","_et_gb_content_width":""},"product_brand":[1075],"product_cat":[5085,1945],"product_tag":[3213],"class_list":{"0":"post-28506","1":"product","2":"type-product","3":"status-publish","4":"has-post-thumbnail","6":"product_brand-oti","7":"product_cat-persikka","8":"product_cat-sailyttaa","9":"product_tag-siirappi","11":"first","12":"outofstock","13":"sale","14":"taxable","15":"shipping-taxable","16":"purchasable","17":"product-type-simple"},"_links":{"self":[{"href":"https:\/\/myspainfood.com\/fi\/wp-json\/wp\/v2\/product\/28506","targetHints":{"allow":["GET"]}}],"collection":[{"href":"https:\/\/myspainfood.com\/fi\/wp-json\/wp\/v2\/product"}],"about":[{"href":"https:\/\/myspainfood.com\/fi\/wp-json\/wp\/v2\/types\/product"}],"wp:featuredmedia":[{"embeddable":true,"href":"https:\/\/myspainfood.com\/fi\/wp-json\/wp\/v2\/media\/25213"}],"wp:attachment":[{"href":"https:\/\/myspainfood.com\/fi\/wp-json\/wp\/v2\/media?parent=28506"}],"wp:term":[{"taxonomy":"product_brand","embeddable":true,"href":"https:\/\/myspainfood.com\/fi\/wp-json\/wp\/v2\/product_brand?post=28506"},{"taxonomy":"product_cat","embeddable":true,"href":"https:\/\/myspainfood.com\/fi\/wp-json\/wp\/v2\/product_cat?post=28506"},{"taxonomy":"product_tag","embeddable":true,"href":"https:\/\/myspainfood.com\/fi\/wp-json\/wp\/v2\/product_tag?post=28506"}],"curies":[{"name":"wp","href":"https:\/\/api.w.org\/{rel}","templated":true}]}}