{"id":29220,"date":"2025-04-10T12:08:22","date_gmt":"2025-04-10T10:08:22","guid":{"rendered":"https:\/\/myspainfood.com\/producto\/turska-30-40-kokonainen-kokonainen-suolattu-farsaarten-turska\/"},"modified":"2025-07-28T10:41:24","modified_gmt":"2025-07-28T08:41:24","slug":"turska-30-40-kokonainen-kokonainen-suolattu-farsaarten-turska","status":"publish","type":"product","link":"https:\/\/myspainfood.com\/fi\/producto\/turska-30-40-kokonainen-kokonainen-suolattu-farsaarten-turska\/","title":{"rendered":"Turska 30\/40 Kokonainen Kokonainen suolattu F\u00e4rsaarten turska"},"content":{"rendered":"<div class=\"et_pb_tab clearfix et_pb_active_content et-pb-active-slide\">\n<div class=\"et_pb_tab_content\">\n<p>Turska 30\/40 Kokonainen suolattu F\u00e4rsaarten turska <a href=\"https:\/\/labarajilla.es\/bacalao\/\" target=\"_blank\" rel=\"noopener noreferrer nofollow\">La Barajilla<\/a> perustuu kokonaiseen turskapalaan, joka on leikattu kahtia, suolattu ja suolattu.<\/p>\n<p>Pohjana alueellisten ruokien valmistukselle kunkin maan perinteiden mukaisesti.<\/p>\n<ul>\n<li><strong>KOKO<\/strong>: 30\/40<\/li>\n<li><strong>LAJI<\/strong>: Turska ( Gadus Morhua )<u><\/u><u><\/u><\/li>\n<li><strong>KALASTUSVY\u00d6HYKE<\/strong>: Luoteis-Atlantti ( FAO 27 )<u><\/u><u><\/u><\/li>\n<li><strong>S\u00c4ILYTYS<\/strong>: 0\u00baC ja 5\u00baC v\u00e4lill\u00e4.<\/li>\n<\/ul>\n<p>Ravitsemukselliselta kannalta turska on runsaasti proteiinia sis\u00e4lt\u00e4v\u00e4 elintarvike, jolla on korkea biologinen arvo ja korkea sulavuus ja jonka rasva- ja kaloripitoisuus on alhainen.<\/p>\n<p>Vesipitoisuus on noin 80 % (tuoreessa turskassa).<\/p>\n<p>T\u00e4m\u00e4 turska on hyv\u00e4 vitamiinien (l\u00e4hinn\u00e4 B-ryhm\u00e4n) ja elimist\u00f6lle v\u00e4ltt\u00e4m\u00e4tt\u00f6mien mineraalisuolojen l\u00e4hde.<\/p>\n<p>Korkeasta verenpaineesta k\u00e4rsiv\u00e4t voivat nauttia tuoretta tai suolatonta turskaa, sill\u00e4 se sis\u00e4lt\u00e4\u00e4 v\u00e4h\u00e4n natriumia ja runsaasti kaliumia.<\/p>\n<p>&#8221;Turska on yleinen nimi useille Gadus-suvun kalalajeille, vaikka joillakin saman suvun lajeilla voi olla muitakin nimi\u00e4.<\/p>\n<p>Yleisin laji on Atlantin turska (Gadus morhua).<\/p>\n<p>Jos haluat ostaa turskaa 30\/40 Kokonaista suolattua F\u00e4rsaarten turskaa tai mit\u00e4 tahansa muuta <a href=\"https:\/\/latiendadesami.com\/categoria-producto\/frio\/\" rel=\"noopener noreferrer nofollow\" target=\"_blank\">kylm\u00e4tuotetta<\/a>, \u00e4l\u00e4 ep\u00e4r\u00f6i katsoa koko verkkoluetteloamme n\u00e4hd\u00e4ksesi laajan turskavalikoimamme.<\/p>\n<p>Kirjoita meille saadaksesi lis\u00e4tietoja.<\/p>\n<\/div>\n<\/div>\n","protected":false},"excerpt":{"rendered":"<p>Turska 30\/40 Kokonainen suolattu F\u00e4rsaarten turska La Barajilla perustuu kokonaiseen turskapalaan, joka on leikattu kahtia, suolattu ja suolattu. Pohjana alueellisten ruokien valmistukselle kunkin maan perinteiden mukaisesti. KOKO: 30\/40 LAJI: Turska ( Gadus Morhua ) KALASTUSVY\u00d6HYKE: Luoteis-Atlantti ( FAO 27 ) S\u00c4ILYTYS: 0\u00baC ja 5\u00baC v\u00e4lill\u00e4. Ravitsemukselliselta kannalta turska on runsaasti proteiinia sis\u00e4lt\u00e4v\u00e4 elintarvike, jolla on [&hellip;]<\/p>\n","protected":false},"featured_media":29224,"template":"","meta":{"_et_pb_use_builder":"","_et_pb_old_content":"","_et_gb_content_width":""},"product_brand":[1290],"product_cat":[1872,3529],"product_tag":[],"class_list":{"0":"post-29220","1":"product","2":"type-product","3":"status-publish","4":"has-post-thumbnail","6":"product_brand-la-barajilla","7":"product_cat-kylma","8":"product_cat-turska","9":"product_shipping_class-kylmalahetys","11":"first","12":"instock","13":"taxable","14":"shipping-taxable","15":"purchasable","16":"product-type-variable"},"_links":{"self":[{"href":"https:\/\/myspainfood.com\/fi\/wp-json\/wp\/v2\/product\/29220","targetHints":{"allow":["GET"]}}],"collection":[{"href":"https:\/\/myspainfood.com\/fi\/wp-json\/wp\/v2\/product"}],"about":[{"href":"https:\/\/myspainfood.com\/fi\/wp-json\/wp\/v2\/types\/product"}],"wp:featuredmedia":[{"embeddable":true,"href":"https:\/\/myspainfood.com\/fi\/wp-json\/wp\/v2\/media\/29224"}],"wp:attachment":[{"href":"https:\/\/myspainfood.com\/fi\/wp-json\/wp\/v2\/media?parent=29220"}],"wp:term":[{"taxonomy":"product_brand","embeddable":true,"href":"https:\/\/myspainfood.com\/fi\/wp-json\/wp\/v2\/product_brand?post=29220"},{"taxonomy":"product_cat","embeddable":true,"href":"https:\/\/myspainfood.com\/fi\/wp-json\/wp\/v2\/product_cat?post=29220"},{"taxonomy":"product_tag","embeddable":true,"href":"https:\/\/myspainfood.com\/fi\/wp-json\/wp\/v2\/product_tag?post=29220"}],"curies":[{"name":"wp","href":"https:\/\/api.w.org\/{rel}","templated":true}]}}