{"id":29251,"date":"2025-04-10T12:08:11","date_gmt":"2025-04-10T10:08:11","guid":{"rendered":"https:\/\/myspainfood.com\/producto\/juustoherkkuja-anjoviksen-kanssa-75-yksikkoa\/"},"modified":"2025-08-06T12:57:09","modified_gmt":"2025-08-06T10:57:09","slug":"juustoherkkuja-anjoviksen-kanssa-75-yksikkoa","status":"publish","type":"product","link":"https:\/\/myspainfood.com\/fi\/producto\/juustoherkkuja-anjoviksen-kanssa-75-yksikkoa\/","title":{"rendered":"Juustoherkkuja anjoviksen kanssa 75 yksikk\u00f6\u00e4"},"content":{"rendered":"<p>\u00d6ljy\u00e4 (85 % auringonkukka\u00f6ljy, 15 % oliivi\u00f6ljy), <strong>anjoviksella<\/strong> t\u00e4ytettyj\u00e4 oliiveja,<strong> anjovisfileet\u00e4<\/strong>, puolikyps\u00e4\u00e4 juustoa, piparraa ja paprikaa.<\/p>\n","protected":false},"excerpt":{"rendered":"<p>\u00d6ljy\u00e4 (85 % auringonkukka\u00f6ljy, 15 % oliivi\u00f6ljy), anjoviksella t\u00e4ytettyj\u00e4 oliiveja, anjovisfileet\u00e4, puolikyps\u00e4\u00e4 juustoa, piparraa ja paprikaa.<\/p>\n","protected":false},"featured_media":29255,"template":"","meta":{"_et_pb_use_builder":"","_et_pb_old_content":"","_et_gb_content_width":""},"product_brand":[1277],"product_cat":[1872,1781,1779,1874,1873],"product_tag":[],"class_list":{"0":"post-29251","1":"product","2":"type-product","3":"status-publish","4":"has-post-thumbnail","6":"product_brand-bokeo","7":"product_cat-kylma","8":"product_cat-oliivit","9":"product_cat-pikkelsia","10":"product_cat-pintxos-fi","11":"product_cat-sardellit","12":"product_shipping_class-kylmalahetys","14":"first","15":"instock","16":"taxable","17":"shipping-taxable","18":"purchasable","19":"product-type-simple"},"_links":{"self":[{"href":"https:\/\/myspainfood.com\/fi\/wp-json\/wp\/v2\/product\/29251","targetHints":{"allow":["GET"]}}],"collection":[{"href":"https:\/\/myspainfood.com\/fi\/wp-json\/wp\/v2\/product"}],"about":[{"href":"https:\/\/myspainfood.com\/fi\/wp-json\/wp\/v2\/types\/product"}],"wp:featuredmedia":[{"embeddable":true,"href":"https:\/\/myspainfood.com\/fi\/wp-json\/wp\/v2\/media\/29255"}],"wp:attachment":[{"href":"https:\/\/myspainfood.com\/fi\/wp-json\/wp\/v2\/media?parent=29251"}],"wp:term":[{"taxonomy":"product_brand","embeddable":true,"href":"https:\/\/myspainfood.com\/fi\/wp-json\/wp\/v2\/product_brand?post=29251"},{"taxonomy":"product_cat","embeddable":true,"href":"https:\/\/myspainfood.com\/fi\/wp-json\/wp\/v2\/product_cat?post=29251"},{"taxonomy":"product_tag","embeddable":true,"href":"https:\/\/myspainfood.com\/fi\/wp-json\/wp\/v2\/product_tag?post=29251"}],"curies":[{"name":"wp","href":"https:\/\/api.w.org\/{rel}","templated":true}]}}