{"id":29550,"date":"2025-04-10T12:08:22","date_gmt":"2025-04-10T10:08:22","guid":{"rendered":"https:\/\/myspainfood.com\/producto\/koljan-hieno-murska-5kg\/"},"modified":"2025-07-28T10:37:13","modified_gmt":"2025-07-28T08:37:13","slug":"koljan-hieno-murska-5kg","status":"publish","type":"product","link":"https:\/\/myspainfood.com\/fi\/producto\/koljan-hieno-murska-5kg\/","title":{"rendered":"Koljan hieno murska 5kg"},"content":{"rendered":"<p><a href=\"https:\/\/labarajilla.es\/bacalao\/\" target=\"_blank\" rel=\"noopener noreferrer nofollow\">La Barajillan<\/a> Desmigado Fino Abadejo 5kg perustuu korkealaatuisiin paloihin, joissa ei ole nahkaa tai luita ja jotka sopivat erinomaisesti munakkaisiin, kroketteihin ja ajoarrieroihin.<\/p>\n<p>T\u00e4m\u00e4 tuote vaatii s\u00e4ilytysl\u00e4mp\u00f6tilan 0\u00baC-5\u00baC, jotta sen ominaisuudet s\u00e4ilyv\u00e4t ennallaan.<\/p>\n<p>Ravitsemukselliselta kannalta turska on runsaasti proteiinia sis\u00e4lt\u00e4v\u00e4 elintarvike, jolla on korkea biologinen arvo ja korkea sulavuus ja jonka rasva- ja kaloripitoisuus on alhainen.<\/p>\n<p>Vesipitoisuus on noin 80 % (tuoreessa turskassa).<\/p>\n<p>T\u00e4m\u00e4 turska on hyv\u00e4 vitamiinien (l\u00e4hinn\u00e4 B-ryhm\u00e4n) ja elimist\u00f6lle v\u00e4ltt\u00e4m\u00e4tt\u00f6mien mineraalisuolojen l\u00e4hde.<\/p>\n<p>Korkeasta verenpaineesta k\u00e4rsiv\u00e4t voivat nauttia tuoretta tai suolatonta turskaa, sill\u00e4 se sis\u00e4lt\u00e4\u00e4 v\u00e4h\u00e4n natriumia ja runsaasti kaliumia.<\/p>\n<p>&#8221;Turska on yleinen nimi useille Gadus-suvun kalalajeille, vaikka joillakin saman suvun lajeilla voi olla muitakin nimi\u00e4.<\/p>\n<p>Yleisin laji on Atlantin turska (Gadus morhua).<\/p>\n<p>Jos haluat ostaa Desmigado Fino Abadejo 5kg tai mit\u00e4 tahansa muuta <a href=\"https:\/\/latiendadesami.com\/categoria-producto\/frio\/\" rel=\"noopener noreferrer nofollow\" target=\"_blank\">kylm\u00e4\u00e4<\/a> tuotetta, \u00e4l\u00e4 ep\u00e4r\u00f6i katsoa koko verkkoluetteloamme n\u00e4hd\u00e4ksesi laajan turskavalikoiman, joka meill\u00e4 on.<\/p>\n<p>Kirjoita meille saadaksesi lis\u00e4tietoja.<\/p>\n","protected":false},"excerpt":{"rendered":"<p>La Barajillan Desmigado Fino Abadejo 5kg perustuu korkealaatuisiin paloihin, joissa ei ole nahkaa tai luita ja jotka sopivat erinomaisesti munakkaisiin, kroketteihin ja ajoarrieroihin. T\u00e4m\u00e4 tuote vaatii s\u00e4ilytysl\u00e4mp\u00f6tilan 0\u00baC-5\u00baC, jotta sen ominaisuudet s\u00e4ilyv\u00e4t ennallaan. Ravitsemukselliselta kannalta turska on runsaasti proteiinia sis\u00e4lt\u00e4v\u00e4 elintarvike, jolla on korkea biologinen arvo ja korkea sulavuus ja jonka rasva- ja kaloripitoisuus on [&hellip;]<\/p>\n","protected":false},"featured_media":29552,"template":"","meta":{"_et_pb_use_builder":"","_et_pb_old_content":"","_et_gb_content_width":""},"product_brand":[1290],"product_cat":[1872,3529],"product_tag":[],"class_list":{"0":"post-29550","1":"product","2":"type-product","3":"status-publish","4":"has-post-thumbnail","6":"product_brand-la-barajilla","7":"product_cat-kylma","8":"product_cat-turska","9":"product_shipping_class-kylmalahetys","11":"first","12":"outofstock","13":"taxable","14":"shipping-taxable","15":"purchasable","16":"product-type-simple"},"_links":{"self":[{"href":"https:\/\/myspainfood.com\/fi\/wp-json\/wp\/v2\/product\/29550","targetHints":{"allow":["GET"]}}],"collection":[{"href":"https:\/\/myspainfood.com\/fi\/wp-json\/wp\/v2\/product"}],"about":[{"href":"https:\/\/myspainfood.com\/fi\/wp-json\/wp\/v2\/types\/product"}],"wp:featuredmedia":[{"embeddable":true,"href":"https:\/\/myspainfood.com\/fi\/wp-json\/wp\/v2\/media\/29552"}],"wp:attachment":[{"href":"https:\/\/myspainfood.com\/fi\/wp-json\/wp\/v2\/media?parent=29550"}],"wp:term":[{"taxonomy":"product_brand","embeddable":true,"href":"https:\/\/myspainfood.com\/fi\/wp-json\/wp\/v2\/product_brand?post=29550"},{"taxonomy":"product_cat","embeddable":true,"href":"https:\/\/myspainfood.com\/fi\/wp-json\/wp\/v2\/product_cat?post=29550"},{"taxonomy":"product_tag","embeddable":true,"href":"https:\/\/myspainfood.com\/fi\/wp-json\/wp\/v2\/product_tag?post=29550"}],"curies":[{"name":"wp","href":"https:\/\/api.w.org\/{rel}","templated":true}]}}