{"id":29900,"date":"2025-04-10T12:08:04","date_gmt":"2025-04-10T10:08:04","guid":{"rendered":"https:\/\/myspainfood.com\/producto\/hanhenmaksapatee-90-canard-picarpicar-150-g\/"},"modified":"2025-07-28T10:34:40","modified_gmt":"2025-07-28T08:34:40","slug":"hanhenmaksapatee-90-canard-picarpicar-150-g","status":"publish","type":"product","link":"https:\/\/myspainfood.com\/fi\/producto\/hanhenmaksapatee-90-canard-picarpicar-150-g\/","title":{"rendered":"Hanhenmaksapatee 90% Canard Picar&amp;picar 150 g"},"content":{"rendered":"<p>PICAR&amp;PICAR tarjoaa ensiluokkaista Bloc Foie Gras -maksaruokaa 150 gramman pakkauksissa<\/p>\n<p><strong>Foie gras de canard<\/strong> on voimakkaamman makuinen, ja se sopii erinomaisesti aterioiden seuraksi milloin tahansa tai k\u00e4ytett\u00e4v\u00e4ksi ainesosana keitti\u00f6ss\u00e4.<\/p>\n","protected":false},"excerpt":{"rendered":"<p>PICAR&amp;PICAR tarjoaa ensiluokkaista Bloc Foie Gras -maksaruokaa 150 gramman pakkauksissa Foie gras de canard on voimakkaamman makuinen, ja se sopii erinomaisesti aterioiden seuraksi milloin tahansa tai k\u00e4ytett\u00e4v\u00e4ksi ainesosana keitti\u00f6ss\u00e4.<\/p>\n","protected":false},"featured_media":29902,"template":"","meta":{"_et_pb_use_builder":"","_et_pb_old_content":"","_et_gb_content_width":""},"product_brand":[1127],"product_cat":[6602,1872],"product_tag":[],"class_list":{"0":"post-29900","1":"product","2":"type-product","3":"status-publish","4":"has-post-thumbnail","6":"product_brand-picarpicar","7":"product_cat-foie-fi","8":"product_cat-kylma","9":"product_shipping_class-kylmalahetys","11":"first","12":"outofstock","13":"sale","14":"featured","15":"taxable","16":"shipping-taxable","17":"purchasable","18":"product-type-simple"},"_links":{"self":[{"href":"https:\/\/myspainfood.com\/fi\/wp-json\/wp\/v2\/product\/29900","targetHints":{"allow":["GET"]}}],"collection":[{"href":"https:\/\/myspainfood.com\/fi\/wp-json\/wp\/v2\/product"}],"about":[{"href":"https:\/\/myspainfood.com\/fi\/wp-json\/wp\/v2\/types\/product"}],"wp:featuredmedia":[{"embeddable":true,"href":"https:\/\/myspainfood.com\/fi\/wp-json\/wp\/v2\/media\/29902"}],"wp:attachment":[{"href":"https:\/\/myspainfood.com\/fi\/wp-json\/wp\/v2\/media?parent=29900"}],"wp:term":[{"taxonomy":"product_brand","embeddable":true,"href":"https:\/\/myspainfood.com\/fi\/wp-json\/wp\/v2\/product_brand?post=29900"},{"taxonomy":"product_cat","embeddable":true,"href":"https:\/\/myspainfood.com\/fi\/wp-json\/wp\/v2\/product_cat?post=29900"},{"taxonomy":"product_tag","embeddable":true,"href":"https:\/\/myspainfood.com\/fi\/wp-json\/wp\/v2\/product_tag?post=29900"}],"curies":[{"name":"wp","href":"https:\/\/api.w.org\/{rel}","templated":true}]}}