{"id":30110,"date":"2025-04-10T12:08:03","date_gmt":"2025-04-10T10:08:03","guid":{"rendered":"https:\/\/myspainfood.com\/producto\/cantabrian-juusto-ja-anjovis-gildas-5-yksikkoa\/"},"modified":"2025-06-24T16:14:06","modified_gmt":"2025-06-24T14:14:06","slug":"cantabrian-juusto-ja-anjovis-gildas-5-yksikkoa","status":"publish","type":"product","link":"https:\/\/myspainfood.com\/fi\/producto\/cantabrian-juusto-ja-anjovis-gildas-5-yksikkoa\/","title":{"rendered":"Cantabrian juusto ja anjovis Gildas 5 yksikk\u00f6\u00e4"},"content":{"rendered":"<p>\u00d6ljy\u00e4 (85 % auringonkukka\u00f6ljy, 15 % oliivi\u00f6ljy), <strong>anjoviksella<\/strong> t\u00e4ytettyj\u00e4 oliiveja,<strong> Kantabrian anjovisfileet\u00e4<\/strong>, puolikyps\u00e4\u00e4 juustoa, paprikaa ja punapippuria.<\/p>\n","protected":false},"excerpt":{"rendered":"<p>\u00d6ljy\u00e4 (85 % auringonkukka\u00f6ljy, 15 % oliivi\u00f6ljy), anjoviksella t\u00e4ytettyj\u00e4 oliiveja, Kantabrian anjovisfileet\u00e4, puolikyps\u00e4\u00e4 juustoa, paprikaa ja punapippuria.<\/p>\n","protected":false},"featured_media":30116,"template":"","meta":{"_et_pb_use_builder":"","_et_pb_old_content":"","_et_gb_content_width":""},"product_brand":[1277],"product_cat":[4021,2301,1872,1781,2375,1779,1874,1945,1873],"product_tag":[],"class_list":{"0":"post-30110","1":"product","2":"type-product","3":"status-publish","4":"has-post-thumbnail","6":"product_brand-bokeo","7":"product_cat-chilipaprikat","8":"product_cat-juustoa-ja-makkaraa","9":"product_cat-kylma","10":"product_cat-oliivit","11":"product_cat-paprikat","12":"product_cat-pikkelsia","13":"product_cat-pintxos-fi","14":"product_cat-sailyttaa","15":"product_cat-sardellit","16":"product_shipping_class-kylmalahetys","18":"first","19":"instock","20":"taxable","21":"shipping-taxable","22":"product-type-variable"},"_links":{"self":[{"href":"https:\/\/myspainfood.com\/fi\/wp-json\/wp\/v2\/product\/30110","targetHints":{"allow":["GET"]}}],"collection":[{"href":"https:\/\/myspainfood.com\/fi\/wp-json\/wp\/v2\/product"}],"about":[{"href":"https:\/\/myspainfood.com\/fi\/wp-json\/wp\/v2\/types\/product"}],"wp:featuredmedia":[{"embeddable":true,"href":"https:\/\/myspainfood.com\/fi\/wp-json\/wp\/v2\/media\/30116"}],"wp:attachment":[{"href":"https:\/\/myspainfood.com\/fi\/wp-json\/wp\/v2\/media?parent=30110"}],"wp:term":[{"taxonomy":"product_brand","embeddable":true,"href":"https:\/\/myspainfood.com\/fi\/wp-json\/wp\/v2\/product_brand?post=30110"},{"taxonomy":"product_cat","embeddable":true,"href":"https:\/\/myspainfood.com\/fi\/wp-json\/wp\/v2\/product_cat?post=30110"},{"taxonomy":"product_tag","embeddable":true,"href":"https:\/\/myspainfood.com\/fi\/wp-json\/wp\/v2\/product_tag?post=30110"}],"curies":[{"name":"wp","href":"https:\/\/api.w.org\/{rel}","templated":true}]}}