{"id":30694,"date":"2025-04-10T12:08:40","date_gmt":"2025-04-10T10:08:40","guid":{"rendered":"https:\/\/myspainfood.com\/producto\/paloiteltu-filee-extra-500gr\/"},"modified":"2025-07-28T10:34:54","modified_gmt":"2025-07-28T08:34:54","slug":"paloiteltu-filee-extra-500gr","status":"publish","type":"product","link":"https:\/\/myspainfood.com\/fi\/producto\/paloiteltu-filee-extra-500gr\/","title":{"rendered":"Paloiteltu filee Extra 500gr"},"content":{"rendered":"<p><a href=\"https:\/\/labarajilla.es\/bacalao\/\" target=\"_blank\" rel=\"noopener noreferrer nofollow\">La Barajilla<\/a> Extra 500 g:n viipaloitu filee perustuu suolatun turskan avoleikkaukseen, jossa valitaan mehukkain osa ja v\u00e4ltet\u00e4\u00e4n ruodot.<\/p>\n<ul>\n<li><strong>LAJI<\/strong>: Turska ( Gadus Morhua )<u><\/u><u><\/u><\/li>\n<li><strong>KALASTUSVY\u00d6HYKE<\/strong>: Luoteis-Atlantti ( FAO 27 )<u><\/u><u><\/u><\/li>\n<li><strong>S\u00c4ILYTYS<\/strong>: 0\u00baC ja 5\u00baC v\u00e4lill\u00e4.<\/li>\n<\/ul>\n<p>Ravitsemukselliselta kannalta turska on runsaasti proteiinia sis\u00e4lt\u00e4v\u00e4 elintarvike, jolla on korkea biologinen arvo ja korkea sulavuus ja jonka rasva- ja kaloripitoisuus on alhainen.<\/p>\n<p>Vesipitoisuus on noin 80 % (tuoreessa turskassa).<\/p>\n<p>T\u00e4m\u00e4 turska on hyv\u00e4 vitamiinien (l\u00e4hinn\u00e4 B-ryhm\u00e4n) ja elimist\u00f6lle v\u00e4ltt\u00e4m\u00e4tt\u00f6mien mineraalisuolojen l\u00e4hde.<\/p>\n<p>Korkeasta verenpaineesta k\u00e4rsiv\u00e4t voivat nauttia tuoretta tai suolatonta turskaa, sill\u00e4 se sis\u00e4lt\u00e4\u00e4 v\u00e4h\u00e4n natriumia ja runsaasti kaliumia.<\/p>\n<p>&#8221;Turska on yleinen nimi useille Gadus-suvun kalalajeille, vaikka joillakin saman suvun lajeilla voi olla muitakin nimi\u00e4.<\/p>\n<p>Yleisin laji on Atlantin turska (Gadus morhua).<\/p>\n<p>Jos haluat ostaa Extra 500 gr viipaloitua fileet\u00e4 tai mit\u00e4 tahansa muuta <a href=\"https:\/\/latiendadesami.com\/categoria-producto\/frio\/\" rel=\"noopener noreferrer nofollow\" target=\"_blank\">kylm\u00e4tuotetta<\/a>, \u00e4l\u00e4 ep\u00e4r\u00f6i katsoa verkkoluetteloamme n\u00e4hd\u00e4ksesi laajan turskavalikoimamme.<\/p>\n<p>Kirjoita meille saadaksesi lis\u00e4tietoja.<\/p>\n","protected":false},"excerpt":{"rendered":"<p>La Barajilla Extra 500 g:n viipaloitu filee perustuu suolatun turskan avoleikkaukseen, jossa valitaan mehukkain osa ja v\u00e4ltet\u00e4\u00e4n ruodot. LAJI: Turska ( Gadus Morhua ) KALASTUSVY\u00d6HYKE: Luoteis-Atlantti ( FAO 27 ) S\u00c4ILYTYS: 0\u00baC ja 5\u00baC v\u00e4lill\u00e4. Ravitsemukselliselta kannalta turska on runsaasti proteiinia sis\u00e4lt\u00e4v\u00e4 elintarvike, jolla on korkea biologinen arvo ja korkea sulavuus ja jonka rasva- ja [&hellip;]<\/p>\n","protected":false},"featured_media":30695,"template":"","meta":{"_et_pb_use_builder":"","_et_pb_old_content":"","_et_gb_content_width":""},"product_brand":[1290],"product_cat":[1872,3529],"product_tag":[],"class_list":{"0":"post-30694","1":"product","2":"type-product","3":"status-publish","4":"has-post-thumbnail","6":"product_brand-la-barajilla","7":"product_cat-kylma","8":"product_cat-turska","9":"product_shipping_class-kylmalahetys","11":"first","12":"outofstock","13":"taxable","14":"shipping-taxable","15":"purchasable","16":"product-type-simple"},"_links":{"self":[{"href":"https:\/\/myspainfood.com\/fi\/wp-json\/wp\/v2\/product\/30694","targetHints":{"allow":["GET"]}}],"collection":[{"href":"https:\/\/myspainfood.com\/fi\/wp-json\/wp\/v2\/product"}],"about":[{"href":"https:\/\/myspainfood.com\/fi\/wp-json\/wp\/v2\/types\/product"}],"wp:featuredmedia":[{"embeddable":true,"href":"https:\/\/myspainfood.com\/fi\/wp-json\/wp\/v2\/media\/30695"}],"wp:attachment":[{"href":"https:\/\/myspainfood.com\/fi\/wp-json\/wp\/v2\/media?parent=30694"}],"wp:term":[{"taxonomy":"product_brand","embeddable":true,"href":"https:\/\/myspainfood.com\/fi\/wp-json\/wp\/v2\/product_brand?post=30694"},{"taxonomy":"product_cat","embeddable":true,"href":"https:\/\/myspainfood.com\/fi\/wp-json\/wp\/v2\/product_cat?post=30694"},{"taxonomy":"product_tag","embeddable":true,"href":"https:\/\/myspainfood.com\/fi\/wp-json\/wp\/v2\/product_tag?post=30694"}],"curies":[{"name":"wp","href":"https:\/\/api.w.org\/{rel}","templated":true}]}}