{"id":30857,"date":"2025-04-10T12:09:09","date_gmt":"2025-04-10T10:09:09","guid":{"rendered":"https:\/\/myspainfood.com\/producto\/el-gran-cardenal-vuohen-ja-lehman-paprika-juusto\/"},"modified":"2025-06-24T14:16:06","modified_gmt":"2025-06-24T12:16:06","slug":"el-gran-cardenal-vuohen-ja-lehman-paprika-juusto","status":"publish","type":"product","link":"https:\/\/myspainfood.com\/fi\/producto\/el-gran-cardenal-vuohen-ja-lehman-paprika-juusto\/","title":{"rendered":"El Gran Cardenal vuohen ja lehm\u00e4n paprika-juusto"},"content":{"rendered":"<div class=\"et_pb_blurb_container\">\n<div class=\"et_pb_blurb_container\">\n<h4 class=\"et_pb_module_header\">Vuohi paprikan kanssa<\/h4>\n<div class=\"et_pb_blurb_description\">Se on p\u00e4\u00e4llystetty ulkopuolelta luonnollisella paprikapaprikalla (jota saadaan kuivaamalla ja jauhamalla paprikaa), joka antaa juustolle vieh\u00e4tt\u00e4v\u00e4n punertavan v\u00e4rin sek\u00e4 aivan erityisen aromin ja maun.<\/p>\n<p>Vuohenmaidon kermaisuuden ja luonnollisen paprikan maun yhdistelm\u00e4 on yksi parhaista mahdollisista juustoyhdistelmist\u00e4.<\/p><\/div>\n<\/div>\n<\/div>\n","protected":false},"excerpt":{"rendered":"<p>Vuohi paprikan kanssa Se on p\u00e4\u00e4llystetty ulkopuolelta luonnollisella paprikapaprikalla (jota saadaan kuivaamalla ja jauhamalla paprikaa), joka antaa juustolle vieh\u00e4tt\u00e4v\u00e4n punertavan v\u00e4rin sek\u00e4 aivan erityisen aromin ja maun. Vuohenmaidon kermaisuuden ja luonnollisen paprikan maun yhdistelm\u00e4 on yksi parhaista mahdollisista juustoyhdistelmist\u00e4.<\/p>\n","protected":false},"featured_media":30863,"template":"","meta":{"_et_pb_use_builder":"","_et_pb_old_content":"","_et_gb_content_width":""},"product_brand":[1319],"product_cat":[2301,2738,1872],"product_tag":[],"class_list":{"0":"post-30857","1":"product","2":"type-product","3":"status-publish","4":"has-post-thumbnail","6":"product_brand-el-gran-cardenal","7":"product_cat-juustoa-ja-makkaraa","8":"product_cat-kovettuminen","9":"product_cat-kylma","10":"product_shipping_class-kylmalahetys","12":"first","13":"outofstock","14":"taxable","15":"shipping-taxable","16":"product-type-variable"},"_links":{"self":[{"href":"https:\/\/myspainfood.com\/fi\/wp-json\/wp\/v2\/product\/30857","targetHints":{"allow":["GET"]}}],"collection":[{"href":"https:\/\/myspainfood.com\/fi\/wp-json\/wp\/v2\/product"}],"about":[{"href":"https:\/\/myspainfood.com\/fi\/wp-json\/wp\/v2\/types\/product"}],"wp:featuredmedia":[{"embeddable":true,"href":"https:\/\/myspainfood.com\/fi\/wp-json\/wp\/v2\/media\/30863"}],"wp:attachment":[{"href":"https:\/\/myspainfood.com\/fi\/wp-json\/wp\/v2\/media?parent=30857"}],"wp:term":[{"taxonomy":"product_brand","embeddable":true,"href":"https:\/\/myspainfood.com\/fi\/wp-json\/wp\/v2\/product_brand?post=30857"},{"taxonomy":"product_cat","embeddable":true,"href":"https:\/\/myspainfood.com\/fi\/wp-json\/wp\/v2\/product_cat?post=30857"},{"taxonomy":"product_tag","embeddable":true,"href":"https:\/\/myspainfood.com\/fi\/wp-json\/wp\/v2\/product_tag?post=30857"}],"curies":[{"name":"wp","href":"https:\/\/api.w.org\/{rel}","templated":true}]}}