{"id":31438,"date":"2025-04-10T12:08:39","date_gmt":"2025-04-10T10:08:39","guid":{"rendered":"https:\/\/myspainfood.com\/producto\/cruceiro-de-ferreiros-albarino\/"},"modified":"2025-09-02T10:42:27","modified_gmt":"2025-09-02T08:42:27","slug":"cruceiro-de-ferreiros-albarino","status":"publish","type":"product","link":"https:\/\/myspainfood.com\/fi\/producto\/cruceiro-de-ferreiros-albarino\/","title":{"rendered":"Cruceiro de Ferreiros Albari\u00f1o"},"content":{"rendered":"<p>T\u00e4m\u00e4 klassinen galicialainen viini on puhdas ja kirkas, v\u00e4rilt\u00e4\u00e4n l\u00e4hes vihre\u00e4. Greippien aromeissa on kukkainen tausta, jossa on vivahteita mineraalisuudesta. Viiniss\u00e4 on t\u00e4ytel\u00e4isyytt\u00e4, hyv\u00e4 rakenne ja voimakas j\u00e4lkimaku, ja se sopii erinomaisesti kevyiden kalaruokien tai tuoreiden juustojen seuraan.  <\/p>\n<div>Albari\u00f1o-, Godello- ja Loureiro-ryp\u00e4leist\u00e4 valmistettu viini sai hopeamitalin International Wine Awards 2017 -kilpailussa valkoviinien kategoriassa.<\/div>\n<p>Nimi\/alue: Ixp Do Mi\u00f1o<\/p>\n","protected":false},"excerpt":{"rendered":"<p>T\u00e4m\u00e4 klassinen galicialainen viini on puhdas ja kirkas, v\u00e4rilt\u00e4\u00e4n l\u00e4hes vihre\u00e4. Greippien aromeissa on kukkainen tausta, jossa on vivahteita mineraalisuudesta. Viiniss\u00e4 on t\u00e4ytel\u00e4isyytt\u00e4, hyv\u00e4 rakenne ja voimakas j\u00e4lkimaku, ja se sopii erinomaisesti kevyiden kalaruokien tai tuoreiden juustojen seuraan. Albari\u00f1o-, Godello- ja Loureiro-ryp\u00e4leist\u00e4 valmistettu viini sai hopeamitalin International Wine Awards 2017 -kilpailussa valkoviinien kategoriassa. Nimi\/alue: Ixp [&hellip;]<\/p>\n","protected":false},"featured_media":31445,"template":"","meta":{"_et_pb_use_builder":"","_et_pb_old_content":"","_et_gb_content_width":""},"product_brand":[1302],"product_cat":[4907,6283],"product_tag":[7021],"class_list":{"0":"post-31438","1":"product","2":"type-product","3":"status-publish","4":"has-post-thumbnail","6":"product_brand-galiciano","7":"product_cat-juomat","8":"product_cat-viini-fi-2","9":"product_tag-albarino-fi","11":"first","12":"instock","13":"taxable","14":"shipping-taxable","15":"purchasable","16":"product-type-variable"},"_links":{"self":[{"href":"https:\/\/myspainfood.com\/fi\/wp-json\/wp\/v2\/product\/31438","targetHints":{"allow":["GET"]}}],"collection":[{"href":"https:\/\/myspainfood.com\/fi\/wp-json\/wp\/v2\/product"}],"about":[{"href":"https:\/\/myspainfood.com\/fi\/wp-json\/wp\/v2\/types\/product"}],"wp:featuredmedia":[{"embeddable":true,"href":"https:\/\/myspainfood.com\/fi\/wp-json\/wp\/v2\/media\/31445"}],"wp:attachment":[{"href":"https:\/\/myspainfood.com\/fi\/wp-json\/wp\/v2\/media?parent=31438"}],"wp:term":[{"taxonomy":"product_brand","embeddable":true,"href":"https:\/\/myspainfood.com\/fi\/wp-json\/wp\/v2\/product_brand?post=31438"},{"taxonomy":"product_cat","embeddable":true,"href":"https:\/\/myspainfood.com\/fi\/wp-json\/wp\/v2\/product_cat?post=31438"},{"taxonomy":"product_tag","embeddable":true,"href":"https:\/\/myspainfood.com\/fi\/wp-json\/wp\/v2\/product_tag?post=31438"}],"curies":[{"name":"wp","href":"https:\/\/api.w.org\/{rel}","templated":true}]}}