{"id":31645,"date":"2025-04-10T12:09:08","date_gmt":"2025-04-10T10:09:08","guid":{"rendered":"https:\/\/myspainfood.com\/producto\/lammasjuusto-rosmariinin-kanssa-el-gran-cardenal\/"},"modified":"2025-07-28T10:32:28","modified_gmt":"2025-07-28T08:32:28","slug":"lammasjuusto-rosmariinin-kanssa-el-gran-cardenal","status":"publish","type":"product","link":"https:\/\/myspainfood.com\/fi\/producto\/lammasjuusto-rosmariinin-kanssa-el-gran-cardenal\/","title":{"rendered":"Lammasjuusto rosmariinin kanssa El Gran Cardenal"},"content":{"rendered":"<div class=\"et_pb_blurb_container\">\n<div class=\"et_pb_blurb_container\">\n<h4 class=\"et_pb_module_header\">Lammas ja rosmariini<\/h4>\n<div class=\"et_pb_blurb_description\">Rosmariini on V\u00e4limeren alueelle tyypillinen aromaattinen kasvi. Sen aromi antaa Castellano de Oveja -juustolle vivahteikkaan tuoksun ja maun sek\u00e4 suojaa juustoa. <\/p>\n<p>Kukkien kieless\u00e4 rosmariini on hyv\u00e4ntahtoisuuden ja avoimuuden symboli.<\/p><\/div>\n<\/div>\n<\/div>\n","protected":false},"excerpt":{"rendered":"<p>Lammas ja rosmariini Rosmariini on V\u00e4limeren alueelle tyypillinen aromaattinen kasvi. Sen aromi antaa Castellano de Oveja -juustolle vivahteikkaan tuoksun ja maun sek\u00e4 suojaa juustoa. Kukkien kieless\u00e4 rosmariini on hyv\u00e4ntahtoisuuden ja avoimuuden symboli.<\/p>\n","protected":false},"featured_media":31651,"template":"","meta":{"_et_pb_use_builder":"","_et_pb_old_content":"","_et_gb_content_width":""},"product_brand":[1319],"product_cat":[2301,2738,1872],"product_tag":[],"class_list":{"0":"post-31645","1":"product","2":"type-product","3":"status-publish","4":"has-post-thumbnail","6":"product_brand-el-gran-cardenal","7":"product_cat-juustoa-ja-makkaraa","8":"product_cat-kovettuminen","9":"product_cat-kylma","10":"product_shipping_class-kylmalahetys","12":"first","13":"outofstock","14":"taxable","15":"shipping-taxable","16":"purchasable","17":"product-type-variable"},"_links":{"self":[{"href":"https:\/\/myspainfood.com\/fi\/wp-json\/wp\/v2\/product\/31645","targetHints":{"allow":["GET"]}}],"collection":[{"href":"https:\/\/myspainfood.com\/fi\/wp-json\/wp\/v2\/product"}],"about":[{"href":"https:\/\/myspainfood.com\/fi\/wp-json\/wp\/v2\/types\/product"}],"wp:featuredmedia":[{"embeddable":true,"href":"https:\/\/myspainfood.com\/fi\/wp-json\/wp\/v2\/media\/31651"}],"wp:attachment":[{"href":"https:\/\/myspainfood.com\/fi\/wp-json\/wp\/v2\/media?parent=31645"}],"wp:term":[{"taxonomy":"product_brand","embeddable":true,"href":"https:\/\/myspainfood.com\/fi\/wp-json\/wp\/v2\/product_brand?post=31645"},{"taxonomy":"product_cat","embeddable":true,"href":"https:\/\/myspainfood.com\/fi\/wp-json\/wp\/v2\/product_cat?post=31645"},{"taxonomy":"product_tag","embeddable":true,"href":"https:\/\/myspainfood.com\/fi\/wp-json\/wp\/v2\/product_tag?post=31645"}],"curies":[{"name":"wp","href":"https:\/\/api.w.org\/{rel}","templated":true}]}}