{"id":31807,"date":"2025-04-10T12:09:10","date_gmt":"2025-04-10T10:09:10","guid":{"rendered":"https:\/\/myspainfood.com\/producto\/vuohen-ja-lehmajuusto-mustan-valkosipulin-kanssa-el-gran-cardenal\/"},"modified":"2025-06-24T16:11:52","modified_gmt":"2025-06-24T14:11:52","slug":"vuohen-ja-lehmajuusto-mustan-valkosipulin-kanssa-el-gran-cardenal","status":"publish","type":"product","link":"https:\/\/myspainfood.com\/fi\/producto\/vuohen-ja-lehmajuusto-mustan-valkosipulin-kanssa-el-gran-cardenal\/","title":{"rendered":"Vuohen- ja lehm\u00e4juusto mustan valkosipulin kanssa El Gran Cardenal"},"content":{"rendered":"<div class=\"et_pb_blurb_container\">\n<div class=\"et_pb_blurb_container\">\n<div class=\"et_pb_blurb_container\">\n<h4 class=\"et_pb_module_header\">Vuohi mustan valkosipulin kanssa<\/h4>\n<div class=\"et_pb_blurb_description\">Vuohen- ja lehm\u00e4nmaidosta valmistettu kermainen juusto, jonka sis\u00e4ll\u00e4 on mustaa valkosipulia. T\u00e4m\u00e4 antaa sille hieman makean maun ja antioksidanttisia ominaisuuksia. <\/p>\n<p>Sille on liitetty my\u00f6s muita ominaisuuksia, kuten sy\u00f6v\u00e4n riskin v\u00e4hent\u00e4minen ja elini\u00e4n pident\u00e4minen. Se, mist\u00e4 olemme varmoja, on se, ett\u00e4 vuohenmaidon ja mustan valkosipulin makutulos yhdess\u00e4 on miellytt\u00e4v\u00e4 yll\u00e4tys. <\/p><\/div>\n<\/div>\n<\/div>\n<\/div>\n","protected":false},"excerpt":{"rendered":"<p>Vuohi mustan valkosipulin kanssa Vuohen- ja lehm\u00e4nmaidosta valmistettu kermainen juusto, jonka sis\u00e4ll\u00e4 on mustaa valkosipulia. T\u00e4m\u00e4 antaa sille hieman makean maun ja antioksidanttisia ominaisuuksia. Sille on liitetty my\u00f6s muita ominaisuuksia, kuten sy\u00f6v\u00e4n riskin v\u00e4hent\u00e4minen ja elini\u00e4n pident\u00e4minen. Se, mist\u00e4 olemme varmoja, on se, ett\u00e4 vuohenmaidon ja mustan valkosipulin makutulos yhdess\u00e4 on miellytt\u00e4v\u00e4 yll\u00e4tys.<\/p>\n","protected":false},"featured_media":31810,"template":"","meta":{"_et_pb_use_builder":"","_et_pb_old_content":"","_et_gb_content_width":""},"product_brand":[1319],"product_cat":[2301,2738,1872],"product_tag":[],"class_list":{"0":"post-31807","1":"product","2":"type-product","3":"status-publish","4":"has-post-thumbnail","6":"product_brand-el-gran-cardenal","7":"product_cat-juustoa-ja-makkaraa","8":"product_cat-kovettuminen","9":"product_cat-kylma","10":"product_shipping_class-kylmalahetys","12":"first","13":"outofstock","14":"taxable","15":"shipping-taxable","16":"purchasable","17":"product-type-variable"},"_links":{"self":[{"href":"https:\/\/myspainfood.com\/fi\/wp-json\/wp\/v2\/product\/31807","targetHints":{"allow":["GET"]}}],"collection":[{"href":"https:\/\/myspainfood.com\/fi\/wp-json\/wp\/v2\/product"}],"about":[{"href":"https:\/\/myspainfood.com\/fi\/wp-json\/wp\/v2\/types\/product"}],"wp:featuredmedia":[{"embeddable":true,"href":"https:\/\/myspainfood.com\/fi\/wp-json\/wp\/v2\/media\/31810"}],"wp:attachment":[{"href":"https:\/\/myspainfood.com\/fi\/wp-json\/wp\/v2\/media?parent=31807"}],"wp:term":[{"taxonomy":"product_brand","embeddable":true,"href":"https:\/\/myspainfood.com\/fi\/wp-json\/wp\/v2\/product_brand?post=31807"},{"taxonomy":"product_cat","embeddable":true,"href":"https:\/\/myspainfood.com\/fi\/wp-json\/wp\/v2\/product_cat?post=31807"},{"taxonomy":"product_tag","embeddable":true,"href":"https:\/\/myspainfood.com\/fi\/wp-json\/wp\/v2\/product_tag?post=31807"}],"curies":[{"name":"wp","href":"https:\/\/api.w.org\/{rel}","templated":true}]}}