{"id":31836,"date":"2025-04-10T12:08:54","date_gmt":"2025-04-10T10:08:54","guid":{"rendered":"https:\/\/myspainfood.com\/producto\/sanmer-black-pearl-olive-140-160-kokonainen-5kg\/"},"modified":"2025-05-08T20:46:17","modified_gmt":"2025-05-08T18:46:17","slug":"sanmer-black-pearl-olive-140-160-kokonainen-5kg","status":"publish","type":"product","link":"https:\/\/myspainfood.com\/fi\/producto\/sanmer-black-pearl-olive-140-160-kokonainen-5kg\/","title":{"rendered":"Sanmer Black Pearl Olive 140\/160 kokonainen 5kg"},"content":{"rendered":"<p>Intensiivisen musta v\u00e4ri, voimakas kiilto, mehukas hedelm\u00e4liha ja miellytt\u00e4v\u00e4 rakenne. Sopii erinomaisesti tuoreiden salaattien ja pizzojen seuraksi, herkullinen mink\u00e4 tahansa miedon ruoan kanssa. <\/p>\n","protected":false},"excerpt":{"rendered":"<p>Intensiivisen musta v\u00e4ri, voimakas kiilto, mehukas hedelm\u00e4liha ja miellytt\u00e4v\u00e4 rakenne. Sopii erinomaisesti tuoreiden salaattien ja pizzojen seuraksi, herkullinen mink\u00e4 tahansa miedon ruoan kanssa.<\/p>\n","protected":false},"featured_media":31838,"template":"","meta":{"_et_pb_use_builder":"","_et_pb_old_content":"","_et_gb_content_width":""},"product_brand":[1069,1303],"product_cat":[1781,1779],"product_tag":[2043,7077],"class_list":{"0":"post-31836","1":"product","2":"type-product","3":"status-publish","4":"has-post-thumbnail","6":"product_brand-sangar","7":"product_brand-sanmer","8":"product_cat-oliivit","9":"product_cat-pikkelsia","10":"product_tag-kamomilla","11":"product_tag-musta","13":"first","14":"outofstock","15":"taxable","16":"shipping-taxable","17":"purchasable","18":"product-type-simple"},"_links":{"self":[{"href":"https:\/\/myspainfood.com\/fi\/wp-json\/wp\/v2\/product\/31836","targetHints":{"allow":["GET"]}}],"collection":[{"href":"https:\/\/myspainfood.com\/fi\/wp-json\/wp\/v2\/product"}],"about":[{"href":"https:\/\/myspainfood.com\/fi\/wp-json\/wp\/v2\/types\/product"}],"wp:featuredmedia":[{"embeddable":true,"href":"https:\/\/myspainfood.com\/fi\/wp-json\/wp\/v2\/media\/31838"}],"wp:attachment":[{"href":"https:\/\/myspainfood.com\/fi\/wp-json\/wp\/v2\/media?parent=31836"}],"wp:term":[{"taxonomy":"product_brand","embeddable":true,"href":"https:\/\/myspainfood.com\/fi\/wp-json\/wp\/v2\/product_brand?post=31836"},{"taxonomy":"product_cat","embeddable":true,"href":"https:\/\/myspainfood.com\/fi\/wp-json\/wp\/v2\/product_cat?post=31836"},{"taxonomy":"product_tag","embeddable":true,"href":"https:\/\/myspainfood.com\/fi\/wp-json\/wp\/v2\/product_tag?post=31836"}],"curies":[{"name":"wp","href":"https:\/\/api.w.org\/{rel}","templated":true}]}}