{"id":32109,"date":"2025-04-10T12:08:59","date_gmt":"2025-04-10T10:08:59","guid":{"rendered":"https:\/\/myspainfood.com\/producto\/m-jesus-de-la-hoz-monsalve-2024-verdejo\/"},"modified":"2025-04-10T12:08:59","modified_gmt":"2025-04-10T10:08:59","slug":"m-jesus-de-la-hoz-monsalve-2024-verdejo","status":"publish","type":"product","link":"https:\/\/myspainfood.com\/fi\/producto\/m-jesus-de-la-hoz-monsalve-2024-verdejo\/","title":{"rendered":"M Jesus de La Hoz Monsalve 2024 Verdejo"},"content":{"rendered":"<div class=\"cs-blog-content\">\n<p>T\u00e4m\u00e4 viini on saanut nimens\u00e4 viininvalmistukseen kiinnittyneen perhetradition kunniaksi. Viininvalmistuslaitteet on varustettu uusimmalla tekniikalla, jotta varmistetaan, ett\u00e4 ryp\u00e4leen puristemehu ei menet\u00e4 mit\u00e4\u00e4n lajikkeen ominaispiirteist\u00e4\u00e4n. K\u00e4yminen ruostumattomasta ter\u00e4ksest\u00e4 valmistetuissa s\u00e4ili\u00f6iss\u00e4 mahdollistaa ehdottoman l\u00e4mp\u00f6tilan hallinnan, mik\u00e4 takaa jokaisen prosessin tiukan laadunvalvonnan. <\/p>\n<p><strong>V\u00e4ri:<\/strong> kirkkaan oljenv\u00e4rinen.<\/p>\n<p><strong>Tuoksu:<\/strong> ilmeik\u00e4s, lajikkeellinen, tuoreet hedelm\u00e4t.<\/p>\n<p><strong>Maku:<\/strong> maukas, hedelm\u00e4inen, raikas, lihaisa.<\/p>\n<\/div>\n<h1><span class=\"vintage\"> <\/span><\/h1>\n","protected":false},"excerpt":{"rendered":"<p>T\u00e4m\u00e4 viini on saanut nimens\u00e4 viininvalmistukseen kiinnittyneen perhetradition kunniaksi. Viininvalmistuslaitteet on varustettu uusimmalla tekniikalla, jotta varmistetaan, ett\u00e4 ryp\u00e4leen puristemehu ei menet\u00e4 mit\u00e4\u00e4n lajikkeen ominaispiirteist\u00e4\u00e4n. K\u00e4yminen ruostumattomasta ter\u00e4ksest\u00e4 valmistetuissa s\u00e4ili\u00f6iss\u00e4 mahdollistaa ehdottoman l\u00e4mp\u00f6tilan hallinnan, mik\u00e4 takaa jokaisen prosessin tiukan laadunvalvonnan. V\u00e4ri: kirkkaan oljenv\u00e4rinen. Tuoksu: ilmeik\u00e4s, lajikkeellinen, tuoreet hedelm\u00e4t. Maku: maukas, hedelm\u00e4inen, raikas, lihaisa.<\/p>\n","protected":false},"featured_media":32116,"template":"","meta":{"_et_pb_use_builder":"","_et_pb_old_content":"","_et_gb_content_width":""},"product_brand":[1140],"product_cat":[4907,5263],"product_tag":[7099,7101],"class_list":{"0":"post-32109","1":"product","2":"type-product","3":"status-publish","4":"has-post-thumbnail","6":"product_brand-ladera-de-los-obispos","7":"product_cat-juomat","8":"product_cat-viini-fi","9":"product_tag-goottilainen","10":"product_tag-pyora","12":"first","13":"instock","14":"featured","15":"taxable","16":"shipping-taxable","17":"purchasable","18":"product-type-variable"},"_links":{"self":[{"href":"https:\/\/myspainfood.com\/fi\/wp-json\/wp\/v2\/product\/32109","targetHints":{"allow":["GET"]}}],"collection":[{"href":"https:\/\/myspainfood.com\/fi\/wp-json\/wp\/v2\/product"}],"about":[{"href":"https:\/\/myspainfood.com\/fi\/wp-json\/wp\/v2\/types\/product"}],"wp:featuredmedia":[{"embeddable":true,"href":"https:\/\/myspainfood.com\/fi\/wp-json\/wp\/v2\/media\/32116"}],"wp:attachment":[{"href":"https:\/\/myspainfood.com\/fi\/wp-json\/wp\/v2\/media?parent=32109"}],"wp:term":[{"taxonomy":"product_brand","embeddable":true,"href":"https:\/\/myspainfood.com\/fi\/wp-json\/wp\/v2\/product_brand?post=32109"},{"taxonomy":"product_cat","embeddable":true,"href":"https:\/\/myspainfood.com\/fi\/wp-json\/wp\/v2\/product_cat?post=32109"},{"taxonomy":"product_tag","embeddable":true,"href":"https:\/\/myspainfood.com\/fi\/wp-json\/wp\/v2\/product_tag?post=32109"}],"curies":[{"name":"wp","href":"https:\/\/api.w.org\/{rel}","templated":true}]}}