{"id":32284,"date":"2025-04-10T12:08:59","date_gmt":"2025-04-10T10:08:59","guid":{"rendered":"https:\/\/myspainfood.com\/producto\/cojonuda-vihannesten-muhennos-mateo-280-g\/"},"modified":"2026-04-10T12:03:49","modified_gmt":"2026-04-10T10:03:49","slug":"cojonuda-vihannesten-muhennos-mateo-280-g","status":"publish","type":"product","link":"https:\/\/myspainfood.com\/fi\/producto\/cojonuda-vihannesten-muhennos-mateo-280-g\/","title":{"rendered":"Cojonuda&#8221; vihannesten muhennos Mateo 280 g"},"content":{"rendered":"<p>Cojonuda&#8221; vihannesmuhennos Mateo <a href=\"https:\/\/twitter.com\/mca_spain\" target=\"_blank\" rel=\"noopener noreferrer nofollow\">Espanjalainen tuote<\/a>.<\/p>\n<p>Pid\u00e4 avattuna j\u00e4\u00e4kaapissa ja nauti mieluiten 5 p\u00e4iv\u00e4n kuluessa.<\/p>\n<p>La Viuda de Mateo on yksi niist\u00e4 kaupallisista tuotemerkeist\u00e4, joilla MCA Spain -yhtym\u00e4 toimii markkinoilla.<\/p>\n<p>MCA Spain on saanut alkunsa sen nykyisen toimitusjohtajan Carlos Ripan kokemuksesta, joka on saanut alkunsa h\u00e4nen ty\u00f6skennelty\u00e4\u00e4n vuosikymmenen ajan elintarvikkeiden v\u00e4hitt\u00e4ismyyntiin liittyv\u00e4ss\u00e4 perheyrityksess\u00e4.<\/p>\n<p>1980-luvun puoliv\u00e4liss\u00e4 Ripa kuitenkin k\u00e4ynnisti oman henkil\u00f6kohtaisen hankkeensa kotikaupungissaan (Mendavia, Navarra): MCA Spain -s\u00e4ilykkeit\u00e4 valmistavan yrityksen.<\/p>\n<p>T\u00e4m\u00e4 vihannes- ja kalas\u00e4ilykkeisiin perustuva yritys on sijoittunut Espanjan maatalouselintarvikealan ensimm\u00e4iseen divisioonaan.<\/p>\n<p>N\u00e4ytt\u00e4v\u00e4 kehitys, joka ei olisi ollut mahdollista ilman ensiluokkaista tiimi\u00e4 ja asiakaspalveluhenkisyytt\u00e4.<\/p>\n<p>Jos haluat ostaa eritt\u00e4in leveit\u00e4 vihreit\u00e4 papuja tai muita <a href=\"https:\/\/latiendadesami.com\/categoria-producto\/conservas\/\" rel=\"noopener noreferrer nofollow\" target=\"_blank\">s\u00e4ilykkeit\u00e4<\/a>, \u00e4l\u00e4 ep\u00e4r\u00f6i tutustua koko verkkoluetteloomme.<\/p>\n<p>Meill\u00e4 on korkein laatu parhaaseen hintaan.<\/p>\n<p>Kirjoita meille, jos haluat lis\u00e4tietoja tai jos sinulla on kysytt\u00e4v\u00e4\u00e4 t\u00e4st\u00e4 tai mist\u00e4 tahansa muusta luettelossamme olevasta tuotteesta.<\/p>\n","protected":false},"excerpt":{"rendered":"<p>Cojonuda&#8221; vihannesmuhennos Mateo Espanjalainen tuote. Pid\u00e4 avattuna j\u00e4\u00e4kaapissa ja nauti mieluiten 5 p\u00e4iv\u00e4n kuluessa. La Viuda de Mateo on yksi niist\u00e4 kaupallisista tuotemerkeist\u00e4, joilla MCA Spain -yhtym\u00e4 toimii markkinoilla. MCA Spain on saanut alkunsa sen nykyisen toimitusjohtajan Carlos Ripan kokemuksesta, joka on saanut alkunsa h\u00e4nen ty\u00f6skennelty\u00e4\u00e4n vuosikymmenen ajan elintarvikkeiden v\u00e4hitt\u00e4ismyyntiin liittyv\u00e4ss\u00e4 perheyrityksess\u00e4. 1980-luvun puoliv\u00e4liss\u00e4 Ripa [&hellip;]<\/p>\n","protected":false},"featured_media":32290,"template":"","meta":{"_et_pb_use_builder":"","_et_pb_old_content":"","_et_gb_content_width":""},"product_brand":[1129],"product_cat":[1945,3730],"product_tag":[],"class_list":{"0":"post-32284","1":"product","2":"type-product","3":"status-publish","4":"has-post-thumbnail","6":"product_brand-mateo","7":"product_cat-sailyttaa","8":"product_cat-vihannekset","10":"first","11":"instock","12":"taxable","13":"shipping-taxable","14":"purchasable","15":"product-type-variable"},"_links":{"self":[{"href":"https:\/\/myspainfood.com\/fi\/wp-json\/wp\/v2\/product\/32284","targetHints":{"allow":["GET"]}}],"collection":[{"href":"https:\/\/myspainfood.com\/fi\/wp-json\/wp\/v2\/product"}],"about":[{"href":"https:\/\/myspainfood.com\/fi\/wp-json\/wp\/v2\/types\/product"}],"wp:featuredmedia":[{"embeddable":true,"href":"https:\/\/myspainfood.com\/fi\/wp-json\/wp\/v2\/media\/32290"}],"wp:attachment":[{"href":"https:\/\/myspainfood.com\/fi\/wp-json\/wp\/v2\/media?parent=32284"}],"wp:term":[{"taxonomy":"product_brand","embeddable":true,"href":"https:\/\/myspainfood.com\/fi\/wp-json\/wp\/v2\/product_brand?post=32284"},{"taxonomy":"product_cat","embeddable":true,"href":"https:\/\/myspainfood.com\/fi\/wp-json\/wp\/v2\/product_cat?post=32284"},{"taxonomy":"product_tag","embeddable":true,"href":"https:\/\/myspainfood.com\/fi\/wp-json\/wp\/v2\/product_tag?post=32284"}],"curies":[{"name":"wp","href":"https:\/\/api.w.org\/{rel}","templated":true}]}}