{"id":32341,"date":"2025-04-10T12:09:28","date_gmt":"2025-04-10T10:09:28","guid":{"rendered":"https:\/\/myspainfood.com\/producto\/el-gran-cardenal-iberialainen-kypsytetty-juusto\/"},"modified":"2025-07-28T13:10:56","modified_gmt":"2025-07-28T11:10:56","slug":"el-gran-cardenal-iberialainen-kypsytetty-juusto","status":"publish","type":"product","link":"https:\/\/myspainfood.com\/fi\/producto\/el-gran-cardenal-iberialainen-kypsytetty-juusto\/","title":{"rendered":"El Gran Cardenal Iberialainen kypsytetty juusto"},"content":{"rendered":"<div class=\"et_pb_blurb_container\">\n<div class=\"et_pb_blurb_container\">\n<div class=\"et_pb_column et_pb_column_4_4 et_pb_column_1 et_pb_css_mix_blend_mode_passthrough et-last-child\">\n<div class=\"et_pb_module et_pb_text et_pb_text_1 et_pb_text_align_justified et_pb_bg_layout_light\">\n<div class=\"et_pb_text_inner\">Valmistettu perhereseptin mukaan hienosta maidon sekoituksesta, joka on eritt\u00e4in voimakas ja kest\u00e4v\u00e4 suussa. Juustot, joiden kypsytysaika vaihtelee puukuivurissa, puolikylm\u00e4 (2-4 kuukauden kypsytysaika) ja kovetettu (4-6 kuukauden kypsytysaika). <\/div>\n<\/div>\n<\/div>\n<\/div>\n<\/div>\n","protected":false},"excerpt":{"rendered":"<p>Valmistettu perhereseptin mukaan hienosta maidon sekoituksesta, joka on eritt\u00e4in voimakas ja kest\u00e4v\u00e4 suussa. Juustot, joiden kypsytysaika vaihtelee puukuivurissa, puolikylm\u00e4 (2-4 kuukauden kypsytysaika) ja kovetettu (4-6 kuukauden kypsytysaika).<\/p>\n","protected":false},"featured_media":32349,"template":"","meta":{"_et_pb_use_builder":"","_et_pb_old_content":"","_et_gb_content_width":""},"product_brand":[1319],"product_cat":[2301,2738,1872],"product_tag":[],"class_list":{"0":"post-32341","1":"product","2":"type-product","3":"status-publish","4":"has-post-thumbnail","6":"product_brand-el-gran-cardenal","7":"product_cat-juustoa-ja-makkaraa","8":"product_cat-kovettuminen","9":"product_cat-kylma","10":"product_shipping_class-kylmalahetys","12":"first","13":"outofstock","14":"taxable","15":"shipping-taxable","16":"product-type-variable"},"_links":{"self":[{"href":"https:\/\/myspainfood.com\/fi\/wp-json\/wp\/v2\/product\/32341","targetHints":{"allow":["GET"]}}],"collection":[{"href":"https:\/\/myspainfood.com\/fi\/wp-json\/wp\/v2\/product"}],"about":[{"href":"https:\/\/myspainfood.com\/fi\/wp-json\/wp\/v2\/types\/product"}],"wp:featuredmedia":[{"embeddable":true,"href":"https:\/\/myspainfood.com\/fi\/wp-json\/wp\/v2\/media\/32349"}],"wp:attachment":[{"href":"https:\/\/myspainfood.com\/fi\/wp-json\/wp\/v2\/media?parent=32341"}],"wp:term":[{"taxonomy":"product_brand","embeddable":true,"href":"https:\/\/myspainfood.com\/fi\/wp-json\/wp\/v2\/product_brand?post=32341"},{"taxonomy":"product_cat","embeddable":true,"href":"https:\/\/myspainfood.com\/fi\/wp-json\/wp\/v2\/product_cat?post=32341"},{"taxonomy":"product_tag","embeddable":true,"href":"https:\/\/myspainfood.com\/fi\/wp-json\/wp\/v2\/product_tag?post=32341"}],"curies":[{"name":"wp","href":"https:\/\/api.w.org\/{rel}","templated":true}]}}