{"id":32615,"date":"2025-04-10T12:09:05","date_gmt":"2025-04-10T10:09:05","guid":{"rendered":"https:\/\/myspainfood.com\/producto\/ekstra-neitsytoliivioljy-valdezarza-5-litraa-2\/"},"modified":"2026-01-29T12:24:20","modified_gmt":"2026-01-29T11:24:20","slug":"ekstra-neitsytoliivioljy-valdezarza-5-litraa-2","status":"publish","type":"product","link":"https:\/\/myspainfood.com\/fi\/producto\/ekstra-neitsytoliivioljy-valdezarza-5-litraa-2\/","title":{"rendered":"Ekstra-neitsytoliivi\u00f6ljy VALDEZARZA 5 litraa"},"content":{"rendered":"<p>Valdezarza Extra Neitsytoliivi\u00f6ljy 5l on korkealaatuista ekstra-neitsytoliivi\u00f6ljy\u00e4, joka on valmistettu suoraan oliiveista ja ainoastaan mekaanisin menetelmin.<\/p>\n<p>Valdezarza sijaitsee Montes de Toledon (Espanja) syd\u00e4mess\u00e4, ja sen ekosysteemi koostuu oliivitarhoista ja luonnosta.<\/p>\n<p>Paras oliivimehu valmistetaan oliiveista: <a href=\"https:\/\/aceitesvaldezarza.com\/quienes-somos\/\" target=\"_blank\" rel=\"noopener noreferrer nofollow\">VALDEZARZA<\/a> Extra Virgin Olive Oil.<\/p>\n<p>Valdezarza Estate sijaitsee San Mart\u00edn de Montalb\u00e1nin kunnassa, joka on maantieteellisesti osa Montes de Toledon aluetta.<\/p>\n<p>Suurin osa t\u00e4st\u00e4 700 hehtaarin alueesta on suojeltua V\u00e4limeren mets\u00e4\u00e4 ja valvottua ekosysteemi\u00e4.<\/p>\n<p>T\u00e4m\u00e4 alue on osa Iberian ilveksen palauttamishanketta, ja voit nauttia upeista kuvista useista ilveksist\u00e4, jotka lep\u00e4\u00e4v\u00e4t oliivipuiden alla.<\/p>\n<p>Pakkauslaitoksen ansiosta he pystyv\u00e4t valvomaan paremmin koko kiertokulkua oliivipuusta pakkaamiseen.<\/p>\n<p>Lis\u00e4ksi yhti\u00f6ll\u00e4 on todellisia tutkimus-, kehitys- ja t\u00e4yt\u00e4nt\u00f6\u00f6npanohankkeita, kuten Messor-hanke.<\/p>\n<p>Jos haluat ostaa <a href=\"https:\/\/latiendadesami.com\/categoria-producto\/aceite\/\" rel=\"noopener noreferrer nofollow\" target=\"_blank\">\u00f6ljy\u00e4<\/a>, \u00e4l\u00e4 ep\u00e4r\u00f6i tutustua verkkoluetteloomme ja n\u00e4hd\u00e4ksesi laajan valikoiman tuotteitamme, kuten Valdezarza Extra Virgin Olive Oil 5l.<\/p>\n<p>Kirjoita meille, jos haluat lis\u00e4tietoja mist\u00e4 tahansa elintarvikkeestamme.<\/p>\n","protected":false},"excerpt":{"rendered":"<p>Valdezarza Extra Neitsytoliivi\u00f6ljy 5l on korkealaatuista ekstra-neitsytoliivi\u00f6ljy\u00e4, joka on valmistettu suoraan oliiveista ja ainoastaan mekaanisin menetelmin. Valdezarza sijaitsee Montes de Toledon (Espanja) syd\u00e4mess\u00e4, ja sen ekosysteemi koostuu oliivitarhoista ja luonnosta. Paras oliivimehu valmistetaan oliiveista: VALDEZARZA Extra Virgin Olive Oil. Valdezarza Estate sijaitsee San Mart\u00edn de Montalb\u00e1nin kunnassa, joka on maantieteellisesti osa Montes de Toledon aluetta. [&hellip;]<\/p>\n","protected":false},"featured_media":32621,"template":"","meta":{"_et_pb_use_builder":"","_et_pb_old_content":"","_et_gb_content_width":""},"product_brand":[1221],"product_cat":[2497,2496],"product_tag":[2498],"class_list":{"0":"post-32615","1":"product","2":"type-product","3":"status-publish","4":"has-post-thumbnail","6":"product_brand-valdezarza","7":"product_cat-ekstra-neitsytoliivi","8":"product_cat-oljy","9":"product_tag-oljy","11":"first","12":"outofstock","13":"featured","14":"taxable","15":"shipping-taxable","16":"purchasable","17":"product-type-simple"},"_links":{"self":[{"href":"https:\/\/myspainfood.com\/fi\/wp-json\/wp\/v2\/product\/32615","targetHints":{"allow":["GET"]}}],"collection":[{"href":"https:\/\/myspainfood.com\/fi\/wp-json\/wp\/v2\/product"}],"about":[{"href":"https:\/\/myspainfood.com\/fi\/wp-json\/wp\/v2\/types\/product"}],"wp:featuredmedia":[{"embeddable":true,"href":"https:\/\/myspainfood.com\/fi\/wp-json\/wp\/v2\/media\/32621"}],"wp:attachment":[{"href":"https:\/\/myspainfood.com\/fi\/wp-json\/wp\/v2\/media?parent=32615"}],"wp:term":[{"taxonomy":"product_brand","embeddable":true,"href":"https:\/\/myspainfood.com\/fi\/wp-json\/wp\/v2\/product_brand?post=32615"},{"taxonomy":"product_cat","embeddable":true,"href":"https:\/\/myspainfood.com\/fi\/wp-json\/wp\/v2\/product_cat?post=32615"},{"taxonomy":"product_tag","embeddable":true,"href":"https:\/\/myspainfood.com\/fi\/wp-json\/wp\/v2\/product_tag?post=32615"}],"curies":[{"name":"wp","href":"https:\/\/api.w.org\/{rel}","templated":true}]}}