{"id":32764,"date":"2025-04-10T12:09:07","date_gmt":"2025-04-10T10:09:07","guid":{"rendered":"https:\/\/myspainfood.com\/producto\/el-gran-cardenal-lampaanjuusto-oliivioljyn-kanssa\/"},"modified":"2025-07-28T13:09:49","modified_gmt":"2025-07-28T11:09:49","slug":"el-gran-cardenal-lampaanjuusto-oliivioljyn-kanssa","status":"publish","type":"product","link":"https:\/\/myspainfood.com\/fi\/producto\/el-gran-cardenal-lampaanjuusto-oliivioljyn-kanssa\/","title":{"rendered":"El Gran Cardenal lampaanjuusto oliivi\u00f6ljyn kanssa"},"content":{"rendered":"<div class=\"et_pb_blurb_container\">\n<div class=\"et_pb_blurb_container\">\n<h4 class=\"et_pb_module_header\">Lampaat \u00f6ljyn kanssa<\/h4>\n<div class=\"et_pb_blurb_description\">Kastilialainen lammasjuustomme, joka on voittanut 4 kansainv\u00e4list\u00e4 kultamitalia, yhdess\u00e4 yhden V\u00e4limeren ruokavalion aarteen, oliivi\u00f6ljyn, kanssa.<\/p>\n<p>T\u00e4h\u00e4n k\u00e4yt\u00e4mme omaa \u00f6ljy\u00e4mme, joka on per\u00e4isin satavuotiaista oliivipuista, joita viljell\u00e4\u00e4n San Isidron ja h\u00e4nen vaimonsa viljelemill\u00e4 mailla&#8230;.<\/p><\/div>\n<\/div>\n<\/div>\n","protected":false},"excerpt":{"rendered":"<p>Lampaat \u00f6ljyn kanssa Kastilialainen lammasjuustomme, joka on voittanut 4 kansainv\u00e4list\u00e4 kultamitalia, yhdess\u00e4 yhden V\u00e4limeren ruokavalion aarteen, oliivi\u00f6ljyn, kanssa. T\u00e4h\u00e4n k\u00e4yt\u00e4mme omaa \u00f6ljy\u00e4mme, joka on per\u00e4isin satavuotiaista oliivipuista, joita viljell\u00e4\u00e4n San Isidron ja h\u00e4nen vaimonsa viljelemill\u00e4 mailla&#8230;.<\/p>\n","protected":false},"featured_media":32772,"template":"","meta":{"_et_pb_use_builder":"","_et_pb_old_content":"","_et_gb_content_width":""},"product_brand":[1319],"product_cat":[2301,2738,1872],"product_tag":[],"class_list":{"0":"post-32764","1":"product","2":"type-product","3":"status-publish","4":"has-post-thumbnail","6":"product_brand-el-gran-cardenal","7":"product_cat-juustoa-ja-makkaraa","8":"product_cat-kovettuminen","9":"product_cat-kylma","10":"product_shipping_class-kylmalahetys","12":"first","13":"outofstock","14":"taxable","15":"shipping-taxable","16":"purchasable","17":"product-type-variable"},"_links":{"self":[{"href":"https:\/\/myspainfood.com\/fi\/wp-json\/wp\/v2\/product\/32764","targetHints":{"allow":["GET"]}}],"collection":[{"href":"https:\/\/myspainfood.com\/fi\/wp-json\/wp\/v2\/product"}],"about":[{"href":"https:\/\/myspainfood.com\/fi\/wp-json\/wp\/v2\/types\/product"}],"wp:featuredmedia":[{"embeddable":true,"href":"https:\/\/myspainfood.com\/fi\/wp-json\/wp\/v2\/media\/32772"}],"wp:attachment":[{"href":"https:\/\/myspainfood.com\/fi\/wp-json\/wp\/v2\/media?parent=32764"}],"wp:term":[{"taxonomy":"product_brand","embeddable":true,"href":"https:\/\/myspainfood.com\/fi\/wp-json\/wp\/v2\/product_brand?post=32764"},{"taxonomy":"product_cat","embeddable":true,"href":"https:\/\/myspainfood.com\/fi\/wp-json\/wp\/v2\/product_cat?post=32764"},{"taxonomy":"product_tag","embeddable":true,"href":"https:\/\/myspainfood.com\/fi\/wp-json\/wp\/v2\/product_tag?post=32764"}],"curies":[{"name":"wp","href":"https:\/\/api.w.org\/{rel}","templated":true}]}}