{"id":32861,"date":"2025-04-10T12:09:28","date_gmt":"2025-04-10T10:09:28","guid":{"rendered":"https:\/\/myspainfood.com\/producto\/espanjalainen-lampaan-raakamaitojuusto-el-gran-cardenal\/"},"modified":"2025-07-28T13:12:13","modified_gmt":"2025-07-28T11:12:13","slug":"espanjalainen-lampaan-raakamaitojuusto-el-gran-cardenal","status":"publish","type":"product","link":"https:\/\/myspainfood.com\/fi\/producto\/espanjalainen-lampaan-raakamaitojuusto-el-gran-cardenal\/","title":{"rendered":"Espanjalainen lampaan raakamaitojuusto El Gran Cardenal"},"content":{"rendered":"<div class=\"et_pb_blurb_container\">\n<div class=\"et_pb_blurb_container\">\n<div class=\"et_pb_blurb_container\">\n<p class=\"et_pb_module_header\">Raaka lampaanmaito<\/p>\n<div class=\"et_pb_blurb_description\">Valmistettu valikoidusta maidosta, joka ker\u00e4t\u00e4\u00e4n p\u00e4ivitt\u00e4in tuoreuden ja laadun varmistamiseksi, mik\u00e4 takaa paremman maun ja erinomaisen aromin.<\/div>\n<\/div>\n<\/div>\n<\/div>\n","protected":false},"excerpt":{"rendered":"<p>Raaka lampaanmaito Valmistettu valikoidusta maidosta, joka ker\u00e4t\u00e4\u00e4n p\u00e4ivitt\u00e4in tuoreuden ja laadun varmistamiseksi, mik\u00e4 takaa paremman maun ja erinomaisen aromin.<\/p>\n","protected":false},"featured_media":32871,"template":"","meta":{"_et_pb_use_builder":"","_et_pb_old_content":"","_et_gb_content_width":""},"product_brand":[1319],"product_cat":[2301,2738,1872],"product_tag":[],"class_list":{"0":"post-32861","1":"product","2":"type-product","3":"status-publish","4":"has-post-thumbnail","6":"product_brand-el-gran-cardenal","7":"product_cat-juustoa-ja-makkaraa","8":"product_cat-kovettuminen","9":"product_cat-kylma","10":"product_shipping_class-kylmalahetys","12":"first","13":"outofstock","14":"taxable","15":"shipping-taxable","16":"purchasable","17":"product-type-variable"},"_links":{"self":[{"href":"https:\/\/myspainfood.com\/fi\/wp-json\/wp\/v2\/product\/32861","targetHints":{"allow":["GET"]}}],"collection":[{"href":"https:\/\/myspainfood.com\/fi\/wp-json\/wp\/v2\/product"}],"about":[{"href":"https:\/\/myspainfood.com\/fi\/wp-json\/wp\/v2\/types\/product"}],"wp:featuredmedia":[{"embeddable":true,"href":"https:\/\/myspainfood.com\/fi\/wp-json\/wp\/v2\/media\/32871"}],"wp:attachment":[{"href":"https:\/\/myspainfood.com\/fi\/wp-json\/wp\/v2\/media?parent=32861"}],"wp:term":[{"taxonomy":"product_brand","embeddable":true,"href":"https:\/\/myspainfood.com\/fi\/wp-json\/wp\/v2\/product_brand?post=32861"},{"taxonomy":"product_cat","embeddable":true,"href":"https:\/\/myspainfood.com\/fi\/wp-json\/wp\/v2\/product_cat?post=32861"},{"taxonomy":"product_tag","embeddable":true,"href":"https:\/\/myspainfood.com\/fi\/wp-json\/wp\/v2\/product_tag?post=32861"}],"curies":[{"name":"wp","href":"https:\/\/api.w.org\/{rel}","templated":true}]}}