{"id":32942,"date":"2025-04-10T12:09:07","date_gmt":"2025-04-10T10:09:07","guid":{"rendered":"https:\/\/myspainfood.com\/producto\/el-gran-cardenal-tryffeloity-lammasjuusto\/"},"modified":"2025-07-28T10:32:42","modified_gmt":"2025-07-28T08:32:42","slug":"el-gran-cardenal-tryffeloity-lammasjuusto","status":"publish","type":"product","link":"https:\/\/myspainfood.com\/fi\/producto\/el-gran-cardenal-tryffeloity-lammasjuusto\/","title":{"rendered":"El Gran Cardenal tryffel\u00f6ity lammasjuusto"},"content":{"rendered":"<div class=\"et_pb_blurb_container\">\n<h4 class=\"et_pb_module_header\">Tryffel\u00f6ity lammas<\/h4>\n<div class=\"et_pb_blurb_description\">\n<p>Juustoista eksklusiivisin. Voittaja Super Gold -mitalin kansainv\u00e4lisess\u00e4 World Cheese Awards 2016-17 -kilpailussa. <\/p>\n<p>Ainoastaan parhaista karjoista per\u00e4isin olevaan lampaanmaitoon lis\u00e4t\u00e4\u00e4n tryffeli\u00e4 heti valmistuksen alusta alkaen, jolloin ne s\u00e4ilyv\u00e4t yhdess\u00e4 koko kypsytyksen ajan ja antavat tuotteelle ainutlaatuisen aromin ja maun, joka kunnioittaa kastilialaisen lampaanmaitojuuston olemusta.<\/p>\n<\/div>\n<\/div>\n","protected":false},"excerpt":{"rendered":"<p>Tryffel\u00f6ity lammas Juustoista eksklusiivisin. Voittaja Super Gold -mitalin kansainv\u00e4lisess\u00e4 World Cheese Awards 2016-17 -kilpailussa. Ainoastaan parhaista karjoista per\u00e4isin olevaan lampaanmaitoon lis\u00e4t\u00e4\u00e4n tryffeli\u00e4 heti valmistuksen alusta alkaen, jolloin ne s\u00e4ilyv\u00e4t yhdess\u00e4 koko kypsytyksen ajan ja antavat tuotteelle ainutlaatuisen aromin ja maun, joka kunnioittaa kastilialaisen lampaanmaitojuuston olemusta.<\/p>\n","protected":false},"featured_media":32948,"template":"","meta":{"_et_pb_use_builder":"","_et_pb_old_content":"","_et_gb_content_width":""},"product_brand":[1319],"product_cat":[2301,2738,1872],"product_tag":[],"class_list":{"0":"post-32942","1":"product","2":"type-product","3":"status-publish","4":"has-post-thumbnail","6":"product_brand-el-gran-cardenal","7":"product_cat-juustoa-ja-makkaraa","8":"product_cat-kovettuminen","9":"product_cat-kylma","10":"product_shipping_class-kylmalahetys","12":"first","13":"outofstock","14":"taxable","15":"shipping-taxable","16":"purchasable","17":"product-type-variable"},"_links":{"self":[{"href":"https:\/\/myspainfood.com\/fi\/wp-json\/wp\/v2\/product\/32942","targetHints":{"allow":["GET"]}}],"collection":[{"href":"https:\/\/myspainfood.com\/fi\/wp-json\/wp\/v2\/product"}],"about":[{"href":"https:\/\/myspainfood.com\/fi\/wp-json\/wp\/v2\/types\/product"}],"wp:featuredmedia":[{"embeddable":true,"href":"https:\/\/myspainfood.com\/fi\/wp-json\/wp\/v2\/media\/32948"}],"wp:attachment":[{"href":"https:\/\/myspainfood.com\/fi\/wp-json\/wp\/v2\/media?parent=32942"}],"wp:term":[{"taxonomy":"product_brand","embeddable":true,"href":"https:\/\/myspainfood.com\/fi\/wp-json\/wp\/v2\/product_brand?post=32942"},{"taxonomy":"product_cat","embeddable":true,"href":"https:\/\/myspainfood.com\/fi\/wp-json\/wp\/v2\/product_cat?post=32942"},{"taxonomy":"product_tag","embeddable":true,"href":"https:\/\/myspainfood.com\/fi\/wp-json\/wp\/v2\/product_tag?post=32942"}],"curies":[{"name":"wp","href":"https:\/\/api.w.org\/{rel}","templated":true}]}}