{"id":33081,"date":"2025-04-10T12:09:23","date_gmt":"2025-04-10T10:09:23","guid":{"rendered":"https:\/\/myspainfood.com\/producto\/mini-juustotahdet-130-kpl\/"},"modified":"2025-06-24T13:42:49","modified_gmt":"2025-06-24T11:42:49","slug":"mini-juustotahdet-130-kpl","status":"publish","type":"product","link":"https:\/\/myspainfood.com\/fi\/producto\/mini-juustotahdet-130-kpl\/","title":{"rendered":"Mini juustot\u00e4hdet 130 kpl"},"content":{"rendered":"<p>\u00d6ljy\u00e4 (85 % auringonkukka\u00f6ljy, 15 % oliivi\u00f6ljy), anjoviksella t\u00e4ytettyj\u00e4 oliiveja, anjovisfileet\u00e4, puolikyps\u00e4\u00e4 juustoa ja paprikaa.<\/p>\n","protected":false},"excerpt":{"rendered":"<p>\u00d6ljy\u00e4 (85 % auringonkukka\u00f6ljy, 15 % oliivi\u00f6ljy), anjoviksella t\u00e4ytettyj\u00e4 oliiveja, anjovisfileet\u00e4, puolikyps\u00e4\u00e4 juustoa ja paprikaa.<\/p>\n","protected":false},"featured_media":33083,"template":"","meta":{"_et_pb_use_builder":"","_et_pb_old_content":"","_et_gb_content_width":""},"product_brand":[1277],"product_cat":[2301,1872,1781,1779,1874,1873],"product_tag":[],"class_list":{"0":"post-33081","1":"product","2":"type-product","3":"status-publish","4":"has-post-thumbnail","6":"product_brand-bokeo","7":"product_cat-juustoa-ja-makkaraa","8":"product_cat-kylma","9":"product_cat-oliivit","10":"product_cat-pikkelsia","11":"product_cat-pintxos-fi","12":"product_cat-sardellit","13":"product_shipping_class-kylmalahetys","15":"first","16":"outofstock","17":"taxable","18":"shipping-taxable","19":"purchasable","20":"product-type-simple"},"_links":{"self":[{"href":"https:\/\/myspainfood.com\/fi\/wp-json\/wp\/v2\/product\/33081","targetHints":{"allow":["GET"]}}],"collection":[{"href":"https:\/\/myspainfood.com\/fi\/wp-json\/wp\/v2\/product"}],"about":[{"href":"https:\/\/myspainfood.com\/fi\/wp-json\/wp\/v2\/types\/product"}],"wp:featuredmedia":[{"embeddable":true,"href":"https:\/\/myspainfood.com\/fi\/wp-json\/wp\/v2\/media\/33083"}],"wp:attachment":[{"href":"https:\/\/myspainfood.com\/fi\/wp-json\/wp\/v2\/media?parent=33081"}],"wp:term":[{"taxonomy":"product_brand","embeddable":true,"href":"https:\/\/myspainfood.com\/fi\/wp-json\/wp\/v2\/product_brand?post=33081"},{"taxonomy":"product_cat","embeddable":true,"href":"https:\/\/myspainfood.com\/fi\/wp-json\/wp\/v2\/product_cat?post=33081"},{"taxonomy":"product_tag","embeddable":true,"href":"https:\/\/myspainfood.com\/fi\/wp-json\/wp\/v2\/product_tag?post=33081"}],"curies":[{"name":"wp","href":"https:\/\/api.w.org\/{rel}","templated":true}]}}