{"id":33479,"date":"2025-04-10T12:10:14","date_gmt":"2025-04-10T10:10:14","guid":{"rendered":"https:\/\/myspainfood.com\/producto\/sydansimpukat-luonnolliset-45-65-areoso\/"},"modified":"2025-04-10T12:10:14","modified_gmt":"2025-04-10T10:10:14","slug":"sydansimpukat-luonnolliset-45-65-areoso","status":"publish","type":"product","link":"https:\/\/myspainfood.com\/fi\/producto\/sydansimpukat-luonnolliset-45-65-areoso\/","title":{"rendered":"Syd\u00e4nsimpukat luonnolliset 45\/65 Areoso"},"content":{"rendered":"<p>Tuote: Cockles 45\/65 kpl.<\/p>\n<p>Ainesosat: Simpukka, vesi ja suola<\/p>\n<p>VALMISTUSMENETELM\u00c4: Syd\u00e4nsimpukat valmistetaan samalla tavalla kuin simpukat, vaikka ne eiv\u00e4t olekaan yht\u00e4 herkk\u00e4 tuote kuin simpukat. Prosessi on seuraava: ne keitet\u00e4\u00e4n vedess\u00e4, jonka hygieeniset ja hygieeniset ominaisuudet ovat asianmukaiset. Koko kuorinta- ja lajitteluprosessi on automatisoitu. Sitten ne pest\u00e4\u00e4n uudelleen kuumassa vedess\u00e4, ja siit\u00e4 ne pakataan. Sitten lis\u00e4t\u00e4\u00e4n peittineste, joka t\u00e4ss\u00e4 tapauksessa on luonnonvett\u00e4. Se suljetaan ja steriloidaan t\u00e4lle tuotteelle ominaisten ja sopivien parametrien mukaisesti. T\u00e4m\u00e4n j\u00e4lkeen se on valmis varastoitavaksi ja myyt\u00e4v\u00e4ksi.      <\/p>\n","protected":false},"excerpt":{"rendered":"<p>Tuote: Cockles 45\/65 kpl. Ainesosat: Simpukka, vesi ja suola VALMISTUSMENETELM\u00c4: Syd\u00e4nsimpukat valmistetaan samalla tavalla kuin simpukat, vaikka ne eiv\u00e4t olekaan yht\u00e4 herkk\u00e4 tuote kuin simpukat. Prosessi on seuraava: ne keitet\u00e4\u00e4n vedess\u00e4, jonka hygieeniset ja hygieeniset ominaisuudet ovat asianmukaiset. Koko kuorinta- ja lajitteluprosessi on automatisoitu. Sitten ne pest\u00e4\u00e4n uudelleen kuumassa vedess\u00e4, ja siit\u00e4 ne pakataan. Sitten [&hellip;]<\/p>\n","protected":false},"featured_media":33481,"template":"","meta":{"_et_pb_use_builder":"","_et_pb_old_content":"","_et_gb_content_width":""},"product_brand":[1358,1075],"product_cat":[5679,1945],"product_tag":[],"class_list":{"0":"post-33479","1":"product","2":"type-product","3":"status-publish","4":"has-post-thumbnail","6":"product_brand-areoso","7":"product_brand-oti","8":"product_cat-cockles-fi","9":"product_cat-sailyttaa","11":"first","12":"outofstock","13":"sale","14":"taxable","15":"shipping-taxable","16":"purchasable","17":"product-type-simple"},"_links":{"self":[{"href":"https:\/\/myspainfood.com\/fi\/wp-json\/wp\/v2\/product\/33479","targetHints":{"allow":["GET"]}}],"collection":[{"href":"https:\/\/myspainfood.com\/fi\/wp-json\/wp\/v2\/product"}],"about":[{"href":"https:\/\/myspainfood.com\/fi\/wp-json\/wp\/v2\/types\/product"}],"wp:featuredmedia":[{"embeddable":true,"href":"https:\/\/myspainfood.com\/fi\/wp-json\/wp\/v2\/media\/33481"}],"wp:attachment":[{"href":"https:\/\/myspainfood.com\/fi\/wp-json\/wp\/v2\/media?parent=33479"}],"wp:term":[{"taxonomy":"product_brand","embeddable":true,"href":"https:\/\/myspainfood.com\/fi\/wp-json\/wp\/v2\/product_brand?post=33479"},{"taxonomy":"product_cat","embeddable":true,"href":"https:\/\/myspainfood.com\/fi\/wp-json\/wp\/v2\/product_cat?post=33479"},{"taxonomy":"product_tag","embeddable":true,"href":"https:\/\/myspainfood.com\/fi\/wp-json\/wp\/v2\/product_tag?post=33479"}],"curies":[{"name":"wp","href":"https:\/\/api.w.org\/{rel}","templated":true}]}}