{"id":33930,"date":"2025-04-10T12:10:12","date_gmt":"2025-04-10T10:10:12","guid":{"rendered":"https:\/\/myspainfood.com\/producto\/80-kpl-cusumano-rannikon-tuore-bonito-18-kg\/"},"modified":"2026-01-13T13:49:06","modified_gmt":"2026-01-13T12:49:06","slug":"80-kpl-cusumano-rannikon-tuore-bonito-18-kg","status":"publish","type":"product","link":"https:\/\/myspainfood.com\/fi\/producto\/80-kpl-cusumano-rannikon-tuore-bonito-18-kg\/","title":{"rendered":"80 kpl Cusumano coastal tuore bonito 1&#8217;8 kg"},"content":{"rendered":"<div id=\"product-description-short-5\" class=\"rte-content\">\n<p style=\"text-align: left;\">Tuore rannikkotonnikala Cusumano on valkoista tonnikalaa, joka pyydet\u00e4\u00e4n yksitellen Kantabrianmerelt\u00e4 ja <a href=\"https:\/\/es.wikipedia.org\/wiki\/Thunnus\" target=\"_blank\" rel=\"noopener noreferrer nofollow\">jalostetaan<\/a> TUOREENA.<\/p>\n<p>T\u00e4m\u00e4 ruoka on maultaan aitoa ja koostumukseltaan poikkeuksellista.<\/p>\n<p>Lopulta p\u00f6yd\u00e4ll\u00e4si voi olla perinteinen s\u00e4il\u00f6nt\u00e4.<\/p>\n<p>Fresco de Costera.<\/p>\n<p>Koska kyseess\u00e4 on kes\u00e4kuusta lokakuuhun kest\u00e4v\u00e4 kausiluonteinen kalastus, Cusumano takaa, ett\u00e4 t\u00e4t\u00e4 valkoista tonnikalaa ei ole pakastettu pyynnin ja tuotannon v\u00e4lill\u00e4.<\/p>\n<p>T\u00e4m\u00e4 tonnikala s\u00e4ilytt\u00e4\u00e4 kaikki aistinvaraiset ominaisuutensa eli v\u00e4rins\u00e4, makunsa ja rakenteensa.<\/p>\n<p>Conservas Cusumanolla on Mundakassa uudet ja nykyaikaiset, l\u00e4hes 6000 m\u00b2:n tilat.<\/p>\n<p>Conservas Cusumano on yritys, joka on yli 60 vuoden ajan s\u00e4ilytt\u00e4nyt rakkauden perinteisiin ja osaamiseen yhdess\u00e4 maailman vanhimmista ja perinteisimmist\u00e4 elinkeinoista: rannikon tuoreen tonnikalan kalastuksessa ja s\u00e4il\u00f6nt\u00e4tuotteissa.<\/p>\n<p>Verraton Urdaibain biosf\u00e4\u00e4rialueella, jonka ansiosta heill\u00e4 on tuoreimmat kalat, koska se sijaitsee niin l\u00e4hell\u00e4 merta, joka l\u00e4p\u00e4isee olemuksemme.<\/p>\n<p>Jos haluat ostaa tuoretta Cusumano Coastal -tonnikalaa tai mit\u00e4 tahansa muuta <a href=\"https:\/\/latiendadesami.com\/categoria-producto\/conservas\/\" rel=\"noopener noreferrer nofollow\" target=\"_blank\">tonnikalas\u00e4ilykett\u00e4<\/a>, \u00e4l\u00e4 ep\u00e4r\u00f6i katsoa koko verkkoluetteloamme n\u00e4hd\u00e4ksesi <a href=\"https:\/\/latiendadesami.com\/categoria-producto\/conservas\/atun-y-bonito\/\" target=\"_blank\" rel=\"noopener noreferrer nofollow\">tonnikalavalikoimamme<\/a>.<\/p>\n<p>Kirjoita meille saadaksesi lis\u00e4tietoja.<\/p>\n<p>&nbsp;<\/p>\n<\/div>\n","protected":false},"excerpt":{"rendered":"<p>Tuore rannikkotonnikala Cusumano on valkoista tonnikalaa, joka pyydet\u00e4\u00e4n yksitellen Kantabrianmerelt\u00e4 ja jalostetaan TUOREENA. T\u00e4m\u00e4 ruoka on maultaan aitoa ja koostumukseltaan poikkeuksellista. Lopulta p\u00f6yd\u00e4ll\u00e4si voi olla perinteinen s\u00e4il\u00f6nt\u00e4. Fresco de Costera. Koska kyseess\u00e4 on kes\u00e4kuusta lokakuuhun kest\u00e4v\u00e4 kausiluonteinen kalastus, Cusumano takaa, ett\u00e4 t\u00e4t\u00e4 valkoista tonnikalaa ei ole pakastettu pyynnin ja tuotannon v\u00e4lill\u00e4. T\u00e4m\u00e4 tonnikala s\u00e4ilytt\u00e4\u00e4 kaikki [&hellip;]<\/p>\n","protected":false},"featured_media":33809,"template":"","meta":{"_et_pb_use_builder":"","_et_pb_old_content":"","_et_gb_content_width":""},"product_brand":[1272],"product_cat":[1945,4282],"product_tag":[],"class_list":{"0":"post-33930","1":"product","2":"type-product","3":"status-publish","4":"has-post-thumbnail","6":"product_brand-cusumano","7":"product_cat-sailyttaa","8":"product_cat-tonnikala-ja-bonito","10":"first","11":"outofstock","12":"taxable","13":"shipping-taxable","14":"purchasable","15":"product-type-simple"},"_links":{"self":[{"href":"https:\/\/myspainfood.com\/fi\/wp-json\/wp\/v2\/product\/33930","targetHints":{"allow":["GET"]}}],"collection":[{"href":"https:\/\/myspainfood.com\/fi\/wp-json\/wp\/v2\/product"}],"about":[{"href":"https:\/\/myspainfood.com\/fi\/wp-json\/wp\/v2\/types\/product"}],"wp:featuredmedia":[{"embeddable":true,"href":"https:\/\/myspainfood.com\/fi\/wp-json\/wp\/v2\/media\/33809"}],"wp:attachment":[{"href":"https:\/\/myspainfood.com\/fi\/wp-json\/wp\/v2\/media?parent=33930"}],"wp:term":[{"taxonomy":"product_brand","embeddable":true,"href":"https:\/\/myspainfood.com\/fi\/wp-json\/wp\/v2\/product_brand?post=33930"},{"taxonomy":"product_cat","embeddable":true,"href":"https:\/\/myspainfood.com\/fi\/wp-json\/wp\/v2\/product_cat?post=33930"},{"taxonomy":"product_tag","embeddable":true,"href":"https:\/\/myspainfood.com\/fi\/wp-json\/wp\/v2\/product_tag?post=33930"}],"curies":[{"name":"wp","href":"https:\/\/api.w.org\/{rel}","templated":true}]}}