{"id":33934,"date":"2025-04-10T12:10:21","date_gmt":"2025-04-10T10:10:21","guid":{"rendered":"https:\/\/myspainfood.com\/producto\/pensassimpukat-oliivioljyssa-areoso-115-g\/"},"modified":"2025-04-10T12:10:21","modified_gmt":"2025-04-10T10:10:21","slug":"pensassimpukat-oliivioljyssa-areoso-115-g","status":"publish","type":"product","link":"https:\/\/myspainfood.com\/fi\/producto\/pensassimpukat-oliivioljyssa-areoso-115-g\/","title":{"rendered":"Pensassimpukat oliivi\u00f6ljyss\u00e4 Areoso 115 g"},"content":{"rendered":"<p>Tuote: Partajalkaiset simpukat oliivi\u00f6ljyss\u00e4<\/p>\n<p>Eritelm\u00e4: Galician Riasin alueelta per\u00e4isin olevat tasakokoiset partaviinisimpukat (Ensis arcuatus) oliivi\u00f6ljyss\u00e4. Puhdistettu ja valittu k\u00e4sin jokaisessa purkissa. <\/p>\n<p>Ainesosat: 56,5 %, oliivi\u00f6ljy 43,5 % ja suola.<\/p>\n<p>Tuotantoprosessi: Kuten muutkin nilvi\u00e4iset, Galician Riasin alueelta ker\u00e4tyt partaveitsisimpukat k\u00e4yv\u00e4t l\u00e4pi puhdistusprosessin heti tehtaalle saapuessaan. Sen j\u00e4lkeen ne keitet\u00e4\u00e4n vedess\u00e4, jolla on oikeat hygienia- ja terveysominaisuudet; nilvi\u00e4iset avataan ja kuoritaan k\u00e4sin varoen rikkomatta niit\u00e4. Sen j\u00e4lkeen ne pest\u00e4\u00e4n uudelleen l\u00e4mpim\u00e4ss\u00e4 suolavedess\u00e4 ja pakataan. T\u00e4m\u00e4n j\u00e4lkeen niihin lis\u00e4t\u00e4\u00e4n oliivi\u00f6ljypinnoite, joka antaa niille pehme\u00e4n rakenteen ja voimakkaan maun. Pakkaukset suljetaan ja steriloidaan t\u00e4lle tuotteelle ominaisten ja sopivien parametrien mukaisesti, jolloin luodaan t\u00e4ydellinen ilmapiiri, jossa ne s\u00e4ilyv\u00e4t useita vuosia ilman mink\u00e4\u00e4nlaisia s\u00e4il\u00f6nt\u00e4aineita tai keinotekoisia lis\u00e4aineita. T\u00e4m\u00e4n j\u00e4lkeen tuote on valmis varastoitavaksi ja myyt\u00e4v\u00e4ksi.     <\/p>\n","protected":false},"excerpt":{"rendered":"<p>Tuote: Partajalkaiset simpukat oliivi\u00f6ljyss\u00e4 Eritelm\u00e4: Galician Riasin alueelta per\u00e4isin olevat tasakokoiset partaviinisimpukat (Ensis arcuatus) oliivi\u00f6ljyss\u00e4. Puhdistettu ja valittu k\u00e4sin jokaisessa purkissa. Ainesosat: 56,5 %, oliivi\u00f6ljy 43,5 % ja suola. Tuotantoprosessi: Kuten muutkin nilvi\u00e4iset, Galician Riasin alueelta ker\u00e4tyt partaveitsisimpukat k\u00e4yv\u00e4t l\u00e4pi puhdistusprosessin heti tehtaalle saapuessaan. Sen j\u00e4lkeen ne keitet\u00e4\u00e4n vedess\u00e4, jolla on oikeat hygienia- ja terveysominaisuudet; [&hellip;]<\/p>\n","protected":false},"featured_media":33943,"template":"","meta":{"_et_pb_use_builder":"","_et_pb_old_content":"","_et_gb_content_width":""},"product_brand":[1358],"product_cat":[7627,1945],"product_tag":[],"class_list":{"0":"post-33934","1":"product","2":"type-product","3":"status-publish","4":"has-post-thumbnail","6":"product_brand-areoso","7":"product_cat-partakoneet","8":"product_cat-sailyttaa","10":"first","11":"outofstock","12":"taxable","13":"shipping-taxable","14":"product-type-variable"},"_links":{"self":[{"href":"https:\/\/myspainfood.com\/fi\/wp-json\/wp\/v2\/product\/33934","targetHints":{"allow":["GET"]}}],"collection":[{"href":"https:\/\/myspainfood.com\/fi\/wp-json\/wp\/v2\/product"}],"about":[{"href":"https:\/\/myspainfood.com\/fi\/wp-json\/wp\/v2\/types\/product"}],"wp:featuredmedia":[{"embeddable":true,"href":"https:\/\/myspainfood.com\/fi\/wp-json\/wp\/v2\/media\/33943"}],"wp:attachment":[{"href":"https:\/\/myspainfood.com\/fi\/wp-json\/wp\/v2\/media?parent=33934"}],"wp:term":[{"taxonomy":"product_brand","embeddable":true,"href":"https:\/\/myspainfood.com\/fi\/wp-json\/wp\/v2\/product_brand?post=33934"},{"taxonomy":"product_cat","embeddable":true,"href":"https:\/\/myspainfood.com\/fi\/wp-json\/wp\/v2\/product_cat?post=33934"},{"taxonomy":"product_tag","embeddable":true,"href":"https:\/\/myspainfood.com\/fi\/wp-json\/wp\/v2\/product_tag?post=33934"}],"curies":[{"name":"wp","href":"https:\/\/api.w.org\/{rel}","templated":true}]}}