{"id":34115,"date":"2025-04-10T12:09:58","date_gmt":"2025-04-10T10:09:58","guid":{"rendered":"https:\/\/myspainfood.com\/producto\/banderillas-extra-mausteinen-chicon-900-gramman-pakkaus-6-kpl-6-kpl\/"},"modified":"2026-03-20T10:10:58","modified_gmt":"2026-03-20T09:10:58","slug":"banderillas-extra-mausteinen-chicon-900-gramman-pakkaus-6-kpl-6-kpl","status":"publish","type":"product","link":"https:\/\/myspainfood.com\/fi\/producto\/banderillas-extra-mausteinen-chicon-900-gramman-pakkaus-6-kpl-6-kpl\/","title":{"rendered":"Banderillas Extra (mausteinen) Chic\u00f3n 900 gramman pakkaus 6 kpl 6 kpl"},"content":{"rendered":"<p>Banderillas extra picantes ovat <a href=\"https:\/\/aceitunaschiconlebron.com\/catalogo\/banderillas-picantes\/\" target=\"_blank\" rel=\"noopener noreferrer nofollow\">suolakurkkuja<\/a>, joita nautitaan alkupalana joka p\u00e4iv\u00e4 ruokalajina maamme monissa kolkissa.<\/p>\n<p>Mausteisten banderillojemme maun antaa niiden ainesosien muodostama makujen sekoitus yhdess\u00e4 etikan ja chilin mausteisuuden kanssa, mik\u00e4 antaa mausteisten banderillojemme maulle erityisen maun.<\/p>\n<p>Mausteiset banderillat koostuvat yleens\u00e4 kurkuista, chilist\u00e4, sipulista, oliiveista ja paprikoista. Siksi n\u00e4iden makujen sekoitus on niin hieno. <\/p>\n<h3><strong>Eritt\u00e4in mausteisten Banderillojen edut<\/strong><\/h3>\n<p>Tiesitk\u00f6 mausteisten banderillojen ja suolakurkkujen hy\u00f6dyt yleens\u00e4? T\u00e4ss\u00e4 on luettelo t\u00e4rkeimmist\u00e4: <\/p>\n<ul>\n<li>Runsaasti probiootteja.<\/li>\n<li>Ne edist\u00e4v\u00e4t ruoansulatusta.<\/li>\n<li>Ne vahvistavat immuunij\u00e4rjestelm\u00e4\u00e4.<\/li>\n<li>Ne v\u00e4hent\u00e4v\u00e4t sokerinhimoa.<\/li>\n<li>Suotuisa sappirakolle.<\/li>\n<\/ul>\n<p>&nbsp;<\/p>\n<p>Jos haluat ostaa oliiveja tai muita <a href=\"https:\/\/latiendadesami.com\/categoria-producto\/encurtidos\/\" rel=\"noopener noreferrer nofollow\" target=\"_blank\">suolakurkkuja<\/a>, \u00e4l\u00e4 ep\u00e4r\u00f6i tutustua verkkoluetteloomme, josta n\u00e4et laajan valikoiman <a href=\"https:\/\/latiendadesami.com\/categoria-producto\/encurtidos\/aceitunas\/\" target=\"_blank\" rel=\"noopener noreferrer nofollow\">oliiveja<\/a>.<\/p>\n","protected":false},"excerpt":{"rendered":"<p>banderillas picante<\/p>\n<p>Riippuu m\u00e4\u00e4r\u00e4st\u00e4.<\/p>\n","protected":false},"featured_media":34121,"template":"","meta":{"_et_pb_use_builder":"","_et_pb_old_content":"","_et_gb_content_width":""},"product_brand":[1036],"product_cat":[3141,3003],"product_tag":[4119,2074],"class_list":{"0":"post-34115","1":"product","2":"type-product","3":"status-publish","4":"has-post-thumbnail","6":"product_brand-chicon","7":"product_cat-pikkelsia-fi","8":"product_cat-tukku","9":"product_tag-extra-fi","10":"product_tag-mausteinen","12":"first","13":"instock","14":"taxable","15":"shipping-taxable","16":"product-type-variable"},"_links":{"self":[{"href":"https:\/\/myspainfood.com\/fi\/wp-json\/wp\/v2\/product\/34115","targetHints":{"allow":["GET"]}}],"collection":[{"href":"https:\/\/myspainfood.com\/fi\/wp-json\/wp\/v2\/product"}],"about":[{"href":"https:\/\/myspainfood.com\/fi\/wp-json\/wp\/v2\/types\/product"}],"wp:featuredmedia":[{"embeddable":true,"href":"https:\/\/myspainfood.com\/fi\/wp-json\/wp\/v2\/media\/34121"}],"wp:attachment":[{"href":"https:\/\/myspainfood.com\/fi\/wp-json\/wp\/v2\/media?parent=34115"}],"wp:term":[{"taxonomy":"product_brand","embeddable":true,"href":"https:\/\/myspainfood.com\/fi\/wp-json\/wp\/v2\/product_brand?post=34115"},{"taxonomy":"product_cat","embeddable":true,"href":"https:\/\/myspainfood.com\/fi\/wp-json\/wp\/v2\/product_cat?post=34115"},{"taxonomy":"product_tag","embeddable":true,"href":"https:\/\/myspainfood.com\/fi\/wp-json\/wp\/v2\/product_tag?post=34115"}],"curies":[{"name":"wp","href":"https:\/\/api.w.org\/{rel}","templated":true}]}}