{"id":34216,"date":"2025-04-10T12:09:58","date_gmt":"2025-04-10T10:09:58","guid":{"rendered":"https:\/\/myspainfood.com\/producto\/chicon-extra-oliivit-kurkut-900-grammaa-pakkaus-6-kpl\/"},"modified":"2025-04-10T12:09:58","modified_gmt":"2025-04-10T10:09:58","slug":"chicon-extra-oliivit-kurkut-900-grammaa-pakkaus-6-kpl","status":"publish","type":"product","link":"https:\/\/myspainfood.com\/fi\/producto\/chicon-extra-oliivit-kurkut-900-grammaa-pakkaus-6-kpl\/","title":{"rendered":"Chic\u00f3n Extra Oliivit Kurkut 900 grammaa pakkaus 6 kpl"},"content":{"rendered":"<p><a href=\"https:\/\/aceitunaschiconlebron.com\/\" target=\"_blank\" rel=\"noopener noreferrer nofollow\">Chic\u00f3n<\/a> Extra -kurkut valmistetaan Antequerassa, Malagassa.<\/p>\n<p>Ne valmistetaan perinteisen reseptin mukaan ja k\u00e4sity\u00f6n\u00e4.<\/p>\n<p>Ne ovat erityisen pieni\u00e4, mureita kurkkuja, joissa on t\u00e4m\u00e4 kevyt ja ruokahalua her\u00e4tt\u00e4v\u00e4 etikkainen kosketus.<\/p>\n<p>Ainesosien makujen sekoitus ja ripaus etikkaa antavat sille erityisen maun, joka on eritt\u00e4in miellytt\u00e4v\u00e4 makuel\u00e4mys.<\/p>\n<p>Pikkelssit ovat immuunij\u00e4rjestelm\u00e4\u00e4 vahvistava v\u00e4lipala, mik\u00e4 tarkoittaa, ett\u00e4 ne tukevat elimist\u00f6n puolustuskyky\u00e4 ja yleist\u00e4 terveytt\u00e4.<\/p>\n<h3><strong>Extra-kurkkujen edut<\/strong><\/h3>\n<p>Tiesitk\u00f6 suolakurkkujen hy\u00f6dyist\u00e4 yleens\u00e4? T\u00e4ss\u00e4 on luettelo t\u00e4rkeimmist\u00e4: <\/p>\n<ul>\n<li>Runsaasti probiootteja.<\/li>\n<li>Ne edist\u00e4v\u00e4t ruoansulatusta.<\/li>\n<li>Ne vahvistavat immuunij\u00e4rjestelm\u00e4\u00e4.<\/li>\n<li>Ne v\u00e4hent\u00e4v\u00e4t sokerinhimoa.<\/li>\n<li>Suotuisa sappirakolle.<\/li>\n<\/ul>\n<p>Jos haluat ostaa oliiveja tai muita <a href=\"https:\/\/latiendadesami.com\/categoria-producto\/encurtidos\/\" rel=\"noopener noreferrer nofollow\" target=\"_blank\">suolakurkkuja<\/a>, \u00e4l\u00e4 ep\u00e4r\u00f6i tutustua verkkoluetteloomme, josta n\u00e4et laajan valikoiman <a href=\"https:\/\/latiendadesami.com\/categoria-producto\/encurtidos\/pepinillos\/\" target=\"_blank\" rel=\"noopener noreferrer nofollow\">oliiveja<\/a>.<\/p>\n","protected":false},"excerpt":{"rendered":"<p>Chic\u00f3n Extra -kurkut valmistetaan Antequerassa, Malagassa. Ne valmistetaan perinteisen reseptin mukaan ja k\u00e4sity\u00f6n\u00e4. Ne ovat erityisen pieni\u00e4, mureita kurkkuja, joissa on t\u00e4m\u00e4 kevyt ja ruokahalua her\u00e4tt\u00e4v\u00e4 etikkainen kosketus. Ainesosien makujen sekoitus ja ripaus etikkaa antavat sille erityisen maun, joka on eritt\u00e4in miellytt\u00e4v\u00e4 makuel\u00e4mys. Pikkelssit ovat immuunij\u00e4rjestelm\u00e4\u00e4 vahvistava v\u00e4lipala, mik\u00e4 tarkoittaa, ett\u00e4 ne tukevat elimist\u00f6n puolustuskyky\u00e4 [&hellip;]<\/p>\n","protected":false},"featured_media":34220,"template":"","meta":{"_et_pb_use_builder":"","_et_pb_old_content":"","_et_gb_content_width":""},"product_brand":[1036],"product_cat":[3141,3003],"product_tag":[4119],"class_list":{"0":"post-34216","1":"product","2":"type-product","3":"status-publish","4":"has-post-thumbnail","6":"product_brand-chicon","7":"product_cat-pikkelsia-fi","8":"product_cat-tukku","9":"product_tag-extra-fi","11":"first","12":"outofstock","13":"taxable","14":"shipping-taxable","15":"purchasable","16":"product-type-variable"},"_links":{"self":[{"href":"https:\/\/myspainfood.com\/fi\/wp-json\/wp\/v2\/product\/34216","targetHints":{"allow":["GET"]}}],"collection":[{"href":"https:\/\/myspainfood.com\/fi\/wp-json\/wp\/v2\/product"}],"about":[{"href":"https:\/\/myspainfood.com\/fi\/wp-json\/wp\/v2\/types\/product"}],"wp:featuredmedia":[{"embeddable":true,"href":"https:\/\/myspainfood.com\/fi\/wp-json\/wp\/v2\/media\/34220"}],"wp:attachment":[{"href":"https:\/\/myspainfood.com\/fi\/wp-json\/wp\/v2\/media?parent=34216"}],"wp:term":[{"taxonomy":"product_brand","embeddable":true,"href":"https:\/\/myspainfood.com\/fi\/wp-json\/wp\/v2\/product_brand?post=34216"},{"taxonomy":"product_cat","embeddable":true,"href":"https:\/\/myspainfood.com\/fi\/wp-json\/wp\/v2\/product_cat?post=34216"},{"taxonomy":"product_tag","embeddable":true,"href":"https:\/\/myspainfood.com\/fi\/wp-json\/wp\/v2\/product_tag?post=34216"}],"curies":[{"name":"wp","href":"https:\/\/api.w.org\/{rel}","templated":true}]}}