{"id":34333,"date":"2025-04-10T12:10:12","date_gmt":"2025-04-10T10:10:12","guid":{"rendered":"https:\/\/myspainfood.com\/producto\/norjalainen-savulohi-port-faroe-600-g\/"},"modified":"2026-03-17T10:42:48","modified_gmt":"2026-03-17T09:42:48","slug":"norjalainen-savulohi-port-faroe-600-g","status":"publish","type":"product","link":"https:\/\/myspainfood.com\/fi\/producto\/norjalainen-savulohi-port-faroe-600-g\/","title":{"rendered":"Norjalainen savulohi Port Faroe 600 g"},"content":{"rendered":"<p>Savustaminen on tekniikka, jota k\u00e4ytet\u00e4\u00e4n elintarvikkeiden s\u00e4il\u00f6miseen.<\/p>\n<p> Siin\u00e4 elintarvikkeet altistetaan savunl\u00e4hteelle, joka tulee v\u00e4h\u00e4n hartsia sis\u00e4lt\u00e4v\u00e4st\u00e4 puusta tehdyist\u00e4 tulipaloista.<\/p>\n<p> T\u00e4m\u00e4 prosessi antaa elintarvikkeelle s\u00e4ilymisen lis\u00e4ksi sen erikoisen savunmakuisen maun.<\/p>\n<p> Savustettu lohi on elintarvike, joka saadaan altistamalla lohi edell\u00e4 kuvatulle savustukselle, joka antaa sille pidemm\u00e4n s\u00e4ilyvyysajan ja erilaisen ja omaleimaisen maun.<\/p>\n<p>&nbsp;<\/p>\n","protected":false},"excerpt":{"rendered":"<p>Savustaminen on tekniikka, jota k\u00e4ytet\u00e4\u00e4n elintarvikkeiden s\u00e4il\u00f6miseen. Siin\u00e4 elintarvikkeet altistetaan savunl\u00e4hteelle, joka tulee v\u00e4h\u00e4n hartsia sis\u00e4lt\u00e4v\u00e4st\u00e4 puusta tehdyist\u00e4 tulipaloista. T\u00e4m\u00e4 prosessi antaa elintarvikkeelle s\u00e4ilymisen lis\u00e4ksi sen erikoisen savunmakuisen maun. Savustettu lohi on elintarvike, joka saadaan altistamalla lohi edell\u00e4 kuvatulle savustukselle, joka antaa sille pidemm\u00e4n s\u00e4ilyvyysajan ja erilaisen ja omaleimaisen maun. &nbsp;<\/p>\n","protected":false},"featured_media":34339,"template":"","meta":{"_et_pb_use_builder":"","_et_pb_old_content":"","_et_gb_content_width":""},"product_brand":[1361],"product_cat":[7763,1872,7765],"product_tag":[],"class_list":{"0":"post-34333","1":"product","2":"type-product","3":"status-publish","4":"has-post-thumbnail","6":"product_brand-ahumados-fernandez-molina","7":"product_cat-joulun-erikoisohjelma","8":"product_cat-kylma","9":"product_cat-lohi","10":"product_shipping_class-kylmalahetys","12":"first","13":"instock","14":"sale","15":"taxable","16":"shipping-taxable","17":"purchasable","18":"product-type-variable"},"_links":{"self":[{"href":"https:\/\/myspainfood.com\/fi\/wp-json\/wp\/v2\/product\/34333","targetHints":{"allow":["GET"]}}],"collection":[{"href":"https:\/\/myspainfood.com\/fi\/wp-json\/wp\/v2\/product"}],"about":[{"href":"https:\/\/myspainfood.com\/fi\/wp-json\/wp\/v2\/types\/product"}],"wp:featuredmedia":[{"embeddable":true,"href":"https:\/\/myspainfood.com\/fi\/wp-json\/wp\/v2\/media\/34339"}],"wp:attachment":[{"href":"https:\/\/myspainfood.com\/fi\/wp-json\/wp\/v2\/media?parent=34333"}],"wp:term":[{"taxonomy":"product_brand","embeddable":true,"href":"https:\/\/myspainfood.com\/fi\/wp-json\/wp\/v2\/product_brand?post=34333"},{"taxonomy":"product_cat","embeddable":true,"href":"https:\/\/myspainfood.com\/fi\/wp-json\/wp\/v2\/product_cat?post=34333"},{"taxonomy":"product_tag","embeddable":true,"href":"https:\/\/myspainfood.com\/fi\/wp-json\/wp\/v2\/product_tag?post=34333"}],"curies":[{"name":"wp","href":"https:\/\/api.w.org\/{rel}","templated":true}]}}