{"id":34745,"date":"2025-04-10T12:10:13","date_gmt":"2025-04-10T10:10:13","guid":{"rendered":"https:\/\/myspainfood.com\/producto\/flor-de-esgueva-viejo-juusto-32-kg\/"},"modified":"2025-06-24T13:45:22","modified_gmt":"2025-06-24T11:45:22","slug":"flor-de-esgueva-viejo-juusto-32-kg","status":"publish","type":"product","link":"https:\/\/myspainfood.com\/fi\/producto\/flor-de-esgueva-viejo-juusto-32-kg\/","title":{"rendered":"Flor de Esgueva Viejo juusto 3,2 kg"},"content":{"rendered":"<div class=\"et_pb_blurb_container\">\n<div class=\"et_pb_blurb_container\">\n<h1 class=\"vc_custom_heading\">Esgueva Viejon kukka<\/h1>\n<p class=\"vc_custom_heading us_custom_c587e30b\">Valmistetaan ainoastaan lampaan raakamaidosta ja kypsytet\u00e4\u00e4n luonnollisessa kuoressa v\u00e4hint\u00e4\u00e4n 7 kuukauden ajan.<\/p>\n<div class=\"wpb_text_column us_custom_afe9a513\">\n<div class=\"wpb_wrapper\">\n<p>T\u00e4m\u00e4 on t\u00e4ydellist\u00e4 voimakkuudeltaan ja koostumukseltaan. Se sopii hyvin juustojen yst\u00e4ville, jotka pit\u00e4v\u00e4t joustavasta ja l\u00e4hes sulavasta koostumuksesta, mutta eiv\u00e4t kuitenkaan menet\u00e4 suussa olevaa puhdasta lampaan makua ja voimakkuutta. Juuston j\u00e4lkimaku on pitk\u00e4 ja kest\u00e4v\u00e4, ja se j\u00e4tt\u00e4\u00e4 miellytt\u00e4v\u00e4n tunteen muutamaksi minuutiksi.  <\/p>\n<\/div>\n<\/div>\n<\/div>\n<\/div>\n","protected":false},"excerpt":{"rendered":"<p>Esgueva Viejon kukka Valmistetaan ainoastaan lampaan raakamaidosta ja kypsytet\u00e4\u00e4n luonnollisessa kuoressa v\u00e4hint\u00e4\u00e4n 7 kuukauden ajan. T\u00e4m\u00e4 on t\u00e4ydellist\u00e4 voimakkuudeltaan ja koostumukseltaan. Se sopii hyvin juustojen yst\u00e4ville, jotka pit\u00e4v\u00e4t joustavasta ja l\u00e4hes sulavasta koostumuksesta, mutta eiv\u00e4t kuitenkaan menet\u00e4 suussa olevaa puhdasta lampaan makua ja voimakkuutta. Juuston j\u00e4lkimaku on pitk\u00e4 ja kest\u00e4v\u00e4, ja se j\u00e4tt\u00e4\u00e4 miellytt\u00e4v\u00e4n tunteen [&hellip;]<\/p>\n","protected":false},"featured_media":34753,"template":"","meta":{"_et_pb_use_builder":"","_et_pb_old_content":"","_et_gb_content_width":""},"product_brand":[1367],"product_cat":[2301,2738,1872],"product_tag":[],"class_list":{"0":"post-34745","1":"product","2":"type-product","3":"status-publish","4":"has-post-thumbnail","6":"product_brand-flor-de-esgueva","7":"product_cat-juustoa-ja-makkaraa","8":"product_cat-kovettuminen","9":"product_cat-kylma","10":"product_shipping_class-kylmalahetys","12":"first","13":"outofstock","14":"taxable","15":"shipping-taxable","16":"purchasable","17":"product-type-variable"},"_links":{"self":[{"href":"https:\/\/myspainfood.com\/fi\/wp-json\/wp\/v2\/product\/34745","targetHints":{"allow":["GET"]}}],"collection":[{"href":"https:\/\/myspainfood.com\/fi\/wp-json\/wp\/v2\/product"}],"about":[{"href":"https:\/\/myspainfood.com\/fi\/wp-json\/wp\/v2\/types\/product"}],"wp:featuredmedia":[{"embeddable":true,"href":"https:\/\/myspainfood.com\/fi\/wp-json\/wp\/v2\/media\/34753"}],"wp:attachment":[{"href":"https:\/\/myspainfood.com\/fi\/wp-json\/wp\/v2\/media?parent=34745"}],"wp:term":[{"taxonomy":"product_brand","embeddable":true,"href":"https:\/\/myspainfood.com\/fi\/wp-json\/wp\/v2\/product_brand?post=34745"},{"taxonomy":"product_cat","embeddable":true,"href":"https:\/\/myspainfood.com\/fi\/wp-json\/wp\/v2\/product_cat?post=34745"},{"taxonomy":"product_tag","embeddable":true,"href":"https:\/\/myspainfood.com\/fi\/wp-json\/wp\/v2\/product_tag?post=34745"}],"curies":[{"name":"wp","href":"https:\/\/api.w.org\/{rel}","templated":true}]}}