{"id":34824,"date":"2025-04-10T12:09:51","date_gmt":"2025-04-10T10:09:51","guid":{"rendered":"https:\/\/myspainfood.com\/producto\/viini-cucamonas-verdejo-de-rueda-2022-bodegas-gotica-120-pulloa-120-pulloa\/"},"modified":"2025-04-10T12:09:51","modified_gmt":"2025-04-10T10:09:51","slug":"viini-cucamonas-verdejo-de-rueda-2022-bodegas-gotica-120-pulloa-120-pulloa","status":"publish","type":"product","link":"https:\/\/myspainfood.com\/fi\/producto\/viini-cucamonas-verdejo-de-rueda-2022-bodegas-gotica-120-pulloa-120-pulloa\/","title":{"rendered":"Viini Cucamonas verdejo de Rueda 2022 bodegas G\u00f3tica 120 pulloa 120 pulloa"},"content":{"rendered":"<p><strong>Verdejo - <em>100% Verdejo<\/em><\/strong><\/p>\n<p>100 % Verdejo-ryp\u00e4leist\u00e4, DO:n p\u00e4\u00e4lajikkeesta. Rueda. Se tuottaa korkealaatuisia viinej\u00e4, jotka ovat raikkaita, hyvin hedelm\u00e4isi\u00e4, v\u00e4rilt\u00e4\u00e4n vihert\u00e4v\u00e4nkeltaisia, sitruksisia, t\u00e4ytel\u00e4isi\u00e4 ja hyvin glyseriinisi\u00e4.  <\/p>\n<p>&nbsp;<\/p>\n","protected":false},"excerpt":{"rendered":"<p>Cucamonas Verdejo Rueda 2022<\/p>\n","protected":false},"featured_media":34825,"template":"","meta":{"_et_pb_use_builder":"","_et_pb_old_content":"","_et_gb_content_width":""},"product_brand":[1140],"product_cat":[4907,3003,4909],"product_tag":[7099,7101],"class_list":{"0":"post-34824","1":"product","2":"type-product","3":"status-publish","4":"has-post-thumbnail","6":"product_brand-ladera-de-los-obispos","7":"product_cat-juomat","8":"product_cat-tukku","9":"product_cat-viini","10":"product_tag-goottilainen","11":"product_tag-pyora","13":"first","14":"outofstock","15":"featured","16":"taxable","17":"shipping-taxable","18":"purchasable","19":"product-type-simple"},"_links":{"self":[{"href":"https:\/\/myspainfood.com\/fi\/wp-json\/wp\/v2\/product\/34824","targetHints":{"allow":["GET"]}}],"collection":[{"href":"https:\/\/myspainfood.com\/fi\/wp-json\/wp\/v2\/product"}],"about":[{"href":"https:\/\/myspainfood.com\/fi\/wp-json\/wp\/v2\/types\/product"}],"wp:featuredmedia":[{"embeddable":true,"href":"https:\/\/myspainfood.com\/fi\/wp-json\/wp\/v2\/media\/34825"}],"wp:attachment":[{"href":"https:\/\/myspainfood.com\/fi\/wp-json\/wp\/v2\/media?parent=34824"}],"wp:term":[{"taxonomy":"product_brand","embeddable":true,"href":"https:\/\/myspainfood.com\/fi\/wp-json\/wp\/v2\/product_brand?post=34824"},{"taxonomy":"product_cat","embeddable":true,"href":"https:\/\/myspainfood.com\/fi\/wp-json\/wp\/v2\/product_cat?post=34824"},{"taxonomy":"product_tag","embeddable":true,"href":"https:\/\/myspainfood.com\/fi\/wp-json\/wp\/v2\/product_tag?post=34824"}],"curies":[{"name":"wp","href":"https:\/\/api.w.org\/{rel}","templated":true}]}}