{"id":36775,"date":"2025-04-10T12:11:40","date_gmt":"2025-04-10T10:11:40","guid":{"rendered":"https:\/\/myspainfood.com\/producto\/andalusialainen-gazpacho-ekstra-neitsytoliivioljylla-arteoliva-1-litraa\/"},"modified":"2026-01-29T12:31:42","modified_gmt":"2026-01-29T11:31:42","slug":"andalusialainen-gazpacho-ekstra-neitsytoliivioljylla-arteoliva-1-litraa","status":"publish","type":"product","link":"https:\/\/myspainfood.com\/fi\/producto\/andalusialainen-gazpacho-ekstra-neitsytoliivioljylla-arteoliva-1-litraa\/","title":{"rendered":"Andalusialainen Gazpacho ekstra-neitsytoliivi\u00f6ljyll\u00e4 ARTEOLIVA 1 litraa"},"content":{"rendered":"<p>Se on tuote, joka noudattaa uskollisesti aidon andalusialaisen gazpachon perinteist\u00e4 resepti\u00e4. Se sis\u00e4lt\u00e4\u00e4 korkealaatuisia tuoreita vihanneksia, kuten tomaattia, kurkkua, paprikaa, valkosipulia, ekstra-neitsytoliivi\u00f6ljy\u00e4 ja leip\u00e4\u00e4, sherry-etikkaa, vett\u00e4 ja merisuolaa. Muista markkinoilla olevista tuotteista poiketen ArteOliva gazpacho sis\u00e4lt\u00e4\u00e4 enemm\u00e4n ekstra-neitsytoliivi\u00f6ljy\u00e4 ja leip\u00e4\u00e4, jota pidet\u00e4\u00e4n perinteisen reseptin olennaisena ainesosana.  <\/p>\n","protected":false},"excerpt":{"rendered":"<p>Se on tuote, joka noudattaa uskollisesti aidon andalusialaisen gazpachon perinteist\u00e4 resepti\u00e4. Se sis\u00e4lt\u00e4\u00e4 korkealaatuisia tuoreita vihanneksia, kuten tomaattia, kurkkua, paprikaa, valkosipulia, ekstra-neitsytoliivi\u00f6ljy\u00e4 ja leip\u00e4\u00e4, sherry-etikkaa, vett\u00e4 ja merisuolaa. Muista markkinoilla olevista tuotteista poiketen ArteOliva gazpacho sis\u00e4lt\u00e4\u00e4 enemm\u00e4n ekstra-neitsytoliivi\u00f6ljy\u00e4 ja leip\u00e4\u00e4, jota pidet\u00e4\u00e4n perinteisen reseptin olennaisena ainesosana.<\/p>\n","protected":false},"featured_media":36777,"template":"","meta":{"_et_pb_use_builder":"","_et_pb_old_content":"","_et_gb_content_width":""},"product_brand":[1457],"product_cat":[2497,4907,1945],"product_tag":[],"class_list":{"0":"post-36775","1":"product","2":"type-product","3":"status-publish","4":"has-post-thumbnail","6":"product_brand-arteoliva","7":"product_cat-ekstra-neitsytoliivi","8":"product_cat-juomat","9":"product_cat-sailyttaa","11":"first","12":"outofstock","13":"taxable","14":"shipping-taxable","15":"product-type-variable"},"_links":{"self":[{"href":"https:\/\/myspainfood.com\/fi\/wp-json\/wp\/v2\/product\/36775","targetHints":{"allow":["GET"]}}],"collection":[{"href":"https:\/\/myspainfood.com\/fi\/wp-json\/wp\/v2\/product"}],"about":[{"href":"https:\/\/myspainfood.com\/fi\/wp-json\/wp\/v2\/types\/product"}],"wp:featuredmedia":[{"embeddable":true,"href":"https:\/\/myspainfood.com\/fi\/wp-json\/wp\/v2\/media\/36777"}],"wp:attachment":[{"href":"https:\/\/myspainfood.com\/fi\/wp-json\/wp\/v2\/media?parent=36775"}],"wp:term":[{"taxonomy":"product_brand","embeddable":true,"href":"https:\/\/myspainfood.com\/fi\/wp-json\/wp\/v2\/product_brand?post=36775"},{"taxonomy":"product_cat","embeddable":true,"href":"https:\/\/myspainfood.com\/fi\/wp-json\/wp\/v2\/product_cat?post=36775"},{"taxonomy":"product_tag","embeddable":true,"href":"https:\/\/myspainfood.com\/fi\/wp-json\/wp\/v2\/product_tag?post=36775"}],"curies":[{"name":"wp","href":"https:\/\/api.w.org\/{rel}","templated":true}]}}