{"id":37545,"date":"2025-04-10T12:05:45","date_gmt":"2025-04-10T10:05:45","guid":{"rendered":"https:\/\/myspainfood.com\/producto\/munakokkelia-45-kg\/"},"modified":"2025-04-10T12:05:45","modified_gmt":"2025-04-10T10:05:45","slug":"munakokkelia-45-kg","status":"publish","type":"product","link":"https:\/\/myspainfood.com\/fi\/producto\/munakokkelia-45-kg\/","title":{"rendered":"Munakokkelia 4,5 kg"},"content":{"rendered":"<p>T\u00e4m\u00e4 4,5 kg:n veteen, suolaan ja etikkaan sekoitettu suolakurkku sis\u00e4lt\u00e4\u00e4 oliiveja, sipulia ja kurkkuja.<\/p>\n<p>T\u00e4m\u00e4 oliivien ja suolakurkkujen <a href=\"https:\/\/www.google.com\/search?q=revuelto+aceitunas+s%C3%A1ngar&amp;sxsrf=APq-WBt1wkTZta0IAEDoueZPBxEuaY8Dtw:1644308614563&amp;source=lnms&amp;tbm=isch&amp;sa=X&amp;ved=2ahUKEwjouvz21u_1AhVV_rsIHacjBd0Q_AUoAXoECAEQAw&amp;biw=1577&amp;bih=780&amp;dpr=1\" target=\"_blank\" rel=\"noopener noreferrer nofollow\">yhdistelm\u00e4<\/a> mahdollistaa ly\u00f6m\u00e4tt\u00f6m\u00e4n maun nauttimisen tapaksissa tai alkupaloissa.<\/p>\n<p>Se on eritt\u00e4in terveellinen lis\u00e4 perinteiseen ravitsevaan V\u00e4limeren ruokavalioon.<\/p>\n<p>Espanjassa k\u00e4ytet\u00e4\u00e4n oliiveja, kurkkuja, almagro-munakoisoja, porkkanoita, sipuleita, hyvin perinteisi\u00e4 kapriksia, valkosipulia tai jopa niiden sekoitusta.<\/p>\n<p>Niit\u00e4 tarjoillaan usein tapaksina oluen kanssa (ei viinin, koska ne sis\u00e4lt\u00e4v\u00e4t etikkaa).<\/p>\n<p>Suolakurkkujen k\u00e4ytt\u00f6 on muuttunut ikivanhasta ruoan s\u00e4il\u00f6nt\u00e4tekniikasta kaikkialla maailmassa yhdeksi Espanjan gastronomian suosituimmista tapaksista tai alkupaloista.<\/p>\n<h3><strong>Munakokkelin 4.5kg edut<\/strong><\/h3>\n<p>Tiesitk\u00f6, mit\u00e4 hy\u00f6ty\u00e4 4,5 kg:n munakokkelista ja suolakurkuista yleens\u00e4 on? T\u00e4ss\u00e4 on luettelo t\u00e4rkeimmist\u00e4: <\/p>\n<ul>\n<li>Runsaasti probiootteja.<\/li>\n<li>Ne edist\u00e4v\u00e4t ruoansulatusta.<\/li>\n<li>Ne vahvistavat immuunij\u00e4rjestelm\u00e4\u00e4.<\/li>\n<li>Ne v\u00e4hent\u00e4v\u00e4t sokerinhimoa.<\/li>\n<li>Suotuisa sappirakolle.<\/li>\n<\/ul>\n<p>&nbsp;<\/p>\n<p>Jos haluat ostaa oliiveja tai muita <a href=\"https:\/\/latiendadesami.com\/categoria-producto\/encurtidos\/\" rel=\"noopener noreferrer nofollow\" target=\"_blank\">suolakurkkuja<\/a>, \u00e4l\u00e4 ep\u00e4r\u00f6i vilkaista verkkoluetteloamme n\u00e4hd\u00e4ksesi laajan valikoiman <a href=\"https:\/\/latiendadesami.com\/categoria-producto\/encurtidos\/aceitunas\/\" target=\"_blank\" rel=\"noopener noreferrer nofollow\">oliiveja<\/a> tai Revuelto 4,5kg, joita meill\u00e4 on.<\/p>\n<p>Kirjoita meille saadaksesi lis\u00e4tietoja.<\/p>\n","protected":false},"excerpt":{"rendered":"<p>T\u00e4m\u00e4 4,5 kg:n veteen, suolaan ja etikkaan sekoitettu suolakurkku sis\u00e4lt\u00e4\u00e4 oliiveja, sipulia ja kurkkuja. T\u00e4m\u00e4 oliivien ja suolakurkkujen yhdistelm\u00e4 mahdollistaa ly\u00f6m\u00e4tt\u00f6m\u00e4n maun nauttimisen tapaksissa tai alkupaloissa. Se on eritt\u00e4in terveellinen lis\u00e4 perinteiseen ravitsevaan V\u00e4limeren ruokavalioon. Espanjassa k\u00e4ytet\u00e4\u00e4n oliiveja, kurkkuja, almagro-munakoisoja, porkkanoita, sipuleita, hyvin perinteisi\u00e4 kapriksia, valkosipulia tai jopa niiden sekoitusta. Niit\u00e4 tarjoillaan usein tapaksina oluen [&hellip;]<\/p>\n","protected":false},"featured_media":37546,"template":"","meta":{"_et_pb_use_builder":"","_et_pb_old_content":"","_et_gb_content_width":""},"product_brand":[1069],"product_cat":[2000,1781,1779],"product_tag":[8147],"class_list":{"0":"post-37545","1":"product","2":"type-product","3":"status-publish","4":"has-post-thumbnail","6":"product_brand-sangar","7":"product_cat-kurkut","8":"product_cat-oliivit","9":"product_cat-pikkelsia","10":"product_tag-munakokkelia","12":"first","13":"outofstock","14":"taxable","15":"shipping-taxable","16":"purchasable","17":"product-type-simple"},"_links":{"self":[{"href":"https:\/\/myspainfood.com\/fi\/wp-json\/wp\/v2\/product\/37545","targetHints":{"allow":["GET"]}}],"collection":[{"href":"https:\/\/myspainfood.com\/fi\/wp-json\/wp\/v2\/product"}],"about":[{"href":"https:\/\/myspainfood.com\/fi\/wp-json\/wp\/v2\/types\/product"}],"wp:featuredmedia":[{"embeddable":true,"href":"https:\/\/myspainfood.com\/fi\/wp-json\/wp\/v2\/media\/37546"}],"wp:attachment":[{"href":"https:\/\/myspainfood.com\/fi\/wp-json\/wp\/v2\/media?parent=37545"}],"wp:term":[{"taxonomy":"product_brand","embeddable":true,"href":"https:\/\/myspainfood.com\/fi\/wp-json\/wp\/v2\/product_brand?post=37545"},{"taxonomy":"product_cat","embeddable":true,"href":"https:\/\/myspainfood.com\/fi\/wp-json\/wp\/v2\/product_cat?post=37545"},{"taxonomy":"product_tag","embeddable":true,"href":"https:\/\/myspainfood.com\/fi\/wp-json\/wp\/v2\/product_tag?post=37545"}],"curies":[{"name":"wp","href":"https:\/\/api.w.org\/{rel}","templated":true}]}}