{"id":37549,"date":"2025-04-10T12:05:09","date_gmt":"2025-04-10T10:05:09","guid":{"rendered":"https:\/\/myspainfood.com\/producto\/valkoinen-valkosipuli-900-gr-chicon\/"},"modified":"2026-03-22T18:06:13","modified_gmt":"2026-03-22T17:06:13","slug":"valkoinen-valkosipuli-900-gr-chicon","status":"publish","type":"product","link":"https:\/\/myspainfood.com\/fi\/producto\/valkoinen-valkosipuli-900-gr-chicon\/","title":{"rendered":"Valkoinen valkosipuli 900 gr Chic\u00f3n"},"content":{"rendered":"<p><strong>Valkoinen valkosipuli \u00f6ljyss\u00e4<\/strong>, joka on kuorittu, k\u00e4sitelty ja kovetettu pehment\u00e4m\u00e4\u00e4n sen luonnollista makua s\u00e4ilytt\u00e4en sen alkuper\u00e4iset ominaisuudet.<\/p>\n<p>Valkosipuli \u00f6ljyss\u00e4 on herkkua makuhermoille, joko alkupalana tai parhaiden ruokien lisukkeena.<\/p>\n<h3><strong>Valkoisen valkosipulin <a href=\"https:\/\/aceitunaschiconlebron.com\/catalogo\/ajos-en-aceite\/\" target=\"_blank\" rel=\"noopener noreferrer nofollow\">\u00f6ljyn<\/a> edut<\/strong><\/h3>\n<p>Tied\u00e4tk\u00f6, mitk\u00e4 ovat valkosipulin t\u00e4rkeimm\u00e4t edut \u00f6ljyss\u00e4 suolakurkkuina? No, monien muiden ominaisuuksien lis\u00e4ksi ne sis\u00e4lt\u00e4v\u00e4t runsaasti probiootteja, vahvistavat immuunij\u00e4rjestelm\u00e4\u00e4 ja jopa edist\u00e4v\u00e4t ruoansulatusta. <\/p>\n<p>Suolakurkkujen merkitys on kasvanut muinaisesta ruoan s\u00e4il\u00f6nt\u00e4tekniikasta kaikkialla maailmassa yhdeksi espanjalaisen gastronomian arvostetuimmista tapaksista tai alkupaloista. Herkullisen <strong>valkosipulin \u00f6ljyss\u00e4<\/strong> lis\u00e4ksi l\u00f6yd\u00e4t verkkoluettelostamme my\u00f6s muita suolakurkkutyyppej\u00e4, kuten kapriksia, makeaa banderillaa tai mausteista banderillaa. <\/p>\n<h3><strong>Ominaisuudet Pikkel\u00f6ity valkosipuli<\/strong><\/h3>\n<p>Sill\u00e4 on <strong>antibioottisia ominaisuuksia<\/strong>. Valkosipuli\u00f6ljy tappaa monenlaisia mikrobeja, kuten viruksia, bakteereja, sieni\u00e4 ja loisia. <\/p>\n<p>Se on <strong>ruohonjuurta kuivattava<\/strong>, C-vitamiinin, entsyymien ja kivenn\u00e4isaineiden l\u00e4hde, joka auttaa vahvistamaan elimist\u00f6n puolustuskyky\u00e4 ja vastustuskyky\u00e4.<\/p>\n<p><strong>Valkosipuli \u00f6ljyss\u00e4 suojaa syd\u00e4nt\u00e4<\/strong> syd\u00e4n- ja verisuoniongelmilta, kuten syd\u00e4nkohtauksilta ja ateroskleroosilta.<\/p>\n<p>Toinen <strong>peitatun valkosipulin ominaisuus<\/strong> on se, ett\u00e4 se alentaa kolesterolia, sill\u00e4 se kykenee alentamaan kohtalaisesti veren triglyseridej\u00e4 ja kokonaiskolesterolia, mik\u00e4 voi v\u00e4hent\u00e4\u00e4 valtimoiden plakkia.<\/p>\n<p>Lyhyesti sanottuna valkosipulilla \u00f6ljyss\u00e4 tai <a href=\"https:\/\/latiendadesami.com\/categoria-producto\/encurtidos\/\" target=\"_blank\" rel=\"noopener noreferrer nofollow\">marinoituna<\/a> valkosipulilla on useita ominaisuuksia ja hy\u00f6tyj\u00e4 ihmisten terveydelle.<\/p>\n","protected":false},"excerpt":{"rendered":"<p>Valkoinen valkosipuli \u00f6ljyss\u00e4, joka on kuorittu, k\u00e4sitelty ja kovetettu pehment\u00e4m\u00e4\u00e4n sen luonnollista makua s\u00e4ilytt\u00e4en sen alkuper\u00e4iset ominaisuudet. Valkosipuli \u00f6ljyss\u00e4 on herkkua makuhermoille, joko alkupalana tai parhaiden ruokien lisukkeena. Valkoisen valkosipulin \u00f6ljyn edut Tied\u00e4tk\u00f6, mitk\u00e4 ovat valkosipulin t\u00e4rkeimm\u00e4t edut \u00f6ljyss\u00e4 suolakurkkuina? No, monien muiden ominaisuuksien lis\u00e4ksi ne sis\u00e4lt\u00e4v\u00e4t runsaasti probiootteja, vahvistavat immuunij\u00e4rjestelm\u00e4\u00e4 ja jopa edist\u00e4v\u00e4t ruoansulatusta. [&hellip;]<\/p>\n","protected":false},"featured_media":37551,"template":"","meta":{"_et_pb_use_builder":"","_et_pb_old_content":"","_et_gb_content_width":""},"product_brand":[1036],"product_cat":[1779,3911],"product_tag":[4186,3912],"class_list":{"0":"post-37549","1":"product","2":"type-product","3":"status-publish","4":"has-post-thumbnail","6":"product_brand-chicon","7":"product_cat-pikkelsia","8":"product_cat-valkosipuli","9":"product_tag-valkoinen","10":"product_tag-valkosipuli","12":"first","13":"instock","14":"taxable","15":"shipping-taxable","16":"purchasable","17":"product-type-variable"},"_links":{"self":[{"href":"https:\/\/myspainfood.com\/fi\/wp-json\/wp\/v2\/product\/37549","targetHints":{"allow":["GET"]}}],"collection":[{"href":"https:\/\/myspainfood.com\/fi\/wp-json\/wp\/v2\/product"}],"about":[{"href":"https:\/\/myspainfood.com\/fi\/wp-json\/wp\/v2\/types\/product"}],"wp:featuredmedia":[{"embeddable":true,"href":"https:\/\/myspainfood.com\/fi\/wp-json\/wp\/v2\/media\/37551"}],"wp:attachment":[{"href":"https:\/\/myspainfood.com\/fi\/wp-json\/wp\/v2\/media?parent=37549"}],"wp:term":[{"taxonomy":"product_brand","embeddable":true,"href":"https:\/\/myspainfood.com\/fi\/wp-json\/wp\/v2\/product_brand?post=37549"},{"taxonomy":"product_cat","embeddable":true,"href":"https:\/\/myspainfood.com\/fi\/wp-json\/wp\/v2\/product_cat?post=37549"},{"taxonomy":"product_tag","embeddable":true,"href":"https:\/\/myspainfood.com\/fi\/wp-json\/wp\/v2\/product_tag?post=37549"}],"curies":[{"name":"wp","href":"https:\/\/api.w.org\/{rel}","templated":true}]}}