{"id":37619,"date":"2025-04-10T12:08:46","date_gmt":"2025-04-10T10:08:46","guid":{"rendered":"https:\/\/myspainfood.com\/producto\/kolminkertainen-sardelli-55-kpl\/"},"modified":"2026-04-24T07:38:48","modified_gmt":"2026-04-24T05:38:48","slug":"kolminkertainen-sardelli-55-kpl","status":"publish","type":"product","link":"https:\/\/myspainfood.com\/fi\/producto\/kolminkertainen-sardelli-55-kpl\/","title":{"rendered":"Kolminkertainen sardelli 55 kpl"},"content":{"rendered":"<p>\u00d6ljy\u00e4 (85 % auringonkukka\u00f6ljy\u00e4, 15 % oliivi\u00f6ljy\u00e4), <strong>anjoviksilla<\/strong> t\u00e4ytettyj\u00e4 oliiveja,<strong> anjoviksia<\/strong> etikassa ja piparraa.<\/p>\n","protected":false},"excerpt":{"rendered":"<p>\u00d6ljy\u00e4 (85 % auringonkukka\u00f6ljy\u00e4, 15 % oliivi\u00f6ljy\u00e4), anjoviksilla t\u00e4ytettyj\u00e4 oliiveja, anjoviksia etikassa ja piparraa.<\/p>\n","protected":false},"featured_media":37624,"template":"","meta":{"_et_pb_use_builder":"","_et_pb_old_content":"","_et_gb_content_width":""},"product_brand":[],"product_cat":[1872,1781,1779,1874,1896,1873],"product_tag":[],"class_list":{"0":"post-37619","1":"product","2":"type-product","3":"status-publish","4":"has-post-thumbnail","6":"product_cat-kylma","7":"product_cat-oliivit","8":"product_cat-pikkelsia","9":"product_cat-pintxos-fi","10":"product_cat-sardellit-fi","11":"product_cat-sardellit","12":"product_shipping_class-kylmalahetys","14":"first","15":"instock","16":"taxable","17":"shipping-taxable","18":"purchasable","19":"product-type-simple"},"_links":{"self":[{"href":"https:\/\/myspainfood.com\/fi\/wp-json\/wp\/v2\/product\/37619","targetHints":{"allow":["GET"]}}],"collection":[{"href":"https:\/\/myspainfood.com\/fi\/wp-json\/wp\/v2\/product"}],"about":[{"href":"https:\/\/myspainfood.com\/fi\/wp-json\/wp\/v2\/types\/product"}],"wp:featuredmedia":[{"embeddable":true,"href":"https:\/\/myspainfood.com\/fi\/wp-json\/wp\/v2\/media\/37624"}],"wp:attachment":[{"href":"https:\/\/myspainfood.com\/fi\/wp-json\/wp\/v2\/media?parent=37619"}],"wp:term":[{"taxonomy":"product_brand","embeddable":true,"href":"https:\/\/myspainfood.com\/fi\/wp-json\/wp\/v2\/product_brand?post=37619"},{"taxonomy":"product_cat","embeddable":true,"href":"https:\/\/myspainfood.com\/fi\/wp-json\/wp\/v2\/product_cat?post=37619"},{"taxonomy":"product_tag","embeddable":true,"href":"https:\/\/myspainfood.com\/fi\/wp-json\/wp\/v2\/product_tag?post=37619"}],"curies":[{"name":"wp","href":"https:\/\/api.w.org\/{rel}","templated":true}]}}