{"id":37871,"date":"2025-04-10T12:10:09","date_gmt":"2025-04-10T10:10:09","guid":{"rendered":"https:\/\/myspainfood.com\/producto\/lajitelma-perinteisia-gourmet-cazorla-pateeta-gourmet-cazorla-pates\/"},"modified":"2025-04-10T12:10:09","modified_gmt":"2025-04-10T10:10:09","slug":"lajitelma-perinteisia-gourmet-cazorla-pateeta-gourmet-cazorla-pates","status":"publish","type":"product","link":"https:\/\/myspainfood.com\/fi\/producto\/lajitelma-perinteisia-gourmet-cazorla-pateeta-gourmet-cazorla-pates\/","title":{"rendered":"Lajitelma perinteisi\u00e4 Gourmet Cazorla -pateeta (Gourmet Cazorla P\u00e2t\u00e9s)"},"content":{"rendered":"<p>T\u00e4m\u00e4 laatikko sis\u00e4lt\u00e4\u00e4 6 pasteijaa perinteisest\u00e4 Gourmet Cazorla -sarjasta.<\/p>\n<p> T\u00e4ydellinen lahja l\u00e4heisillesi&#8230;.<\/p>\n","protected":false},"excerpt":{"rendered":"<p>T\u00e4m\u00e4 laatikko sis\u00e4lt\u00e4\u00e4 6 pasteijaa perinteisest\u00e4 Gourmet Cazorla -sarjasta. T\u00e4ydellinen lahja l\u00e4heisillesi&#8230;.<\/p>\n","protected":false},"featured_media":37873,"template":"","meta":{"_et_pb_use_builder":"","_et_pb_old_content":"","_et_gb_content_width":""},"product_brand":[],"product_cat":[8192,1945],"product_tag":[],"class_list":{"0":"post-37871","1":"product","2":"type-product","3":"status-publish","4":"has-post-thumbnail","6":"product_cat-pate-fi","7":"product_cat-sailyttaa","9":"first","10":"instock","11":"taxable","12":"shipping-taxable","13":"purchasable","14":"product-type-simple"},"_links":{"self":[{"href":"https:\/\/myspainfood.com\/fi\/wp-json\/wp\/v2\/product\/37871","targetHints":{"allow":["GET"]}}],"collection":[{"href":"https:\/\/myspainfood.com\/fi\/wp-json\/wp\/v2\/product"}],"about":[{"href":"https:\/\/myspainfood.com\/fi\/wp-json\/wp\/v2\/types\/product"}],"wp:featuredmedia":[{"embeddable":true,"href":"https:\/\/myspainfood.com\/fi\/wp-json\/wp\/v2\/media\/37873"}],"wp:attachment":[{"href":"https:\/\/myspainfood.com\/fi\/wp-json\/wp\/v2\/media?parent=37871"}],"wp:term":[{"taxonomy":"product_brand","embeddable":true,"href":"https:\/\/myspainfood.com\/fi\/wp-json\/wp\/v2\/product_brand?post=37871"},{"taxonomy":"product_cat","embeddable":true,"href":"https:\/\/myspainfood.com\/fi\/wp-json\/wp\/v2\/product_cat?post=37871"},{"taxonomy":"product_tag","embeddable":true,"href":"https:\/\/myspainfood.com\/fi\/wp-json\/wp\/v2\/product_tag?post=37871"}],"curies":[{"name":"wp","href":"https:\/\/api.w.org\/{rel}","templated":true}]}}